{"id":38614,"date":"2026-02-27T00:44:55","date_gmt":"2026-02-27T00:44:55","guid":{"rendered":"https:\/\/nordicmart.andreevmaster.com\/product\/songmics-puutarhatrampoliini-o-305-cm\/"},"modified":"2026-02-27T10:00:14","modified_gmt":"2026-02-27T10:00:14","slug":"songmics-puutarhatrampoliini-o-305-cm","status":"publish","type":"product","link":"https:\/\/nordicmart.andreevmaster.com\/fi\/tuote\/songmics-puutarhatrampoliini-o-305-cm\/","title":{"rendered":"SONGMICS puutarhatrampoliini \u00d8 305 cm"},"content":{"rendered":"<p>Hauskaa puutarhassa2020 t\u00e4ysin uusi markkinoille tuotu SONGMICS-trampoliini tarjoaa sinulle ja perheellesi ensiluokkaisen pomppukokemuksen. Koska turvallisuus on meille ensisijaisen t\u00e4rke\u00e4\u00e4, galvanoitu ja jauhemaalattu alusta on vakaa ja ruostumaton. Nelj\u00e4 W-muotoista tukijalkaa pit\u00e4v\u00e4t hyppymaton tasapainossa. T\u00e4m\u00e4 hyppylaite on tietysti erinomainen lahja lapsillesi. Mutta tietysti voit my\u00f6s itse hyp\u00e4t\u00e4, sill\u00e4 trampoliini kest\u00e4\u00e4 jopa 150 kg:n painon. Toimitukseen sis\u00e4ltyy hyppymatto, reunapeite, turvaverkko, tukitangot ja tikkaat \u2013 kaikki mit\u00e4 tarvitset hauskanpitoon ulkona!Tekniset tiedot: Maksimikuormitus: 150 kg Korkeus maanpinnan ja trampoliinin pinnan v\u00e4lill\u00e4: noin 76 cm Valmistettu korkealaatuisesta, ruostumattomasta galvanoidusta ter\u00e4sputkesta 64 galvanoitua ter\u00e4sjousia Vedenpit\u00e4v\u00e4 ja UV-kest\u00e4v\u00e4 reunapeite Korkealaatuinen turvaverkko Korkealaatuinen hyppymatto &#8211; UV-kest\u00e4v\u00e4 Tukitangot on pehmustettu EPE-vaahtomuovilla Toimitussis\u00e4lt\u00f6: 1 x trampoliini 1 x tikkaat 1 x lis\u00e4varustepaketti 1 x ohjeet (DE, EN, IT, FR, ES) SONGMICS-ohjeet: \u00c4l\u00e4 roiku turvaverkon reunassa.Poista kaikki mukana olevat irtonaiset esineet ennen trampoliinin k\u00e4ytt\u00f6\u00e4. Alle 3-vuotiaat lapset eiv\u00e4t saa k\u00e4ytt\u00e4\u00e4 t\u00e4t\u00e4 trampoliinia. \u00c4l\u00e4 tee trampoliinilla volttia. Vain yksityisk\u00e4ytt\u00f6\u00f6n. Trampoliinia ei saa k\u00e4ytt\u00e4\u00e4 useamman henkil\u00f6n samanaikaisesti, koska se voi aiheuttaa t\u00f6rm\u00e4yksi\u00e4.Pura trampoliini myrskyn tai talvisen s\u00e4\u00e4n sattuessa (poista t\u00e4ll\u00f6in erityisesti turvaverkko, hyppymatto ja reunapeite). S\u00e4ilyt\u00e4 trampoliinia kuivassa ja puhtaassa paikassa. T\u00e4m\u00e4 tuote toimitetaan 2 paketissa. Asenna se vasta, kun kaikki osat ovat saapuneet perille.<\/p>\n","protected":false},"excerpt":{"rendered":"<p>SONGMICS trampoliini \u00d8 305 cm, py\u00f6re\u00e4 puutarhatrampoliini turvaverkolla, tikkaat ja pehmustetut tangot, turvakansi,  ulkok\u00e4ytt\u00f6\u00f6n, musta, sininen STR10BK<\/p>\n","protected":false},"featured_media":46709,"comment_status":"open","ping_status":"closed","template":"","meta":[],"product_brand":[],"product_cat":[32],"product_tag":[],"class_list":{"0":"post-38614","1":"product","2":"type-product","3":"status-publish","4":"has-post-thumbnail","6":"product_cat-uncategorized-fi","8":"first","9":"instock","10":"shipping-taxable","11":"purchasable","12":"product-type-simple"},"_links":{"self":[{"href":"https:\/\/nordicmart.andreevmaster.com\/fi\/wp-json\/wp\/v2\/product\/38614","targetHints":{"allow":["GET"]}}],"collection":[{"href":"https:\/\/nordicmart.andreevmaster.com\/fi\/wp-json\/wp\/v2\/product"}],"about":[{"href":"https:\/\/nordicmart.andreevmaster.com\/fi\/wp-json\/wp\/v2\/types\/product"}],"replies":[{"embeddable":true,"href":"https:\/\/nordicmart.andreevmaster.com\/fi\/wp-json\/wp\/v2\/comments?post=38614"}],"wp:featuredmedia":[{"embeddable":true,"href":"https:\/\/nordicmart.andreevmaster.com\/fi\/wp-json\/wp\/v2\/media\/46709"}],"wp:attachment":[{"href":"https:\/\/nordicmart.andreevmaster.com\/fi\/wp-json\/wp\/v2\/media?parent=38614"}],"wp:term":[{"taxonomy":"product_brand","embeddable":true,"href":"https:\/\/nordicmart.andreevmaster.com\/fi\/wp-json\/wp\/v2\/product_brand?post=38614"},{"taxonomy":"product_cat","embeddable":true,"href":"https:\/\/nordicmart.andreevmaster.com\/fi\/wp-json\/wp\/v2\/product_cat?post=38614"},{"taxonomy":"product_tag","embeddable":true,"href":"https:\/\/nordicmart.andreevmaster.com\/fi\/wp-json\/wp\/v2\/product_tag?post=38614"}],"curies":[{"name":"wp","href":"https:\/\/api.w.org\/{rel}","templated":true}]}}