{"id":38596,"date":"2026-02-27T00:44:49","date_gmt":"2026-02-27T00:44:49","guid":{"rendered":"https:\/\/nordicmart.andreevmaster.com\/product\/songmics-trampoliini-tuv-rheinland-gs-sertifikaatti-turvallinen\/"},"modified":"2026-02-27T10:00:09","modified_gmt":"2026-02-27T10:00:09","slug":"songmics-trampoliini-tuv-rheinland-gs-sertifikaatti-turvallinen","status":"publish","type":"product","link":"https:\/\/nordicmart.andreevmaster.com\/fi\/tuote\/songmics-trampoliini-tuv-rheinland-gs-sertifikaatti-turvallinen\/","title":{"rendered":"SONGMICS trampoliini, T\u00dcV Rheinland GS-sertifikaatti, turvallinen"},"content":{"rendered":"<p>SONGMICS puutarhatrampoliini \u00d8 244 cm, py\u00f6re\u00e4 trampoliini turvaverkolla, pehmustetuilla tangoilla, turvakansi, T\u00dcV Rheinland -testattu, turvallinen, ulkok\u00e4ytt\u00f6\u00f6n, musta, sininen STR8FT<br \/>\nV\u00e4ri: musta-sininen<br \/>\nMateriaali:<br \/>\nRunko: galvanoidut ter\u00e4sputket<br \/>\nReunan peite: 500D PVC, 15 mm paksu EPE-vaahtomuovi, 130 g\/m\u00b2 PE<br \/>\nHyppymatto: PP<br \/>\nTurvaverkko: 95 g\/m\u00b2 PE<br \/>\nTankojen suojaus: PE-vaahtomuovipehmuste, PVC-suojakotelo<br \/>\nJousi: Galvanoitu ter\u00e4s<br \/>\nKoko: 183 x 230 cm (\u00d8 x H)<br \/>\nRungon korkeus: 50 cm<br \/>\nHyppyalueen halkaisija: 129 cm<br \/>\nTangon korkeus: 180 cm<br \/>\nPaino: 28 kg<br \/>\nMaks. staattinen kantavuus: 100 kg<\/p>\n","protected":false},"excerpt":{"rendered":"<p>SONGMICS puutarhatrampoliini \u00d8 244 cm, py\u00f6re\u00e4 trampoliini turvaverkolla, pehmustetuilla tangoilla, turvakansi, T\u00dcV Rheinland -testattu, turvallinen, ulkok\u00e4ytt\u00f6\u00f6n, musta, sininen STR8FT<\/p>\n","protected":false},"featured_media":46366,"comment_status":"open","ping_status":"closed","template":"","meta":[],"product_brand":[],"product_cat":[32],"product_tag":[],"class_list":{"0":"post-38596","1":"product","2":"type-product","3":"status-publish","4":"has-post-thumbnail","6":"product_cat-uncategorized-fi","8":"first","9":"instock","10":"shipping-taxable","11":"purchasable","12":"product-type-simple"},"_links":{"self":[{"href":"https:\/\/nordicmart.andreevmaster.com\/fi\/wp-json\/wp\/v2\/product\/38596","targetHints":{"allow":["GET"]}}],"collection":[{"href":"https:\/\/nordicmart.andreevmaster.com\/fi\/wp-json\/wp\/v2\/product"}],"about":[{"href":"https:\/\/nordicmart.andreevmaster.com\/fi\/wp-json\/wp\/v2\/types\/product"}],"replies":[{"embeddable":true,"href":"https:\/\/nordicmart.andreevmaster.com\/fi\/wp-json\/wp\/v2\/comments?post=38596"}],"wp:featuredmedia":[{"embeddable":true,"href":"https:\/\/nordicmart.andreevmaster.com\/fi\/wp-json\/wp\/v2\/media\/46366"}],"wp:attachment":[{"href":"https:\/\/nordicmart.andreevmaster.com\/fi\/wp-json\/wp\/v2\/media?parent=38596"}],"wp:term":[{"taxonomy":"product_brand","embeddable":true,"href":"https:\/\/nordicmart.andreevmaster.com\/fi\/wp-json\/wp\/v2\/product_brand?post=38596"},{"taxonomy":"product_cat","embeddable":true,"href":"https:\/\/nordicmart.andreevmaster.com\/fi\/wp-json\/wp\/v2\/product_cat?post=38596"},{"taxonomy":"product_tag","embeddable":true,"href":"https:\/\/nordicmart.andreevmaster.com\/fi\/wp-json\/wp\/v2\/product_tag?post=38596"}],"curies":[{"name":"wp","href":"https:\/\/api.w.org\/{rel}","templated":true}]}}