{"id":38595,"date":"2026-02-27T00:44:49","date_gmt":"2026-02-27T00:44:49","guid":{"rendered":"https:\/\/nordicmart.andreevmaster.com\/product\/songmics-pyorea-puutarhatrampoliini-o-183-cm-turvaverkolla\/"},"modified":"2026-02-27T10:00:09","modified_gmt":"2026-02-27T10:00:09","slug":"songmics-pyorea-puutarhatrampoliini-o-183-cm-turvaverkolla","status":"publish","type":"product","link":"https:\/\/nordicmart.andreevmaster.com\/fi\/tuote\/songmics-pyorea-puutarhatrampoliini-o-183-cm-turvaverkolla\/","title":{"rendered":"SONGMICS Py\u00f6re\u00e4 puutarhatrampoliini \u00d8 183 cm turvaverkolla"},"content":{"rendered":"<p>SONGMICS puutarhatrampoliini \u00d8 244 cm, py\u00f6re\u00e4 trampoliini turvaverkolla, pehmustetuilla tangoilla, turvakansi, T\u00dcV Rheinland -testattu, turvallinen, ulkok\u00e4ytt\u00f6\u00f6n, musta, sininen STR8FT<br \/>\nV\u00e4ri: musta-sininen<br \/>\nHalkaisija: 183 cm<br \/>\nRungon materiaali: galvanoitu ter\u00e4sputki<br \/>\nHyppynarun materiaali: polypropeeni (265 g\/\u33a1)<br \/>\nTurvatyynyn materiaali: PVC (310 g\/m\u00b2), EPE-vaahtomuovi<br \/>\nEt\u00e4isyys lattiasta trampoliinin pintaan: 50 cm<br \/>\nMaks. staattinen kantavuus: 100 kg<\/p>\n","protected":false},"excerpt":{"rendered":"<p>SONGMICS puutarhatrampoliini \u00d8 244 cm, py\u00f6re\u00e4 trampoliini turvaverkolla, pehmustetuilla tangoilla, turvakansi, T\u00dcV Rheinland -testattu, turvallinen, ulkok\u00e4ytt\u00f6\u00f6n, musta, sininen STR8FT<\/p>\n","protected":false},"featured_media":46365,"comment_status":"open","ping_status":"closed","template":"","meta":[],"product_brand":[],"product_cat":[32],"product_tag":[],"class_list":{"0":"post-38595","1":"product","2":"type-product","3":"status-publish","4":"has-post-thumbnail","6":"product_cat-uncategorized-fi","8":"first","9":"instock","10":"shipping-taxable","11":"purchasable","12":"product-type-simple"},"_links":{"self":[{"href":"https:\/\/nordicmart.andreevmaster.com\/fi\/wp-json\/wp\/v2\/product\/38595","targetHints":{"allow":["GET"]}}],"collection":[{"href":"https:\/\/nordicmart.andreevmaster.com\/fi\/wp-json\/wp\/v2\/product"}],"about":[{"href":"https:\/\/nordicmart.andreevmaster.com\/fi\/wp-json\/wp\/v2\/types\/product"}],"replies":[{"embeddable":true,"href":"https:\/\/nordicmart.andreevmaster.com\/fi\/wp-json\/wp\/v2\/comments?post=38595"}],"wp:featuredmedia":[{"embeddable":true,"href":"https:\/\/nordicmart.andreevmaster.com\/fi\/wp-json\/wp\/v2\/media\/46365"}],"wp:attachment":[{"href":"https:\/\/nordicmart.andreevmaster.com\/fi\/wp-json\/wp\/v2\/media?parent=38595"}],"wp:term":[{"taxonomy":"product_brand","embeddable":true,"href":"https:\/\/nordicmart.andreevmaster.com\/fi\/wp-json\/wp\/v2\/product_brand?post=38595"},{"taxonomy":"product_cat","embeddable":true,"href":"https:\/\/nordicmart.andreevmaster.com\/fi\/wp-json\/wp\/v2\/product_cat?post=38595"},{"taxonomy":"product_tag","embeddable":true,"href":"https:\/\/nordicmart.andreevmaster.com\/fi\/wp-json\/wp\/v2\/product_tag?post=38595"}],"curies":[{"name":"wp","href":"https:\/\/api.w.org\/{rel}","templated":true}]}}