{"id":38591,"date":"2026-02-27T00:44:48","date_gmt":"2026-02-27T00:44:48","guid":{"rendered":"https:\/\/nordicmart.andreevmaster.com\/product\/songmics-trampoliinin-reunapeite-jousipeite-vakiokokoisille-366-cm-trampoliineille-uv-kestava\/"},"modified":"2026-02-27T10:00:08","modified_gmt":"2026-02-27T10:00:08","slug":"songmics-trampoliinin-reunapeite-jousipeite-vakiokokoisille-366-cm-trampoliineille-uv-kestava","status":"publish","type":"product","link":"https:\/\/nordicmart.andreevmaster.com\/fi\/tuote\/songmics-trampoliinin-reunapeite-jousipeite-vakiokokoisille-366-cm-trampoliineille-uv-kestava\/","title":{"rendered":"SONGMICS trampoliinin reunapeite, jousipeite vakiokokoisille 366 cm trampoliineille, UV-kest\u00e4v\u00e4"},"content":{"rendered":"<p>Trampoliinin reunapeite, jousipeite vakiokokoisille 366 cm trampoliineille, UV-kest\u00e4v\u00e4, rep\u00e4isyluja trampoliinitarvike, reunasuojus, vihre\u00e4<br \/>\nTuotetiedot:<br \/>\n&#8211; V\u00e4ri: vihre\u00e4<br \/>\n&#8211; Materiaali: 310 g\/m\u00b2 PVC (500D), 1,5 cm paksu EPE-vaahtomuovi, 130 g\/m\u00b2 PE<br \/>\n&#8211; Reunapeitteen ulkohalkaisija: 366 cm<br \/>\n&#8211; Reunapeitteen sis\u00e4halkaisija: 306 cm<br \/>\n&#8211; Reunan peitteen leveys: 30 cm<br \/>\n&#8211; Paino: 2,9 kg<\/p>\n<p>Toimitus sis\u00e4lt\u00e4\u00e4:<br \/>\n&#8211; 1 x trampoliinin reunapeite<\/p>\n<p>Huomautukset:<br \/>\n&#8211; Jotta voit m\u00e4\u00e4ritt\u00e4\u00e4 oikean kokoisen reunapeitteen, mittaa trampoliinin rungon halkaisija ja vanhan trampoliinin reunapeitteen leveys ennen ostamista.<br \/>\n&#8211; Noudata t\u00e4m\u00e4n trampoliinin reunapeitteen turvallisuusohjeita.<br \/>\n&#8211; Toimitus sis\u00e4lt\u00e4\u00e4 vain reunapeitteen, ei trampoliinia.<\/p>\n","protected":false},"excerpt":{"rendered":"<p>Trampoliinin reunapeite, jousipeite vakiokokoisille 366 cm trampoliineille, UV-kest\u00e4v\u00e4, rep\u00e4isyluja trampoliinitarvike, reunasuojus, vihre\u00e4<\/p>\n","protected":false},"featured_media":46361,"comment_status":"open","ping_status":"closed","template":"","meta":[],"product_brand":[],"product_cat":[32],"product_tag":[],"class_list":{"0":"post-38591","1":"product","2":"type-product","3":"status-publish","4":"has-post-thumbnail","6":"product_cat-uncategorized-fi","8":"first","9":"instock","10":"shipping-taxable","11":"purchasable","12":"product-type-simple"},"_links":{"self":[{"href":"https:\/\/nordicmart.andreevmaster.com\/fi\/wp-json\/wp\/v2\/product\/38591","targetHints":{"allow":["GET"]}}],"collection":[{"href":"https:\/\/nordicmart.andreevmaster.com\/fi\/wp-json\/wp\/v2\/product"}],"about":[{"href":"https:\/\/nordicmart.andreevmaster.com\/fi\/wp-json\/wp\/v2\/types\/product"}],"replies":[{"embeddable":true,"href":"https:\/\/nordicmart.andreevmaster.com\/fi\/wp-json\/wp\/v2\/comments?post=38591"}],"wp:featuredmedia":[{"embeddable":true,"href":"https:\/\/nordicmart.andreevmaster.com\/fi\/wp-json\/wp\/v2\/media\/46361"}],"wp:attachment":[{"href":"https:\/\/nordicmart.andreevmaster.com\/fi\/wp-json\/wp\/v2\/media?parent=38591"}],"wp:term":[{"taxonomy":"product_brand","embeddable":true,"href":"https:\/\/nordicmart.andreevmaster.com\/fi\/wp-json\/wp\/v2\/product_brand?post=38591"},{"taxonomy":"product_cat","embeddable":true,"href":"https:\/\/nordicmart.andreevmaster.com\/fi\/wp-json\/wp\/v2\/product_cat?post=38591"},{"taxonomy":"product_tag","embeddable":true,"href":"https:\/\/nordicmart.andreevmaster.com\/fi\/wp-json\/wp\/v2\/product_tag?post=38591"}],"curies":[{"name":"wp","href":"https:\/\/api.w.org\/{rel}","templated":true}]}}