{"id":38588,"date":"2026-02-27T00:44:47","date_gmt":"2026-02-27T00:44:47","guid":{"rendered":"https:\/\/nordicmart.andreevmaster.com\/product\/songmics-trampoliinin-reunapeite-vakiokokoinen-jousipeite-305-cmn-trampoliineille-uv-kestava\/"},"modified":"2026-02-27T10:00:08","modified_gmt":"2026-02-27T10:00:08","slug":"songmics-trampoliinin-reunapeite-vakiokokoinen-jousipeite-305-cmn-trampoliineille-uv-kestava","status":"publish","type":"product","link":"https:\/\/nordicmart.andreevmaster.com\/fi\/tuote\/songmics-trampoliinin-reunapeite-vakiokokoinen-jousipeite-305-cmn-trampoliineille-uv-kestava\/","title":{"rendered":"SONGMICS trampoliinin reunapeite, vakiokokoinen jousipeite 305 cm:n trampoliineille, UV-kest\u00e4v\u00e4"},"content":{"rendered":"<p>SONGMICS korkealaatuinen reunapeite tarjoaa turvallisen suojan. &#8211; Jos olet k\u00e4ytt\u00e4nyt reunapeitett\u00e4 jo pitk\u00e4\u00e4n tai siihen on jo muodostunut repe\u00e4mi\u00e4, sinun tulee vaihtaa tuote. &#8211; SONGMICS-reunapeite voi est\u00e4\u00e4 loukkaantumiset, jotka johtuvat putoamisesta jousille tai kehykselle.- Kehyssuojus on saatavana kolmessa eri mallissa kolmelle eri trampoliinikoolle: 244\/305\/366 cm. &#8211; Kehyssuojus sopii kaikkien valmistajien trampoliineihin. &#8211; Lis\u00e4ksi voit tilata suojuksen kahdessa eri v\u00e4riss\u00e4. Se on saatavana yksiv\u00e4risen\u00e4 sinisen\u00e4 tai punaisen, keltaisen ja sinisen yhdistelm\u00e4n\u00e4.Huomautus: &#8211; Mittaa trampoliinin koko huolellisesti ennen ostamista, jotta voit valita laitteeseesi sopivan suojan. &#8211; Noudata trampoliinia k\u00e4ytett\u00e4ess\u00e4 turvallisuusohjeitamme, jotka on tarkoitettu suojaamaan sinua hyppimisen aikana.- Sopii kaikille py\u00f6reille trampoliineille, joiden halkaisija on 244\/305\/366 cm. &#8211; T\u00e4m\u00e4 tarjous sis\u00e4lt\u00e4\u00e4 vain jousien suojan, EI koko trampoliinia! Tuotetiedot: Materiaali: &#8211; Pinta: sininen 500D PVC (310 g\/m2) &#8211; Alapuoli: PE-muovi &#8211; Suojuksen keskiosa on varustettu 15 mm paksulla ja 300 mm leve\u00e4ll\u00e4 pehmusteella. Mitat: &#8211; Ulkohalkaisija: 244\/305\/366 cm &#8211; Sis\u00e4halkaisija: 184\/245\/306 cm Toimitus sis\u00e4lt\u00e4\u00e4: &#8211; 1 x reunusuojus<\/p>\n","protected":false},"excerpt":{"rendered":"<p>Trampoliinin reunapeite, jousipeite vakiokokoisille 366 cm trampoliineille, UV-kest\u00e4v\u00e4, rep\u00e4isyluja trampoliinitarvike, reunasuojus, vihre\u00e4<\/p>\n","protected":false},"featured_media":46359,"comment_status":"open","ping_status":"closed","template":"","meta":[],"product_brand":[],"product_cat":[32],"product_tag":[],"class_list":{"0":"post-38588","1":"product","2":"type-product","3":"status-publish","4":"has-post-thumbnail","6":"product_cat-uncategorized-fi","8":"first","9":"instock","10":"shipping-taxable","11":"purchasable","12":"product-type-simple"},"_links":{"self":[{"href":"https:\/\/nordicmart.andreevmaster.com\/fi\/wp-json\/wp\/v2\/product\/38588","targetHints":{"allow":["GET"]}}],"collection":[{"href":"https:\/\/nordicmart.andreevmaster.com\/fi\/wp-json\/wp\/v2\/product"}],"about":[{"href":"https:\/\/nordicmart.andreevmaster.com\/fi\/wp-json\/wp\/v2\/types\/product"}],"replies":[{"embeddable":true,"href":"https:\/\/nordicmart.andreevmaster.com\/fi\/wp-json\/wp\/v2\/comments?post=38588"}],"wp:featuredmedia":[{"embeddable":true,"href":"https:\/\/nordicmart.andreevmaster.com\/fi\/wp-json\/wp\/v2\/media\/46359"}],"wp:attachment":[{"href":"https:\/\/nordicmart.andreevmaster.com\/fi\/wp-json\/wp\/v2\/media?parent=38588"}],"wp:term":[{"taxonomy":"product_brand","embeddable":true,"href":"https:\/\/nordicmart.andreevmaster.com\/fi\/wp-json\/wp\/v2\/product_brand?post=38588"},{"taxonomy":"product_cat","embeddable":true,"href":"https:\/\/nordicmart.andreevmaster.com\/fi\/wp-json\/wp\/v2\/product_cat?post=38588"},{"taxonomy":"product_tag","embeddable":true,"href":"https:\/\/nordicmart.andreevmaster.com\/fi\/wp-json\/wp\/v2\/product_tag?post=38588"}],"curies":[{"name":"wp","href":"https:\/\/api.w.org\/{rel}","templated":true}]}}