{"id":38582,"date":"2026-02-27T00:44:45","date_gmt":"2026-02-27T00:44:45","guid":{"rendered":"https:\/\/nordicmart.andreevmaster.com\/product\/kantafdaekning-til-o-427-cm-trampolin-2\/"},"modified":"2026-02-27T10:00:06","modified_gmt":"2026-02-27T10:00:06","slug":"kantafdaekning-til-o-427-cm-trampolin-2","status":"publish","type":"product","link":"https:\/\/nordicmart.andreevmaster.com\/fi\/tuote\/kantafdaekning-til-o-427-cm-trampolin-2\/","title":{"rendered":"Kantafd\u00e6kning til \u00d8 427 cm trampolin"},"content":{"rendered":"<p>Lis\u00e4\u00e4 turvallisuuttaSONGMICSin trampoliinin suojapeitteell\u00e4 voit antaa lastesi hypell\u00e4 trampoliinilla rauhallisin mielin, sill\u00e4 paksu EPE-vaahto ja kest\u00e4v\u00e4 PVC-p\u00e4\u00e4llinen tarjoavat erinomaisen suojan loukkaantumisilta. T\u00e4m\u00e4 matto on suunniteltu suojaamaan sinua trampoliinin jousien aiheuttamilta kivuliailta kosketuksilta ja tarjoaa ylim\u00e4\u00e4r\u00e4isen turvallisuuden pitk\u00e4ik\u00e4isyytt\u00e4 varten. Huolellisesti k\u00e4siteltyn\u00e4 py\u00f6re\u00e4\u00e4 turvamattoa ei tarvitse vaihtaa joka vuosi. Kest\u00e4v\u00e4, UV- ja vett\u00e4 hylkiv\u00e4 310 g\/m\u00b2 PVC-pinta (500D), 15 mm paksu EPE-vaahto, korkealaatuinen 130 g\/m\u00b2 PE-pohja ja taitavasti sijoitetut saumat varmistavat, ett\u00e4 t\u00e4m\u00e4 trampoliinitarvike kest\u00e4\u00e4 pitk\u00e4\u00e4n.L\u00f6yd\u00e4 t\u00e4ydellinen kokoM\u00e4\u00e4rit\u00e4 trampoliinin halkaisija ennen ostamista, jotta reunapeite sopii t\u00e4ydellisesti. T\u00e4m\u00e4 SONGMICS-tuote sopii kaikille vakiokokoisille trampoliineilleTuotetiedot:- V\u00e4ri: Sininen &#8211; Materiaali: 310 g\/m\u00b2 PVC (500D), 15 mm EPE-vaahtomuovi, 130 g\/m\u00b2 PE &#8211; Koko: \u00d8 427 cm &#8211; Paino: 3,5 kg Toimitus sis\u00e4lt\u00e4\u00e4: &#8211; 1 x trampoliinin reunapeite SONGMICS Huomautukset:- Mittaa trampoliinin halkaisija trampoliinin kehyksen uloimmasta reunasta (ei vain jousista) ennen ostamista, jotta voit m\u00e4\u00e4ritt\u00e4\u00e4 suojapeitteen oikean koon &#8211; Noudata t\u00e4m\u00e4n tuotteen turvallisuusohjeita &#8211; Pakkaus sis\u00e4lt\u00e4\u00e4 vain suojapeitteen, ei trampoliinia.<\/p>\n","protected":false},"excerpt":{"rendered":"<p>Lis\u00e4\u00e4 turvallisuuttaSONGMICSin trampoliinin suojapeitteell\u00e4 voit antaa lastesi hypell\u00e4 trampoliinilla rauhallisin mielin, sill\u00e4 paksu EPE-vaahto ja kest\u00e4v\u00e4 PVC-p\u00e4\u00e4llinen tarjoavat erinomaisen suojan loukkaantumisilta. T\u00e4m\u00e4 matto on suunniteltu suojaamaan sinua trampoliinin jousien aiheuttamilta kivuliailta kosketuksilta ja tarjoaa ylim\u00e4\u00e4r\u00e4isen turvallisuuden pitk\u00e4ik\u00e4isyytt\u00e4 varten. Huolellisesti k\u00e4siteltyn\u00e4 py\u00f6re\u00e4\u00e4 turvamattoa ei tarvitse vaihtaa joka vuosi. Kest\u00e4v\u00e4, UV- ja vett\u00e4 hylkiv\u00e4 310 g\/m\u00b2 PVC-pinta [&hellip;]<\/p>\n","protected":false},"featured_media":0,"comment_status":"open","ping_status":"closed","template":"","meta":[],"product_brand":[],"product_cat":[32],"product_tag":[],"class_list":{"0":"post-38582","1":"product","2":"type-product","3":"status-publish","5":"product_cat-uncategorized-fi","7":"first","8":"instock","9":"shipping-taxable","10":"product-type-simple"},"_links":{"self":[{"href":"https:\/\/nordicmart.andreevmaster.com\/fi\/wp-json\/wp\/v2\/product\/38582","targetHints":{"allow":["GET"]}}],"collection":[{"href":"https:\/\/nordicmart.andreevmaster.com\/fi\/wp-json\/wp\/v2\/product"}],"about":[{"href":"https:\/\/nordicmart.andreevmaster.com\/fi\/wp-json\/wp\/v2\/types\/product"}],"replies":[{"embeddable":true,"href":"https:\/\/nordicmart.andreevmaster.com\/fi\/wp-json\/wp\/v2\/comments?post=38582"}],"wp:attachment":[{"href":"https:\/\/nordicmart.andreevmaster.com\/fi\/wp-json\/wp\/v2\/media?parent=38582"}],"wp:term":[{"taxonomy":"product_brand","embeddable":true,"href":"https:\/\/nordicmart.andreevmaster.com\/fi\/wp-json\/wp\/v2\/product_brand?post=38582"},{"taxonomy":"product_cat","embeddable":true,"href":"https:\/\/nordicmart.andreevmaster.com\/fi\/wp-json\/wp\/v2\/product_cat?post=38582"},{"taxonomy":"product_tag","embeddable":true,"href":"https:\/\/nordicmart.andreevmaster.com\/fi\/wp-json\/wp\/v2\/product_tag?post=38582"}],"curies":[{"name":"wp","href":"https:\/\/api.w.org\/{rel}","templated":true}]}}