{"id":38581,"date":"2026-02-27T00:44:45","date_gmt":"2026-02-27T00:44:45","guid":{"rendered":"https:\/\/nordicmart.andreevmaster.com\/product\/songmics-trampoliinin-reunapeite-repaisyluja-trampoliinitarvikkeet\/"},"modified":"2026-02-27T10:00:06","modified_gmt":"2026-02-27T10:00:06","slug":"songmics-trampoliinin-reunapeite-repaisyluja-trampoliinitarvikkeet","status":"publish","type":"product","link":"https:\/\/nordicmart.andreevmaster.com\/fi\/tuote\/songmics-trampoliinin-reunapeite-repaisyluja-trampoliinitarvikkeet\/","title":{"rendered":"SONGMICS trampoliinin reunapeite, rep\u00e4isyluja trampoliinitarvikkeet"},"content":{"rendered":"<p>SONGMICS trampoliinin reunapeite, \u00d8 183 244 305 366 427 cm, jousipeite, reunasuojus, turvamatto, UV-kest\u00e4v\u00e4, rep\u00e4isyluja trampoliinitarvike, vakiokoko<br \/>\nV\u00e4ri: sininen<br \/>\nMateriaali: 310 g\/m\u00b2 PVC (500D), 1,5 cm paksu EPE-vaahtomuovi, 130 g\/m\u00b2 PE<br \/>\nReunan suojuksen ulkohalkaisija: 183 cm<br \/>\nReunapeitteen sis\u00e4halkaisija: 127 cm<br \/>\nReunapeitteen leveys: 28 cm<br \/>\nPaino: 1,6 kg<\/p>\n","protected":false},"excerpt":{"rendered":"<p>SONGMICS trampoliinin reunapeite, \u00d8 183 244 305 366 427 cm, jousipeite, reunasuojus, turvamatto, UV-kest\u00e4v\u00e4, rep\u00e4isyluja trampoliinitarvike, vakiokoko<\/p>\n","protected":false},"featured_media":46353,"comment_status":"open","ping_status":"closed","template":"","meta":[],"product_brand":[],"product_cat":[32],"product_tag":[],"class_list":{"0":"post-38581","1":"product","2":"type-product","3":"status-publish","4":"has-post-thumbnail","6":"product_cat-uncategorized-fi","8":"first","9":"instock","10":"shipping-taxable","11":"purchasable","12":"product-type-simple"},"_links":{"self":[{"href":"https:\/\/nordicmart.andreevmaster.com\/fi\/wp-json\/wp\/v2\/product\/38581","targetHints":{"allow":["GET"]}}],"collection":[{"href":"https:\/\/nordicmart.andreevmaster.com\/fi\/wp-json\/wp\/v2\/product"}],"about":[{"href":"https:\/\/nordicmart.andreevmaster.com\/fi\/wp-json\/wp\/v2\/types\/product"}],"replies":[{"embeddable":true,"href":"https:\/\/nordicmart.andreevmaster.com\/fi\/wp-json\/wp\/v2\/comments?post=38581"}],"wp:featuredmedia":[{"embeddable":true,"href":"https:\/\/nordicmart.andreevmaster.com\/fi\/wp-json\/wp\/v2\/media\/46353"}],"wp:attachment":[{"href":"https:\/\/nordicmart.andreevmaster.com\/fi\/wp-json\/wp\/v2\/media?parent=38581"}],"wp:term":[{"taxonomy":"product_brand","embeddable":true,"href":"https:\/\/nordicmart.andreevmaster.com\/fi\/wp-json\/wp\/v2\/product_brand?post=38581"},{"taxonomy":"product_cat","embeddable":true,"href":"https:\/\/nordicmart.andreevmaster.com\/fi\/wp-json\/wp\/v2\/product_cat?post=38581"},{"taxonomy":"product_tag","embeddable":true,"href":"https:\/\/nordicmart.andreevmaster.com\/fi\/wp-json\/wp\/v2\/product_tag?post=38581"}],"curies":[{"name":"wp","href":"https:\/\/api.w.org\/{rel}","templated":true}]}}