{"id":38577,"date":"2026-02-27T00:44:43","date_gmt":"2026-02-27T00:44:43","guid":{"rendered":"https:\/\/nordicmart.andreevmaster.com\/product\/songmics-reunapeite-o-305-cm-trampoliinille\/"},"modified":"2026-02-27T10:00:05","modified_gmt":"2026-02-27T10:00:05","slug":"songmics-reunapeite-o-305-cm-trampoliinille","status":"publish","type":"product","link":"https:\/\/nordicmart.andreevmaster.com\/fi\/tuote\/songmics-reunapeite-o-305-cm-trampoliinille\/","title":{"rendered":"SONGMICS reunapeite \u00d8 305 cm trampoliinille"},"content":{"rendered":"<p>Reunapehmuste on t\u00e4rke\u00e4 osa trampoliinia. \u00c4l\u00e4 koskaan k\u00e4yt\u00e4 trampoliinia ilman kehyspehmustetta. Reunapehmuste suojaa loukkaantumisilta, kun hypp\u00e4\u00e4t tai putoat jousille tai kehykselle. Songmicsin tuote on hyvin valmistettu ja kest\u00e4\u00e4 pitk\u00e4\u00e4n. Laajennettu leveys peitt\u00e4\u00e4 sek\u00e4 jouset ett\u00e4 reunan ja v\u00e4hent\u00e4\u00e4 puutarhatrampoliinin mahdollisia riskej\u00e4. Reunapeitteet voivat vaurioitua pitk\u00e4aikaisen k\u00e4yt\u00f6n, auringonvalon ja s\u00e4\u00e4olosuhteiden vaikutuksesta. Vaihda ne tarvittaessa lis\u00e4suojan saamiseksi.  Huomautukset:  &#8211; Mittaa trampoliinin halkaisija, jotta voit valita sopivan reunapeitteen. &#8211; Trampoliinia k\u00e4ytett\u00e4ess\u00e4 noudata t\u00e4rkeit\u00e4 turvallisuusohjeita, jotka auttavat varmistamaan henkil\u00f6kohtaisen turvallisuuden trampoliinilla hyppimisen aikana.  &#8211; Sopii kaikille py\u00f6reille trampoliineille, joiden halkaisija on 305 cm &#8211; T\u00e4m\u00e4 tarjous sis\u00e4lt\u00e4\u00e4 vain jousien suojan, EI koko trampoliinia!   Tuotetiedot: Materiaali: &#8211; Pinta: punainen+keltainen+sininen 500D PVC (310 g\/m\u00b2) &#8211; Pohja: PE-muovi &#8211; Keskusta on pehmustettu 15 mm paksulla ja 300 mm leve\u00e4ll\u00e4 EPE-vaahtomuovilla. Mitat: &#8211; Ulkohalkaisija: 305 cm &#8211; Sis\u00e4halkaisija: 245 cm &#8211; Kunto: Uusi ja alkuper\u00e4isess\u00e4 pakkauksessa.<\/p>\n","protected":false},"excerpt":{"rendered":"<p>SONGMICS trampoliinin reunapeite, jousipeite vakiokokoisille 366 cm trampoliineille, \u00d8 366 cm, leveys 30 cm, UV-kest\u00e4v\u00e4, rep\u00e4isyluja trampoliinitarvike, reunasuojus, sininen STP12FT<\/p>\n","protected":false},"featured_media":46349,"comment_status":"open","ping_status":"closed","template":"","meta":[],"product_brand":[],"product_cat":[32],"product_tag":[],"class_list":{"0":"post-38577","1":"product","2":"type-product","3":"status-publish","4":"has-post-thumbnail","6":"product_cat-uncategorized-fi","8":"first","9":"instock","10":"shipping-taxable","11":"purchasable","12":"product-type-simple"},"_links":{"self":[{"href":"https:\/\/nordicmart.andreevmaster.com\/fi\/wp-json\/wp\/v2\/product\/38577","targetHints":{"allow":["GET"]}}],"collection":[{"href":"https:\/\/nordicmart.andreevmaster.com\/fi\/wp-json\/wp\/v2\/product"}],"about":[{"href":"https:\/\/nordicmart.andreevmaster.com\/fi\/wp-json\/wp\/v2\/types\/product"}],"replies":[{"embeddable":true,"href":"https:\/\/nordicmart.andreevmaster.com\/fi\/wp-json\/wp\/v2\/comments?post=38577"}],"wp:featuredmedia":[{"embeddable":true,"href":"https:\/\/nordicmart.andreevmaster.com\/fi\/wp-json\/wp\/v2\/media\/46349"}],"wp:attachment":[{"href":"https:\/\/nordicmart.andreevmaster.com\/fi\/wp-json\/wp\/v2\/media?parent=38577"}],"wp:term":[{"taxonomy":"product_brand","embeddable":true,"href":"https:\/\/nordicmart.andreevmaster.com\/fi\/wp-json\/wp\/v2\/product_brand?post=38577"},{"taxonomy":"product_cat","embeddable":true,"href":"https:\/\/nordicmart.andreevmaster.com\/fi\/wp-json\/wp\/v2\/product_cat?post=38577"},{"taxonomy":"product_tag","embeddable":true,"href":"https:\/\/nordicmart.andreevmaster.com\/fi\/wp-json\/wp\/v2\/product_tag?post=38577"}],"curies":[{"name":"wp","href":"https:\/\/api.w.org\/{rel}","templated":true}]}}