{"id":38574,"date":"2026-02-27T00:44:42","date_gmt":"2026-02-27T00:44:42","guid":{"rendered":"https:\/\/nordicmart.andreevmaster.com\/product\/songmics-reunapeite-o-366-cm-trampoliinille\/"},"modified":"2026-02-27T10:00:04","modified_gmt":"2026-02-27T10:00:04","slug":"songmics-reunapeite-o-366-cm-trampoliinille","status":"publish","type":"product","link":"https:\/\/nordicmart.andreevmaster.com\/fi\/tuote\/songmics-reunapeite-o-366-cm-trampoliinille\/","title":{"rendered":"SONGMICS reunapeite \u00d8 366 cm trampoliinille"},"content":{"rendered":"<p>Lis\u00e4\u00e4 turvallisuutta SONGMICS-reunapeitteen ansiosta voit antaa lastesi hyp\u00e4t\u00e4 trampoliinilla rauhallisin mielin, sill\u00e4 paksu EPE-vaahto ja kest\u00e4v\u00e4 PVC-p\u00e4\u00e4llinen tarjoavat erinomaisen suojan loukkaantumisilta. T\u00e4m\u00e4 matto on suunniteltu suojaamaan sinua trampoliinin jousien aiheuttamilta kivuliailta kosketuksilta ja tarjoaa ylim\u00e4\u00e4r\u00e4isen turvallisuuden. Helppo asentaa Olemme tehneet kaikkemme, jotta asennus olisi helpompaa ja nopeampaa, jotta voit nauttia iloisista hetkist\u00e4. Sinun ei tarvitse poistaa trampoliinin kaikkia tukipylv\u00e4it\u00e4 ja verkkoja t\u00e4m\u00e4n reunapeitteen kokoamiseksi. Aseta vain 2 puolipy\u00f6re\u00e4\u00e4 osaa jousen p\u00e4\u00e4lle, kiinnit\u00e4 tarranauhat ja kiinnit\u00e4 nauhat trampoliinin alle, ja valmista! Se on niin helppoa! L\u00f6yd\u00e4 t\u00e4ydellinen koko M\u00e4\u00e4rit\u00e4 trampoliinin halkaisija ennen ostamista, jotta reunapeite sopii t\u00e4ydellisesti. T\u00e4m\u00e4 SONGMICS-tuote sopii kaikkiin vakiokokoisiin trampoliineihin. Lis\u00e4\u00e4 turvallisuutta SONGMICS-reunapeitteen ansiosta voit antaa lastesi hyp\u00e4t\u00e4 trampoliinilla rauhallisin mielin, sill\u00e4 paksu EPE-vaahto ja kest\u00e4v\u00e4 PVC-p\u00e4\u00e4llinen tarjoavat erinomaisen suojan loukkaantumisilta. T\u00e4m\u00e4 matto on suunniteltu suojaamaan sinua trampoliinin jousien aiheuttamilta kivuliailta kosketuksilta ja tarjoaa lis\u00e4suojaa. Helppo asentaa Jotta voit nauttia iloisista hetkist\u00e4, olemme tehneet kaikkemme, jotta asennus olisi helpompaa ja nopeampaa. Sinun ei tarvitse poistaa trampoliinin kaikkia tukipylv\u00e4it\u00e4 ja verkkoja t\u00e4m\u00e4n reunapeitteen kokoamiseksi. Aseta vain 2 puolipy\u00f6re\u00e4\u00e4 osaa jousen p\u00e4\u00e4lle, kiinnit\u00e4 tarranauhat ja kiinnit\u00e4 nauhat trampoliinin alle, ja valmista! Se on niin helppoa! L\u00f6yd\u00e4 t\u00e4ydellinen koko M\u00e4\u00e4rit\u00e4 trampoliinin halkaisija ennen ostamista, jotta reunapeite sopii t\u00e4ydellisesti. T\u00e4m\u00e4 SONGMICS-tuote sopii kaikkiin vakiokokoisiin trampoliineihin.<\/p>\n","protected":false},"excerpt":{"rendered":"<p>SONGMICS trampoliinin reunapeite, jousipeite, reunasuojus, turvamatto, UV-kest\u00e4v\u00e4, rep\u00e4isyluja trampoliinitarvike, vakiokoko, sininen<\/p>\n","protected":false},"featured_media":46346,"comment_status":"open","ping_status":"closed","template":"","meta":[],"product_brand":[],"product_cat":[32],"product_tag":[],"class_list":{"0":"post-38574","1":"product","2":"type-product","3":"status-publish","4":"has-post-thumbnail","6":"product_cat-uncategorized-fi","8":"first","9":"instock","10":"shipping-taxable","11":"purchasable","12":"product-type-simple"},"_links":{"self":[{"href":"https:\/\/nordicmart.andreevmaster.com\/fi\/wp-json\/wp\/v2\/product\/38574","targetHints":{"allow":["GET"]}}],"collection":[{"href":"https:\/\/nordicmart.andreevmaster.com\/fi\/wp-json\/wp\/v2\/product"}],"about":[{"href":"https:\/\/nordicmart.andreevmaster.com\/fi\/wp-json\/wp\/v2\/types\/product"}],"replies":[{"embeddable":true,"href":"https:\/\/nordicmart.andreevmaster.com\/fi\/wp-json\/wp\/v2\/comments?post=38574"}],"wp:featuredmedia":[{"embeddable":true,"href":"https:\/\/nordicmart.andreevmaster.com\/fi\/wp-json\/wp\/v2\/media\/46346"}],"wp:attachment":[{"href":"https:\/\/nordicmart.andreevmaster.com\/fi\/wp-json\/wp\/v2\/media?parent=38574"}],"wp:term":[{"taxonomy":"product_brand","embeddable":true,"href":"https:\/\/nordicmart.andreevmaster.com\/fi\/wp-json\/wp\/v2\/product_brand?post=38574"},{"taxonomy":"product_cat","embeddable":true,"href":"https:\/\/nordicmart.andreevmaster.com\/fi\/wp-json\/wp\/v2\/product_cat?post=38574"},{"taxonomy":"product_tag","embeddable":true,"href":"https:\/\/nordicmart.andreevmaster.com\/fi\/wp-json\/wp\/v2\/product_tag?post=38574"}],"curies":[{"name":"wp","href":"https:\/\/api.w.org\/{rel}","templated":true}]}}