{"id":38572,"date":"2026-02-27T00:44:42","date_gmt":"2026-02-27T00:44:42","guid":{"rendered":"https:\/\/nordicmart.andreevmaster.com\/product\/songmics-reunan-suojus-o-305-cm-trampoliinille\/"},"modified":"2026-02-27T10:00:04","modified_gmt":"2026-02-27T10:00:04","slug":"songmics-reunan-suojus-o-305-cm-trampoliinille","status":"publish","type":"product","link":"https:\/\/nordicmart.andreevmaster.com\/fi\/tuote\/songmics-reunan-suojus-o-305-cm-trampoliinille\/","title":{"rendered":"SONGMICS reunan suojus \u00d8 305 cm trampoliinille"},"content":{"rendered":"<p>Lis\u00e4annos turvallisuutta SONGMICS:n reunapeitteen ansiosta voit antaa lastesi hypell\u00e4 trampoliinilla rauhallisin mielin, sill\u00e4 paksu EPE-vaahto ja kest\u00e4v\u00e4 PVC-p\u00e4\u00e4llinen tarjoavat erinomaisen suojan loukkaantumisia vastaan. T\u00e4m\u00e4 matto on suunniteltu suojaamaan sinua trampoliinin jousien aiheuttamilta kivuliailta kosketuksilta ja tarjoaa ylim\u00e4\u00e4r\u00e4isen turvallisuuden. Helppo asentaa Jotta voit nauttia iloisista hetkist\u00e4, olemme tehneet kaikkemme, jotta asennus olisi helpompaa ja nopeampaa. Sinun ei tarvitse poistaa trampoliinin kaikkia tukipylv\u00e4it\u00e4 ja verkkoja t\u00e4m\u00e4n reunapeitteen kokoamiseksi. Aseta vain 2 puolipy\u00f6re\u00e4\u00e4 osaa jousen p\u00e4\u00e4lle, kiinnit\u00e4 tarranauhat ja kiinnit\u00e4 nauhat trampoliinin alle, ja valmista! Se on niin helppoa! L\u00f6yd\u00e4 t\u00e4ydellinen koko M\u00e4\u00e4rit\u00e4 trampoliinin halkaisija ennen ostamista, jotta reunapeite sopii t\u00e4ydellisesti. T\u00e4m\u00e4 SONGMICS-tuote sopii kaikkiin vakiokokoisiin trampoliineihin. Tuotetiedot:- V\u00e4ri: sininen &#8211; Materiaali: 310 g\/m\u00b2 PVC (500D), 15 mm EPE-vaahtomuovi, 130 g\/m\u00b2 PE &#8211; Koko: \u00d8 305 cm &#8211; Paino: 2,4 kg Toimitus sis\u00e4lt\u00e4\u00e4: &#8211; 1 x trampoliinin reunapeite SONGMICS-ohjeet:- Mittaa ennen ostamista trampoliinin halkaisija trampoliinin rungon uloimpaan reunaan asti (ei vain jousiin asti), jotta voit m\u00e4\u00e4ritt\u00e4\u00e4 suojapeitteen oikean koon. &#8211; Noudata t\u00e4m\u00e4n tuotteen turvallisuusohjeita. &#8211; Toimitus sis\u00e4lt\u00e4\u00e4 vain reunapeitteen, ei trampoliinia itse\u00e4\u00e4n.<\/p>\n","protected":false},"excerpt":{"rendered":"<p>SONGMICS trampoliinin reunapeite, jousipeite, reunasuojus, turvamatto, UV-kest\u00e4v\u00e4, rep\u00e4isyluja trampoliinitarvike, vakiokoko, sininen<\/p>\n","protected":false},"featured_media":46344,"comment_status":"open","ping_status":"closed","template":"","meta":[],"product_brand":[],"product_cat":[32],"product_tag":[],"class_list":{"0":"post-38572","1":"product","2":"type-product","3":"status-publish","4":"has-post-thumbnail","6":"product_cat-uncategorized-fi","8":"first","9":"instock","10":"shipping-taxable","11":"purchasable","12":"product-type-simple"},"_links":{"self":[{"href":"https:\/\/nordicmart.andreevmaster.com\/fi\/wp-json\/wp\/v2\/product\/38572","targetHints":{"allow":["GET"]}}],"collection":[{"href":"https:\/\/nordicmart.andreevmaster.com\/fi\/wp-json\/wp\/v2\/product"}],"about":[{"href":"https:\/\/nordicmart.andreevmaster.com\/fi\/wp-json\/wp\/v2\/types\/product"}],"replies":[{"embeddable":true,"href":"https:\/\/nordicmart.andreevmaster.com\/fi\/wp-json\/wp\/v2\/comments?post=38572"}],"wp:featuredmedia":[{"embeddable":true,"href":"https:\/\/nordicmart.andreevmaster.com\/fi\/wp-json\/wp\/v2\/media\/46344"}],"wp:attachment":[{"href":"https:\/\/nordicmart.andreevmaster.com\/fi\/wp-json\/wp\/v2\/media?parent=38572"}],"wp:term":[{"taxonomy":"product_brand","embeddable":true,"href":"https:\/\/nordicmart.andreevmaster.com\/fi\/wp-json\/wp\/v2\/product_brand?post=38572"},{"taxonomy":"product_cat","embeddable":true,"href":"https:\/\/nordicmart.andreevmaster.com\/fi\/wp-json\/wp\/v2\/product_cat?post=38572"},{"taxonomy":"product_tag","embeddable":true,"href":"https:\/\/nordicmart.andreevmaster.com\/fi\/wp-json\/wp\/v2\/product_tag?post=38572"}],"curies":[{"name":"wp","href":"https:\/\/api.w.org\/{rel}","templated":true}]}}