{"id":38570,"date":"2026-02-27T00:44:41","date_gmt":"2026-02-27T00:44:41","guid":{"rendered":"https:\/\/nordicmart.andreevmaster.com\/product\/songmics-trampoliinin-reunapeite-o-244-cm\/"},"modified":"2026-02-27T10:00:04","modified_gmt":"2026-02-27T10:00:04","slug":"songmics-trampoliinin-reunapeite-o-244-cm","status":"publish","type":"product","link":"https:\/\/nordicmart.andreevmaster.com\/fi\/tuote\/songmics-trampoliinin-reunapeite-o-244-cm\/","title":{"rendered":"SONGMICS trampoliinin reunapeite \u00d8 244 cm"},"content":{"rendered":"<p>Lis\u00e4\u00e4 turvallisuutta SONGMICS-reunapeitteen ansiosta voit antaa lastesi hyp\u00e4t\u00e4 trampoliinilla rauhallisin mielin, sill\u00e4 paksu EPE-vaahto ja kest\u00e4v\u00e4 PVC-p\u00e4\u00e4llinen tarjoavat erinomaisen suojan loukkaantumisilta. T\u00e4m\u00e4 matto on suunniteltu suojaamaan sinua trampoliinin jousien aiheuttamilta kivuliailta kosketuksilta ja tarjoaa lis\u00e4\u00e4 turvallisuutta.Pitk\u00e4 k\u00e4ytt\u00f6ik\u00e4 Huolellisella k\u00e4sittelyll\u00e4 py\u00f6re\u00e4\u00e4 turvamattoa ei tarvitse vaihtaa vuosittain. Kest\u00e4v\u00e4, UV- ja vedenkest\u00e4v\u00e4 310 g\/m\u00b2 PVC-pinta (500D), 15 mm paksu EPE-vaahtomuovi, korkealaatuinen 130 g\/m\u00b2 PE-pohja ja taitavasti ommellut saumat takaavat t\u00e4m\u00e4n trampoliinitarvikkeen pitk\u00e4n k\u00e4ytt\u00f6i\u00e4n.L\u00f6yd\u00e4 t\u00e4ydellinen koko: Mittaa trampoliinin halkaisija ennen ostamista, jotta reunapeite sopii t\u00e4ydellisesti. T\u00e4m\u00e4 SONGMICS-tuote sopii kaikkiin vakiokokoisiin trampoliineihin. Tuotetiedot:- V\u00e4ri: vaaleanpunainen &#8211; Materiaali: 310 g\/m\u00b2 PVC (500D), 15 mm EPE-vaahtomuovi, 130 g\/m\u00b2 PE &#8211; Koko: \u00d8 244 cm &#8211; Paino: 1,9 kg Toimitus sis\u00e4lt\u00e4\u00e4: &#8211; 1 x trampoliinin reunapeite SONGMICS Huomautukset:- Mittaa ennen ostamista trampoliinin halkaisija trampoliinin rungon uloimpaan reunaan asti (ei vain jousiin asti), jotta voit m\u00e4\u00e4ritt\u00e4\u00e4 suojapeitteen oikean koon. &#8211; Noudata t\u00e4m\u00e4n tuotteen turvallisuusohjeita. &#8211; Toimitus sis\u00e4lt\u00e4\u00e4 vain reunapeitteen, ei trampoliinia.<\/p>\n","protected":false},"excerpt":{"rendered":"<p>SONGMICS trampoliinin reunapeite, jousipeite vakiokokoisille 244 cm trampoliineille, \u00d8 244 cm, leveys 30 cm, UV-kest\u00e4v\u00e4, rep\u00e4isyluja trampoliinitarvike, reunasuojus, pinkki STP008P01<\/p>\n","protected":false},"featured_media":46342,"comment_status":"open","ping_status":"closed","template":"","meta":[],"product_brand":[],"product_cat":[32],"product_tag":[],"class_list":{"0":"post-38570","1":"product","2":"type-product","3":"status-publish","4":"has-post-thumbnail","6":"product_cat-uncategorized-fi","8":"first","9":"instock","10":"shipping-taxable","11":"purchasable","12":"product-type-simple"},"_links":{"self":[{"href":"https:\/\/nordicmart.andreevmaster.com\/fi\/wp-json\/wp\/v2\/product\/38570","targetHints":{"allow":["GET"]}}],"collection":[{"href":"https:\/\/nordicmart.andreevmaster.com\/fi\/wp-json\/wp\/v2\/product"}],"about":[{"href":"https:\/\/nordicmart.andreevmaster.com\/fi\/wp-json\/wp\/v2\/types\/product"}],"replies":[{"embeddable":true,"href":"https:\/\/nordicmart.andreevmaster.com\/fi\/wp-json\/wp\/v2\/comments?post=38570"}],"wp:featuredmedia":[{"embeddable":true,"href":"https:\/\/nordicmart.andreevmaster.com\/fi\/wp-json\/wp\/v2\/media\/46342"}],"wp:attachment":[{"href":"https:\/\/nordicmart.andreevmaster.com\/fi\/wp-json\/wp\/v2\/media?parent=38570"}],"wp:term":[{"taxonomy":"product_brand","embeddable":true,"href":"https:\/\/nordicmart.andreevmaster.com\/fi\/wp-json\/wp\/v2\/product_brand?post=38570"},{"taxonomy":"product_cat","embeddable":true,"href":"https:\/\/nordicmart.andreevmaster.com\/fi\/wp-json\/wp\/v2\/product_cat?post=38570"},{"taxonomy":"product_tag","embeddable":true,"href":"https:\/\/nordicmart.andreevmaster.com\/fi\/wp-json\/wp\/v2\/product_tag?post=38570"}],"curies":[{"name":"wp","href":"https:\/\/api.w.org\/{rel}","templated":true}]}}