{"id":38568,"date":"2026-02-27T00:44:40","date_gmt":"2026-02-27T00:44:40","guid":{"rendered":"https:\/\/nordicmart.andreevmaster.com\/product\/songmics-turvaverkko-trampoliinille-o-366-cm\/"},"modified":"2026-02-27T10:00:03","modified_gmt":"2026-02-27T10:00:03","slug":"songmics-turvaverkko-trampoliinille-o-366-cm","status":"publish","type":"product","link":"https:\/\/nordicmart.andreevmaster.com\/fi\/tuote\/songmics-turvaverkko-trampoliinille-o-366-cm\/","title":{"rendered":"SONGMICS turvaverkko trampoliinille \u00d8 366 cm"},"content":{"rendered":"<p>T\u00e4m\u00e4n aurinkovarjon edut: 180 g\/m\u00b2:n kangas tarjoaa korkean UV-suojan (UPF 50+). Laadukas metalliseosm\u00b2 tarjoaa korkean UV-suojan UPF 50+ Laadukas metalliseosmekanismi kest\u00e4\u00e4 p\u00e4ivitt\u00e4ist\u00e4 k\u00e4ytt\u00f6\u00e4 Paksunnettu metallimasto tarjoaa kest\u00e4v\u00e4n lujuuden ja tuo modernin ilmeen ulkotiloihisi 8 paksunnettua suorakulmaista tukia lis\u00e4\u00e4 lujuutta Kangas on helppo avata ja sulkea vivulla Kokoonpanoon riitt\u00e4\u00e4, ett\u00e4 kiinnit\u00e4t maston 2 osaa toisiinsa ja ruuvaat ne kiinni. Yl\u00e4osassa oleva tuuletusaukko tekee aurinkovarjosta vakaamman kevyess\u00e4 tuulessa. Ominaisuudet: V\u00e4ri: beige Materiaalit: Metallimasto, 180 g\/m\u00b2 polyesterikangas Kankaan halkaisija: 2,7 m Korkeus: 2,4 m Paino: 6,2 kg Toimitus: 1 x aurinkovarjo 1 x k\u00e4ytt\u00f6ohje (FR, EN, DE, ES, IT) SONGMICS:n varotoimet: Jalustaa ei toimiteta mukana.\u00c4l\u00e4 avaa aurinkovarjoa voimalla. S\u00e4\u00e4d\u00e4 kankaan kallistusta hitaasti. Sulje aurinkovarjo y\u00f6ll\u00e4, tuulisina tai sateisina p\u00e4ivin\u00e4 vahingoittumisen est\u00e4miseksi. Tuotteen k\u00e4ytt\u00f6i\u00e4n pident\u00e4miseksi on suositeltavaa s\u00e4ilytt\u00e4\u00e4 sit\u00e4 suojakotelossa (ei sis\u00e4lly toimitukseen).<\/p>\n","protected":false},"excerpt":{"rendered":"<p>SONGMICS trampoliinin turvaverkko, \u00d8 305 cm:n py\u00f6reille trampoliineille, vara-verkko 8 suoralle tangolle, suojaverkko puutarhatrampoliinille, musta STN10FT<\/p>\n","protected":false},"featured_media":46340,"comment_status":"open","ping_status":"closed","template":"","meta":[],"product_brand":[],"product_cat":[32],"product_tag":[],"class_list":{"0":"post-38568","1":"product","2":"type-product","3":"status-publish","4":"has-post-thumbnail","6":"product_cat-uncategorized-fi","8":"first","9":"instock","10":"shipping-taxable","11":"purchasable","12":"product-type-simple"},"_links":{"self":[{"href":"https:\/\/nordicmart.andreevmaster.com\/fi\/wp-json\/wp\/v2\/product\/38568","targetHints":{"allow":["GET"]}}],"collection":[{"href":"https:\/\/nordicmart.andreevmaster.com\/fi\/wp-json\/wp\/v2\/product"}],"about":[{"href":"https:\/\/nordicmart.andreevmaster.com\/fi\/wp-json\/wp\/v2\/types\/product"}],"replies":[{"embeddable":true,"href":"https:\/\/nordicmart.andreevmaster.com\/fi\/wp-json\/wp\/v2\/comments?post=38568"}],"wp:featuredmedia":[{"embeddable":true,"href":"https:\/\/nordicmart.andreevmaster.com\/fi\/wp-json\/wp\/v2\/media\/46340"}],"wp:attachment":[{"href":"https:\/\/nordicmart.andreevmaster.com\/fi\/wp-json\/wp\/v2\/media?parent=38568"}],"wp:term":[{"taxonomy":"product_brand","embeddable":true,"href":"https:\/\/nordicmart.andreevmaster.com\/fi\/wp-json\/wp\/v2\/product_brand?post=38568"},{"taxonomy":"product_cat","embeddable":true,"href":"https:\/\/nordicmart.andreevmaster.com\/fi\/wp-json\/wp\/v2\/product_cat?post=38568"},{"taxonomy":"product_tag","embeddable":true,"href":"https:\/\/nordicmart.andreevmaster.com\/fi\/wp-json\/wp\/v2\/product_tag?post=38568"}],"curies":[{"name":"wp","href":"https:\/\/api.w.org\/{rel}","templated":true}]}}