{"id":38566,"date":"2026-02-27T00:44:40","date_gmt":"2026-02-27T00:44:40","guid":{"rendered":"https:\/\/nordicmart.andreevmaster.com\/product\/songmics-turvaverkko-trampoliinille-o-305-cm\/"},"modified":"2026-02-27T10:00:03","modified_gmt":"2026-02-27T10:00:03","slug":"songmics-turvaverkko-trampoliinille-o-305-cm","status":"publish","type":"product","link":"https:\/\/nordicmart.andreevmaster.com\/fi\/tuote\/songmics-turvaverkko-trampoliinille-o-305-cm\/","title":{"rendered":"SONGMICS turvaverkko trampoliinille \u00d8 305 cm"},"content":{"rendered":"<p>Kun on aika vaihtaa trampoliinin turvaverkko, sinun on valittava tuotemerkki, johon voit luottaa. SONGMICS-trampoliiniverkko on valmistettu korkealaatuisista materiaaleista ja sen viimeistely on erinomainen: siihen voit luottaa! Turvallisuus on meille ensisijaisen t\u00e4rke\u00e4\u00e4 Turvallisuus alkaa tuotteen laadusta. Trampoliinin vara-verkko on valmistettu 120 g\/m\u00b2:n vahvasta PE-verkosta ja tarjoaa sinulle ja lapsillesi kattavan suojan trampoliinilla hyppimisen aikana. Lis\u00e4ksi kest\u00e4vist\u00e4 PE-materiaaleista valmistetut suojukset suojaavat trampoliinin tankoja erinomaisesti. Sopiiiko turvaverkko trampoliiniisi? L\u00f6yt\u00e4\u00e4ksesi sopivan turvaverkon trampoliinillesi, tarkista t\u00e4m\u00e4n suojaverkon tiedot huolellisesti ja varmista, ett\u00e4 verkko sopii tarkasti trampoliinisi mittoihin. Huomautus: T\u00e4m\u00e4 varaosa-verkko sopii \u00d8 305 cm:n trampoliineihin, joissa on 8 tankoa. Tuotetiedot:- V\u00e4ri: musta &#8211; Materiaali: 120 g\/m\u00b2 PE-verkko, PE-suojukset tukitangoille &#8211; Mitat: halkaisija 305 cm, korkeus 1,93 cm, 8 suojusta tangoille &#8211; Paino: 2,5 kg Toimitus sis\u00e4lt\u00e4\u00e4: &#8211; 1 x turvaverkko SONGMICS Huomautukset:- Kuvissa n\u00e4kyv\u00e4 trampoliini ei sis\u00e4lly toimitukseen. &#8211; Vaihda turvaverkko turvallisuussyist\u00e4 ajoissa, viimeist\u00e4\u00e4n heti, kun se on vaurioitunut. &#8211; \u00c4l\u00e4 roiku turvaverkossa tai ved\u00e4 siit\u00e4. &#8211; Tuote ei sovellu alle 3-vuotiaille lapsille. &#8211; Tuote on tarkoitettu vain kotik\u00e4ytt\u00f6\u00f6n.<\/p>\n","protected":false},"excerpt":{"rendered":"<p>SONGMICS trampoliinin turvaverkko, \u00d8 305 cm:n py\u00f6reille trampoliineille, vara-verkko 8 suoralle tangolle, suojaverkko puutarhatrampoliinille, musta STN10FT<\/p>\n","protected":false},"featured_media":46338,"comment_status":"open","ping_status":"closed","template":"","meta":[],"product_brand":[],"product_cat":[32],"product_tag":[],"class_list":{"0":"post-38566","1":"product","2":"type-product","3":"status-publish","4":"has-post-thumbnail","6":"product_cat-uncategorized-fi","8":"first","9":"instock","10":"shipping-taxable","11":"purchasable","12":"product-type-simple"},"_links":{"self":[{"href":"https:\/\/nordicmart.andreevmaster.com\/fi\/wp-json\/wp\/v2\/product\/38566","targetHints":{"allow":["GET"]}}],"collection":[{"href":"https:\/\/nordicmart.andreevmaster.com\/fi\/wp-json\/wp\/v2\/product"}],"about":[{"href":"https:\/\/nordicmart.andreevmaster.com\/fi\/wp-json\/wp\/v2\/types\/product"}],"replies":[{"embeddable":true,"href":"https:\/\/nordicmart.andreevmaster.com\/fi\/wp-json\/wp\/v2\/comments?post=38566"}],"wp:featuredmedia":[{"embeddable":true,"href":"https:\/\/nordicmart.andreevmaster.com\/fi\/wp-json\/wp\/v2\/media\/46338"}],"wp:attachment":[{"href":"https:\/\/nordicmart.andreevmaster.com\/fi\/wp-json\/wp\/v2\/media?parent=38566"}],"wp:term":[{"taxonomy":"product_brand","embeddable":true,"href":"https:\/\/nordicmart.andreevmaster.com\/fi\/wp-json\/wp\/v2\/product_brand?post=38566"},{"taxonomy":"product_cat","embeddable":true,"href":"https:\/\/nordicmart.andreevmaster.com\/fi\/wp-json\/wp\/v2\/product_cat?post=38566"},{"taxonomy":"product_tag","embeddable":true,"href":"https:\/\/nordicmart.andreevmaster.com\/fi\/wp-json\/wp\/v2\/product_tag?post=38566"}],"curies":[{"name":"wp","href":"https:\/\/api.w.org\/{rel}","templated":true}]}}