{"id":38556,"date":"2026-02-27T00:44:37","date_gmt":"2026-02-27T00:44:37","guid":{"rendered":"https:\/\/nordicmart.andreevmaster.com\/product\/songmics-steppilauta-korkeussaadettava\/"},"modified":"2026-02-27T10:00:00","modified_gmt":"2026-02-27T10:00:00","slug":"songmics-steppilauta-korkeussaadettava","status":"publish","type":"product","link":"https:\/\/nordicmart.andreevmaster.com\/fi\/tuote\/songmics-steppilauta-korkeussaadettava\/","title":{"rendered":"SONGMICS Steppilauta, korkeuss\u00e4\u00e4dett\u00e4v\u00e4"},"content":{"rendered":"<p>Tuotetiedot: V\u00e4ri: musta-punainen Materiaali: PP-muovi, TPE-kumityynyt Koko: 68 x 27 x (10\/15\/20) cm (P x L x K) Tukipalan koko: 28 x 11,5 cm (P x L)Vastuskuminauhan mitat: 600 (ymp\u00e4rysmitta) x 50 (leveys) x 0,65 mm (paksuus)Paino: 3,5 kgMaks. staattinen kantavuus: 100 kgToimitus sis\u00e4lt\u00e4\u00e4:1 x steppilauta4 x tukipala1 x vastuskuminauhaSONGMICS Huomautukset:K\u00e4yt\u00e4 tuotetta tasaisella ja kuivalla alustalla, \u00e4l\u00e4 miss\u00e4\u00e4n tapauksessa liukkaalla pinnalla, jossa on vesi- tai \u00f6ljytahroja, jotta v\u00e4lt\u00e4t liukastumisesta johtuvat loukkaantumiset. Pid\u00e4 lapset ja lemmikkiel\u00e4imet poissa tuotteen l\u00e4heisyydest\u00e4.<\/p>\n","protected":false},"excerpt":{"rendered":"<p>SONGMICS aerobic-stepperi, stepperi vastusnauhalla, korkeuss\u00e4\u00e4dett\u00e4v\u00e4 (10\/15\/20 cm) alusta, 68 x 27 cm steppenkki kuntoiluun, kotona ja toimistossa harjoitteluun, musta-harmaa STE684G01<\/p>\n","protected":false},"featured_media":0,"comment_status":"open","ping_status":"closed","template":"","meta":[],"product_brand":[],"product_cat":[32],"product_tag":[],"class_list":{"0":"post-38556","1":"product","2":"type-product","3":"status-publish","5":"product_cat-uncategorized-fi","7":"first","8":"instock","9":"shipping-taxable","10":"purchasable","11":"product-type-simple"},"_links":{"self":[{"href":"https:\/\/nordicmart.andreevmaster.com\/fi\/wp-json\/wp\/v2\/product\/38556","targetHints":{"allow":["GET"]}}],"collection":[{"href":"https:\/\/nordicmart.andreevmaster.com\/fi\/wp-json\/wp\/v2\/product"}],"about":[{"href":"https:\/\/nordicmart.andreevmaster.com\/fi\/wp-json\/wp\/v2\/types\/product"}],"replies":[{"embeddable":true,"href":"https:\/\/nordicmart.andreevmaster.com\/fi\/wp-json\/wp\/v2\/comments?post=38556"}],"wp:attachment":[{"href":"https:\/\/nordicmart.andreevmaster.com\/fi\/wp-json\/wp\/v2\/media?parent=38556"}],"wp:term":[{"taxonomy":"product_brand","embeddable":true,"href":"https:\/\/nordicmart.andreevmaster.com\/fi\/wp-json\/wp\/v2\/product_brand?post=38556"},{"taxonomy":"product_cat","embeddable":true,"href":"https:\/\/nordicmart.andreevmaster.com\/fi\/wp-json\/wp\/v2\/product_cat?post=38556"},{"taxonomy":"product_tag","embeddable":true,"href":"https:\/\/nordicmart.andreevmaster.com\/fi\/wp-json\/wp\/v2\/product_tag?post=38556"}],"curies":[{"name":"wp","href":"https:\/\/api.w.org\/{rel}","templated":true}]}}