{"id":38555,"date":"2026-02-27T00:44:37","date_gmt":"2026-02-27T00:44:37","guid":{"rendered":"https:\/\/nordicmart.andreevmaster.com\/product\/songmics-aerobic-stepperi\/"},"modified":"2026-02-27T10:00:00","modified_gmt":"2026-02-27T10:00:00","slug":"songmics-aerobic-stepperi","status":"publish","type":"product","link":"https:\/\/nordicmart.andreevmaster.com\/fi\/tuote\/songmics-aerobic-stepperi\/","title":{"rendered":"SONGMICS aerobic-stepperi"},"content":{"rendered":"<p>Ota kaikki irti kotitreenist\u00e4si ja v\u00e4h\u00e4isest\u00e4 ajastasi! Kest\u00e4v\u00e4n materiaalin ja vankan rakenteen ansiosta t\u00e4m\u00e4 stepperi kest\u00e4\u00e4 k\u00e4yt\u00f6ss\u00e4 vuosia. Asennus on helppoa \u2013 pinoa vain tukipalat p\u00e4\u00e4llekk\u00e4in ja valmista. Olipa kyseess\u00e4 kuntosali, koti tai toimisto, t\u00e4m\u00e4 stepperi on helppo ottaa mukaan minne tahansa.T\u00e4m\u00e4n steppilaudan kohokohdat: Helppo kuljettaa ja puhdistaa Luistamaton tarttumaton pinta Kest\u00e4\u00e4 jopa 100 kg:n painon Suuri pinta-ala intensiiviseen ja haastavaan syd\u00e4nliikuntaan Auttaa sinua parantamaan kuntoasi kotona, toimistossa tai ulkona Luistamattomat tyynyt takaavat vakauden ja suojaavat lattiaasi naarmuilta Tuotetiedot:V\u00e4ri: musta-turkoosi Materiaali: PP-muovi, TPE-kumityynyt Koko: 68 x 27 x (10\/15\/20) cm (P x L x K) Tukipalan koko: 28 x 11,5 cm (P x L)Vastuskuminauhan mitat: 600 (ymp\u00e4rysmitta) x 50 (leveys) x 0,65 mm (paksuus)Paino: 3,5 kgMaks. staattinen kantavuus: 100 kgToimitus sis\u00e4lt\u00e4\u00e4:1 x steppilauta4 x tukipala1 x vastuskuminauhaSONGMICS-ohjeet:K\u00e4yt\u00e4 tuotetta tasaisella ja kuivalla alustalla, \u00e4l\u00e4 miss\u00e4\u00e4n tapauksessa liukkaalla pinnalla, jossa on vesi- tai \u00f6ljytahroja, jotta v\u00e4lt\u00e4t liukastumisesta johtuvat loukkaantumiset. Pid\u00e4 lapset ja lemmikkiel\u00e4imet poissa tuotteen l\u00e4heisyydest\u00e4.<\/p>\n","protected":false},"excerpt":{"rendered":"<p>SONGMICS aerobic-stepperi, stepperi vastusnauhalla, korkeuss\u00e4\u00e4dett\u00e4v\u00e4 (10\/15\/20 cm) alusta, 68 x 27 cm steppenkki kuntoiluun, kotona ja toimistossa harjoitteluun, musta-harmaa STE684G01<\/p>\n","protected":false},"featured_media":46328,"comment_status":"open","ping_status":"closed","template":"","meta":[],"product_brand":[],"product_cat":[32],"product_tag":[],"class_list":{"0":"post-38555","1":"product","2":"type-product","3":"status-publish","4":"has-post-thumbnail","6":"product_cat-uncategorized-fi","8":"first","9":"instock","10":"shipping-taxable","11":"purchasable","12":"product-type-simple"},"_links":{"self":[{"href":"https:\/\/nordicmart.andreevmaster.com\/fi\/wp-json\/wp\/v2\/product\/38555","targetHints":{"allow":["GET"]}}],"collection":[{"href":"https:\/\/nordicmart.andreevmaster.com\/fi\/wp-json\/wp\/v2\/product"}],"about":[{"href":"https:\/\/nordicmart.andreevmaster.com\/fi\/wp-json\/wp\/v2\/types\/product"}],"replies":[{"embeddable":true,"href":"https:\/\/nordicmart.andreevmaster.com\/fi\/wp-json\/wp\/v2\/comments?post=38555"}],"wp:featuredmedia":[{"embeddable":true,"href":"https:\/\/nordicmart.andreevmaster.com\/fi\/wp-json\/wp\/v2\/media\/46328"}],"wp:attachment":[{"href":"https:\/\/nordicmart.andreevmaster.com\/fi\/wp-json\/wp\/v2\/media?parent=38555"}],"wp:term":[{"taxonomy":"product_brand","embeddable":true,"href":"https:\/\/nordicmart.andreevmaster.com\/fi\/wp-json\/wp\/v2\/product_brand?post=38555"},{"taxonomy":"product_cat","embeddable":true,"href":"https:\/\/nordicmart.andreevmaster.com\/fi\/wp-json\/wp\/v2\/product_cat?post=38555"},{"taxonomy":"product_tag","embeddable":true,"href":"https:\/\/nordicmart.andreevmaster.com\/fi\/wp-json\/wp\/v2\/product_tag?post=38555"}],"curies":[{"name":"wp","href":"https:\/\/api.w.org\/{rel}","templated":true}]}}