{"id":38554,"date":"2026-02-27T00:44:36","date_gmt":"2026-02-27T00:44:36","guid":{"rendered":"https:\/\/nordicmart.andreevmaster.com\/product\/songmics-aerobic-steppilauta-musta-harmaa\/"},"modified":"2026-02-27T10:00:00","modified_gmt":"2026-02-27T10:00:00","slug":"songmics-aerobic-steppilauta-musta-harmaa","status":"publish","type":"product","link":"https:\/\/nordicmart.andreevmaster.com\/fi\/tuote\/songmics-aerobic-steppilauta-musta-harmaa\/","title":{"rendered":"SONGMICS aerobic-steppilauta, musta-harmaa"},"content":{"rendered":"<p>Ota enemm\u00e4n irti kotitreeneist\u00e4si ja rajallisesta ajastasi! T\u00e4m\u00e4 aerobic-steppilauta on kest\u00e4v\u00e4 ja valmistettu materiaaleista, jotka kest\u00e4v\u00e4t vuosia. Asennus on helppoa, sinun tarvitsee vain koota se ja olet valmis treenaamaan! Olipa kyseess\u00e4 kuntosali, koti tai toimisto, sen kevyt rakenne varmistaa, ett\u00e4 voit kuljettaa sit\u00e4 paikasta toiseen. T\u00e4m\u00e4n fitness-askelmatelineen kohokohdat: &#8211; Helppo kuljettaa, kantaa ja puhdistaa. &#8211; Iskuja vaimentava, tarttumaton ja luistamaton pinta. &#8211; Suunniteltu kest\u00e4m\u00e4\u00e4n jopa 100 kg:n painot. &#8211; Suuri pinta intensiivisen syd\u00e4nliikunnan harjoitteluun.- Se auttaa parantamaan kuntoasi riippumatta siit\u00e4, oletko kotona, toimistossa tai ulkona.- Luistamattomat jalkatuket est\u00e4v\u00e4t liukumisen ja naarmujen syntymisen lattiaan. Tekniset tiedot: &#8211; V\u00e4ri: musta, harmaa &#8211; Materiaali: PP-muovi, TPE-kumityynyt &#8211; Tuotteen koko: 68 x 27 x (10\/15\/20) cm (P x L x K) &#8211; Korkeuden s\u00e4\u00e4t\u00f6: 28 x 11,5 cm (P x L) &#8211; Vastuskuminauhan koko: 600 (ymp\u00e4rysmitta) x 50 (leveys) x 0,65 mm (paksuus) &#8211; Tuotteen paino: 3,5 kg &#8211; Maks. staattinen kuormituskapasiteetti: 100 kg -Pid\u00e4 lapset ja lemmikkiel\u00e4imet poissa tuotteesta. Pakkauksen sis\u00e4lt\u00f6: &#8211; 1 x aerobic-stepperi &#8211; 4 x korotusosa &#8211; 1 x vastusnauha SONGMICS Huomautukset: &#8211; K\u00e4yt\u00e4 tasaisella, kuivalla alustalla. \u00c4l\u00e4 k\u00e4yt\u00e4 liukkaalla pinnalla, jossa on vesi- tai \u00f6ljytahroja, jotta v\u00e4lt\u00e4t liukastumisesta johtuvat vammat.<\/p>\n","protected":false},"excerpt":{"rendered":"<p>SONGMICS aerobic-stepperi, stepperi vastusnauhalla, korkeuss\u00e4\u00e4dett\u00e4v\u00e4 (10\/15\/20 cm) alusta, 68 x 27 cm steppenkki kuntoiluun, kotona ja toimistossa harjoitteluun, musta-harmaa STE684G01<\/p>\n","protected":false},"featured_media":46327,"comment_status":"open","ping_status":"closed","template":"","meta":[],"product_brand":[],"product_cat":[32],"product_tag":[],"class_list":{"0":"post-38554","1":"product","2":"type-product","3":"status-publish","4":"has-post-thumbnail","6":"product_cat-uncategorized-fi","8":"first","9":"instock","10":"shipping-taxable","11":"purchasable","12":"product-type-simple"},"_links":{"self":[{"href":"https:\/\/nordicmart.andreevmaster.com\/fi\/wp-json\/wp\/v2\/product\/38554","targetHints":{"allow":["GET"]}}],"collection":[{"href":"https:\/\/nordicmart.andreevmaster.com\/fi\/wp-json\/wp\/v2\/product"}],"about":[{"href":"https:\/\/nordicmart.andreevmaster.com\/fi\/wp-json\/wp\/v2\/types\/product"}],"replies":[{"embeddable":true,"href":"https:\/\/nordicmart.andreevmaster.com\/fi\/wp-json\/wp\/v2\/comments?post=38554"}],"wp:featuredmedia":[{"embeddable":true,"href":"https:\/\/nordicmart.andreevmaster.com\/fi\/wp-json\/wp\/v2\/media\/46327"}],"wp:attachment":[{"href":"https:\/\/nordicmart.andreevmaster.com\/fi\/wp-json\/wp\/v2\/media?parent=38554"}],"wp:term":[{"taxonomy":"product_brand","embeddable":true,"href":"https:\/\/nordicmart.andreevmaster.com\/fi\/wp-json\/wp\/v2\/product_brand?post=38554"},{"taxonomy":"product_cat","embeddable":true,"href":"https:\/\/nordicmart.andreevmaster.com\/fi\/wp-json\/wp\/v2\/product_cat?post=38554"},{"taxonomy":"product_tag","embeddable":true,"href":"https:\/\/nordicmart.andreevmaster.com\/fi\/wp-json\/wp\/v2\/product_tag?post=38554"}],"curies":[{"name":"wp","href":"https:\/\/api.w.org\/{rel}","templated":true}]}}