{"id":38551,"date":"2026-02-27T00:44:35","date_gmt":"2026-02-27T00:44:35","guid":{"rendered":"https:\/\/nordicmart.andreevmaster.com\/product\/songmics-suojapeite-o-305-cm-trampoliinille\/"},"modified":"2026-02-27T09:59:59","modified_gmt":"2026-02-27T09:59:59","slug":"songmics-suojapeite-o-305-cm-trampoliinille","status":"publish","type":"product","link":"https:\/\/nordicmart.andreevmaster.com\/fi\/tuote\/songmics-suojapeite-o-305-cm-trampoliinille\/","title":{"rendered":"SONGMICS-suojapeite \u00d8 305 cm trampoliinille"},"content":{"rendered":"<p>T\u00e4m\u00e4 peite pit\u00e4\u00e4 trampoliinin hyv\u00e4ss\u00e4 kunnossa my\u00f6s huonoissa s\u00e4\u00e4olosuhteissa ja pident\u00e4\u00e4 sen k\u00e4ytt\u00f6ik\u00e4\u00e4! T\u00e4m\u00e4n trampoliinipeitteen kohokohdat: &#8211; Vedenpoistoaukot: peitteen keskell\u00e4 olevat aukot mahdollistavat kertyneen sadeveden valumisen. &#8211; Nopea asennus: joustavat nauhat ja koukut auttavat kiinnitt\u00e4m\u00e4\u00e4n peitteen helposti. Kun haluat hyp\u00e4t\u00e4 trampoliinilla, peitteen voi poistaa. &#8211; Hyv\u00e4 suoja: Kest\u00e4v\u00e4st\u00e4 PE-materiaalista valmistettu peite suojaa trampoliinia eri vuodenaikoina ja suojaa sit\u00e4 UV-s\u00e4teilylt\u00e4, siitep\u00f6lylt\u00e4, lehdilt\u00e4, lumelta jne. &#8211; T\u00e4rke\u00e4 huomautus: Huomaa, ett\u00e4 t\u00e4m\u00e4 peite sopii vain py\u00f6re\u00e4lle trampoliinille. Mittaa trampoliinisi ennen tilaamista ja tarkista, sopiiko t\u00e4m\u00e4 peite siihen. Tuotetiedot: &#8211; V\u00e4ri: musta &#8211; Materiaali: PE (polyeteeni) &#8211; Koko: \u00d8 326 cm &#8211; Paino: 1,2 kg Toimitus sis\u00e4lt\u00e4\u00e4: &#8211; 1 x trampoliinin peite SONGMICS Huomautukset:- Ei sovellu alle 3-vuotiaille lapsille. &#8211; Suunniteltu vain henkil\u00f6kohtaiseen k\u00e4ytt\u00f6\u00f6n. &#8211; Mittaa trampoliinin koko ennen ostamista ja tarkista, sopiiko peite trampoliiniin. Vain trampoliineille, joiden halkaisija on 305 cm.<\/p>\n","protected":false},"excerpt":{"rendered":"<p>SONGMICS peite \u00d8 305 cm trampoliinille, peitekangas, vesivaluaukot, s\u00e4\u00e4suojapeite, suojaa auringolta, lehdilt\u00e4, lumelta ja lialta, joustavat nauhat ja koukut, musta STC010B01<\/p>\n","protected":false},"featured_media":46324,"comment_status":"open","ping_status":"closed","template":"","meta":[],"product_brand":[],"product_cat":[32],"product_tag":[],"class_list":{"0":"post-38551","1":"product","2":"type-product","3":"status-publish","4":"has-post-thumbnail","6":"product_cat-uncategorized-fi","8":"first","9":"instock","10":"shipping-taxable","11":"purchasable","12":"product-type-simple"},"_links":{"self":[{"href":"https:\/\/nordicmart.andreevmaster.com\/fi\/wp-json\/wp\/v2\/product\/38551","targetHints":{"allow":["GET"]}}],"collection":[{"href":"https:\/\/nordicmart.andreevmaster.com\/fi\/wp-json\/wp\/v2\/product"}],"about":[{"href":"https:\/\/nordicmart.andreevmaster.com\/fi\/wp-json\/wp\/v2\/types\/product"}],"replies":[{"embeddable":true,"href":"https:\/\/nordicmart.andreevmaster.com\/fi\/wp-json\/wp\/v2\/comments?post=38551"}],"wp:featuredmedia":[{"embeddable":true,"href":"https:\/\/nordicmart.andreevmaster.com\/fi\/wp-json\/wp\/v2\/media\/46324"}],"wp:attachment":[{"href":"https:\/\/nordicmart.andreevmaster.com\/fi\/wp-json\/wp\/v2\/media?parent=38551"}],"wp:term":[{"taxonomy":"product_brand","embeddable":true,"href":"https:\/\/nordicmart.andreevmaster.com\/fi\/wp-json\/wp\/v2\/product_brand?post=38551"},{"taxonomy":"product_cat","embeddable":true,"href":"https:\/\/nordicmart.andreevmaster.com\/fi\/wp-json\/wp\/v2\/product_cat?post=38551"},{"taxonomy":"product_tag","embeddable":true,"href":"https:\/\/nordicmart.andreevmaster.com\/fi\/wp-json\/wp\/v2\/product_tag?post=38551"}],"curies":[{"name":"wp","href":"https:\/\/api.w.org\/{rel}","templated":true}]}}