{"id":38550,"date":"2026-02-27T00:44:35","date_gmt":"2026-02-27T00:44:35","guid":{"rendered":"https:\/\/nordicmart.andreevmaster.com\/product\/songmics-peite-o-244-cm-trampoliinille\/"},"modified":"2026-02-27T09:59:59","modified_gmt":"2026-02-27T09:59:59","slug":"songmics-peite-o-244-cm-trampoliinille","status":"publish","type":"product","link":"https:\/\/nordicmart.andreevmaster.com\/fi\/tuote\/songmics-peite-o-244-cm-trampoliinille\/","title":{"rendered":"SONGMICS-peite \u00d8 244 cm trampoliinille"},"content":{"rendered":"<p>SONGMICS peite \u00d8 305 cm trampoliinille, peitekangas, vesivaluaukot, s\u00e4\u00e4suojapeite, suojaa auringolta, lehdilt\u00e4, lumelta ja lialta, joustavat nauhat ja koukut, musta STC010B01<br \/>\nV\u00e4ri: musta<br \/>\nMateriaali: PE (polyeteeni)<br \/>\nPaino: 0,8 kg<\/p>\n","protected":false},"excerpt":{"rendered":"<p>SONGMICS peite \u00d8 305 cm trampoliinille, peitekangas, vesivaluaukot, s\u00e4\u00e4suojapeite, suojaa auringolta, lehdilt\u00e4, lumelta ja lialta, joustavat nauhat ja koukut, musta STC010B01<\/p>\n","protected":false},"featured_media":46323,"comment_status":"open","ping_status":"closed","template":"","meta":[],"product_brand":[],"product_cat":[32],"product_tag":[],"class_list":{"0":"post-38550","1":"product","2":"type-product","3":"status-publish","4":"has-post-thumbnail","6":"product_cat-uncategorized-fi","8":"first","9":"instock","10":"shipping-taxable","11":"purchasable","12":"product-type-simple"},"_links":{"self":[{"href":"https:\/\/nordicmart.andreevmaster.com\/fi\/wp-json\/wp\/v2\/product\/38550","targetHints":{"allow":["GET"]}}],"collection":[{"href":"https:\/\/nordicmart.andreevmaster.com\/fi\/wp-json\/wp\/v2\/product"}],"about":[{"href":"https:\/\/nordicmart.andreevmaster.com\/fi\/wp-json\/wp\/v2\/types\/product"}],"replies":[{"embeddable":true,"href":"https:\/\/nordicmart.andreevmaster.com\/fi\/wp-json\/wp\/v2\/comments?post=38550"}],"wp:featuredmedia":[{"embeddable":true,"href":"https:\/\/nordicmart.andreevmaster.com\/fi\/wp-json\/wp\/v2\/media\/46323"}],"wp:attachment":[{"href":"https:\/\/nordicmart.andreevmaster.com\/fi\/wp-json\/wp\/v2\/media?parent=38550"}],"wp:term":[{"taxonomy":"product_brand","embeddable":true,"href":"https:\/\/nordicmart.andreevmaster.com\/fi\/wp-json\/wp\/v2\/product_brand?post=38550"},{"taxonomy":"product_cat","embeddable":true,"href":"https:\/\/nordicmart.andreevmaster.com\/fi\/wp-json\/wp\/v2\/product_cat?post=38550"},{"taxonomy":"product_tag","embeddable":true,"href":"https:\/\/nordicmart.andreevmaster.com\/fi\/wp-json\/wp\/v2\/product_tag?post=38550"}],"curies":[{"name":"wp","href":"https:\/\/api.w.org\/{rel}","templated":true}]}}