{"id":38549,"date":"2026-02-27T00:44:35","date_gmt":"2026-02-27T00:44:35","guid":{"rendered":"https:\/\/nordicmart.andreevmaster.com\/product\/songmics-trampoliini-o-244-cm-hyppymatto\/"},"modified":"2026-02-27T09:59:59","modified_gmt":"2026-02-27T09:59:59","slug":"songmics-trampoliini-o-244-cm-hyppymatto","status":"publish","type":"product","link":"https:\/\/nordicmart.andreevmaster.com\/fi\/tuote\/songmics-trampoliini-o-244-cm-hyppymatto\/","title":{"rendered":"SONGMICS trampoliini \u00d8 244 cm hyppymatto"},"content":{"rendered":"<p>Tuotetiedot: &#8211; V\u00e4ri: musta &#8211; Materiaali: 265 g\/m\u00b2 PP-muovi (polypropeeni), galvanoitu rauta &#8211; Koko: \u00d8 202 cm &#8211; Paino: 2,5 kg &#8211; Maks. staattinen kantavuus: 150 kg Toimitus sis\u00e4lt\u00e4\u00e4: &#8211; 1 x trampoliinin hyppymatto SONGMICS-ohjeet: &#8211; Alle 3-vuotiaat lapset eiv\u00e4t saa k\u00e4ytt\u00e4\u00e4 t\u00e4t\u00e4 tuotetta. Vanhemmat lapset saavat k\u00e4ytt\u00e4\u00e4 sit\u00e4 vain aikuisen valvonnassa. &#8211; Vain yksityisk\u00e4ytt\u00f6\u00f6n. &#8211; Mittaa ensin trampoliinin halkaisija ja tarkista jousien lukum\u00e4\u00e4r\u00e4 ja pituus ennen t\u00e4m\u00e4n tuotteen tilaamista.<\/p>\n","protected":false},"excerpt":{"rendered":"<p>SONGMICS trampoliinin hyppymatto, halkaisija 202 cm, \u00d8 244 cm:n py\u00f6reille trampoliineille, 42 silmukalla 13,5\u201314 cm:n pituisille jousille, trampoliinin lis\u00e4varusteet, musta STB8BK<\/p>\n","protected":false},"featured_media":46322,"comment_status":"open","ping_status":"closed","template":"","meta":[],"product_brand":[],"product_cat":[32],"product_tag":[],"class_list":{"0":"post-38549","1":"product","2":"type-product","3":"status-publish","4":"has-post-thumbnail","6":"product_cat-uncategorized-fi","8":"first","9":"instock","10":"shipping-taxable","11":"purchasable","12":"product-type-simple"},"_links":{"self":[{"href":"https:\/\/nordicmart.andreevmaster.com\/fi\/wp-json\/wp\/v2\/product\/38549","targetHints":{"allow":["GET"]}}],"collection":[{"href":"https:\/\/nordicmart.andreevmaster.com\/fi\/wp-json\/wp\/v2\/product"}],"about":[{"href":"https:\/\/nordicmart.andreevmaster.com\/fi\/wp-json\/wp\/v2\/types\/product"}],"replies":[{"embeddable":true,"href":"https:\/\/nordicmart.andreevmaster.com\/fi\/wp-json\/wp\/v2\/comments?post=38549"}],"wp:featuredmedia":[{"embeddable":true,"href":"https:\/\/nordicmart.andreevmaster.com\/fi\/wp-json\/wp\/v2\/media\/46322"}],"wp:attachment":[{"href":"https:\/\/nordicmart.andreevmaster.com\/fi\/wp-json\/wp\/v2\/media?parent=38549"}],"wp:term":[{"taxonomy":"product_brand","embeddable":true,"href":"https:\/\/nordicmart.andreevmaster.com\/fi\/wp-json\/wp\/v2\/product_brand?post=38549"},{"taxonomy":"product_cat","embeddable":true,"href":"https:\/\/nordicmart.andreevmaster.com\/fi\/wp-json\/wp\/v2\/product_cat?post=38549"},{"taxonomy":"product_tag","embeddable":true,"href":"https:\/\/nordicmart.andreevmaster.com\/fi\/wp-json\/wp\/v2\/product_tag?post=38549"}],"curies":[{"name":"wp","href":"https:\/\/api.w.org\/{rel}","templated":true}]}}