{"id":38547,"date":"2026-02-27T00:44:34","date_gmt":"2026-02-27T00:44:34","guid":{"rendered":"https:\/\/nordicmart.andreevmaster.com\/product\/songmics-trampoliini-o-305-cm-hyppymatto\/"},"modified":"2026-02-27T09:59:58","modified_gmt":"2026-02-27T09:59:58","slug":"songmics-trampoliini-o-305-cm-hyppymatto","status":"publish","type":"product","link":"https:\/\/nordicmart.andreevmaster.com\/fi\/tuote\/songmics-trampoliini-o-305-cm-hyppymatto\/","title":{"rendered":"SONGMICS trampoliini \u00d8 305 cm hyppymatto"},"content":{"rendered":"<p>SONGMICS trampoliinin hyppymatto, halkaisija 202 cm, \u00d8 244 cm:n py\u00f6reille trampoliineille, 42 silmukalla 13,5\u201314 cm:n pituisille jousille, trampoliinin lis\u00e4varusteet, musta STB8BK<br \/>\nV\u00e4ri: musta<br \/>\nMateriaali: 265 g\/m\u00b2 PP-muovi (polypropeeni), galvanoitu ter\u00e4s<br \/>\nKoko: \u00d8 263 cm<br \/>\nPaino: 3,1 kg<br \/>\nMaks. staattinen kantavuus: 150 kg<\/p>\n","protected":false},"excerpt":{"rendered":"<p>SONGMICS trampoliinin hyppymatto, halkaisija 202 cm, \u00d8 244 cm:n py\u00f6reille trampoliineille, 42 silmukalla 13,5\u201314 cm:n pituisille jousille, trampoliinin lis\u00e4varusteet, musta STB8BK<\/p>\n","protected":false},"featured_media":46320,"comment_status":"open","ping_status":"closed","template":"","meta":[],"product_brand":[],"product_cat":[32],"product_tag":[],"class_list":{"0":"post-38547","1":"product","2":"type-product","3":"status-publish","4":"has-post-thumbnail","6":"product_cat-uncategorized-fi","8":"first","9":"instock","10":"shipping-taxable","11":"purchasable","12":"product-type-simple"},"_links":{"self":[{"href":"https:\/\/nordicmart.andreevmaster.com\/fi\/wp-json\/wp\/v2\/product\/38547","targetHints":{"allow":["GET"]}}],"collection":[{"href":"https:\/\/nordicmart.andreevmaster.com\/fi\/wp-json\/wp\/v2\/product"}],"about":[{"href":"https:\/\/nordicmart.andreevmaster.com\/fi\/wp-json\/wp\/v2\/types\/product"}],"replies":[{"embeddable":true,"href":"https:\/\/nordicmart.andreevmaster.com\/fi\/wp-json\/wp\/v2\/comments?post=38547"}],"wp:featuredmedia":[{"embeddable":true,"href":"https:\/\/nordicmart.andreevmaster.com\/fi\/wp-json\/wp\/v2\/media\/46320"}],"wp:attachment":[{"href":"https:\/\/nordicmart.andreevmaster.com\/fi\/wp-json\/wp\/v2\/media?parent=38547"}],"wp:term":[{"taxonomy":"product_brand","embeddable":true,"href":"https:\/\/nordicmart.andreevmaster.com\/fi\/wp-json\/wp\/v2\/product_brand?post=38547"},{"taxonomy":"product_cat","embeddable":true,"href":"https:\/\/nordicmart.andreevmaster.com\/fi\/wp-json\/wp\/v2\/product_cat?post=38547"},{"taxonomy":"product_tag","embeddable":true,"href":"https:\/\/nordicmart.andreevmaster.com\/fi\/wp-json\/wp\/v2\/product_tag?post=38547"}],"curies":[{"name":"wp","href":"https:\/\/api.w.org\/{rel}","templated":true}]}}