{"id":38543,"date":"2026-02-27T00:44:33","date_gmt":"2026-02-27T00:44:33","guid":{"rendered":"https:\/\/nordicmart.andreevmaster.com\/product\/shining-star-vuodevaatteet-taytteen-koko-m\/"},"modified":"2026-02-27T09:59:57","modified_gmt":"2026-02-27T09:59:57","slug":"shining-star-vuodevaatteet-taytteen-koko-m","status":"publish","type":"product","link":"https:\/\/nordicmart.andreevmaster.com\/fi\/tuote\/shining-star-vuodevaatteet-taytteen-koko-m\/","title":{"rendered":"Shining Star -vuodevaatteet, t\u00e4ytteen koko M"},"content":{"rendered":"<p>Kaunis ja herkk\u00e4 vuodevaatteiden setti, joka sopii sek\u00e4 pojalle ett\u00e4 tyt\u00f6lle. Viimeisen silauksen antaa hopeinen reunus, jonka olemme lis\u00e4nneet peittoon ja tyynyyn. <\/p>\n<p>Vuodevaatteet ovat kevyet, herk\u00e4t eiv\u00e4tk\u00e4 ime kosteutta, kiitos hypoallergeenisen silikonikuituisen t\u00e4ytteen. Laadukkaat, sertifioidusta puuvillasta valmistetut p\u00e4\u00e4lliset ovat hengitt\u00e4vi\u00e4 ja takaavat lapsellesi mukavan unen.<\/p>\n<p>Vuodevaatteet, t\u00e4yte mukaan lukien, voidaan pest\u00e4 pesukoneessa, mik\u00e4 tekee niist\u00e4 k\u00e4yt\u00e4nn\u00f6lliset ja hygieeniset. <\/p>\n<p>**Yksityiskohdat:**<br \/>\n&#8211; suunniteltu ja valmistettu Puolassa<br \/>\n&#8211; painetut elementit eiv\u00e4t haalistu (edes toistuvien pesujen j\u00e4lkeen)<br \/>\n&#8211; alkuper\u00e4iset t\u00e4htikuvioinnit peitteiden molemmilla puolilla<br \/>\n&#8211; 100 % puuvillaa, langan paino 150 g\/m2 ja Oeko-Tex Standard 100 IW00034 -sertifikaatti; hypoallergeeninen 200 g\/m2 silikonikuitu<br \/>\n&#8211; pesul\u00e4mp\u00f6tila: 30 \u00b0C<\/p>\n<p>**Koko:**<br \/>\nTyyny: 40 x 60 cm<br \/>\nP\u00e4\u00e4llys: 100 x 135 cm<br \/>\nPienille lapsille (0\u20135-vuotiaille):<\/p>\n<p>**Suositellaan t\u00e4h\u00e4n sarjaan:**<br \/>\nT\u00e4m\u00e4n vuodevaatteiden sarjan lis\u00e4varusteet:<br \/>\n\u2022 t\u00e4htikuvioinen piquekangas, saatavana kahdessa v\u00e4riss\u00e4: kermanvalkoinen tai vaaleanharmaa<br \/>\n\u2022 lakana, jossa t\u00e4hti\u00e4 tai diagonaalisia raitoja<\/p>\n","protected":false},"excerpt":{"rendered":"<p>Kaunis ja herkk\u00e4 vuodevaatteiden setti, joka sopii sek\u00e4 pojalle ett\u00e4 tyt\u00f6lle. Viimeisen silauksen antaa hopeinen reunus, jonka olemme lis\u00e4nneet peittoon ja tyynyyn. Vuodevaatteet ovat kevyet, herk\u00e4t eiv\u00e4tk\u00e4 ime kosteutta, kiitos hypoallergeenisen silikonikuituisen t\u00e4ytteen. Laadukkaat, sertifioidusta puuvillasta valmistetut p\u00e4\u00e4lliset ovat hengitt\u00e4vi\u00e4 ja takaavat lapsellesi mukavan unen. Vuodevaatteet, t\u00e4yte mukaan lukien, voidaan pest\u00e4 pesukoneessa, mik\u00e4 tekee niist\u00e4 [&hellip;]<\/p>\n","protected":false},"featured_media":0,"comment_status":"open","ping_status":"closed","template":"","meta":[],"product_brand":[],"product_cat":[32],"product_tag":[],"class_list":{"0":"post-38543","1":"product","2":"type-product","3":"status-publish","5":"product_cat-uncategorized-fi","7":"first","8":"instock","9":"shipping-taxable","10":"purchasable","11":"product-type-simple"},"_links":{"self":[{"href":"https:\/\/nordicmart.andreevmaster.com\/fi\/wp-json\/wp\/v2\/product\/38543","targetHints":{"allow":["GET"]}}],"collection":[{"href":"https:\/\/nordicmart.andreevmaster.com\/fi\/wp-json\/wp\/v2\/product"}],"about":[{"href":"https:\/\/nordicmart.andreevmaster.com\/fi\/wp-json\/wp\/v2\/types\/product"}],"replies":[{"embeddable":true,"href":"https:\/\/nordicmart.andreevmaster.com\/fi\/wp-json\/wp\/v2\/comments?post=38543"}],"wp:attachment":[{"href":"https:\/\/nordicmart.andreevmaster.com\/fi\/wp-json\/wp\/v2\/media?parent=38543"}],"wp:term":[{"taxonomy":"product_brand","embeddable":true,"href":"https:\/\/nordicmart.andreevmaster.com\/fi\/wp-json\/wp\/v2\/product_brand?post=38543"},{"taxonomy":"product_cat","embeddable":true,"href":"https:\/\/nordicmart.andreevmaster.com\/fi\/wp-json\/wp\/v2\/product_cat?post=38543"},{"taxonomy":"product_tag","embeddable":true,"href":"https:\/\/nordicmart.andreevmaster.com\/fi\/wp-json\/wp\/v2\/product_tag?post=38543"}],"curies":[{"name":"wp","href":"https:\/\/api.w.org\/{rel}","templated":true}]}}