{"id":38542,"date":"2026-02-27T00:44:32","date_gmt":"2026-02-27T00:44:32","guid":{"rendered":"https:\/\/nordicmart.andreevmaster.com\/product\/shining-star-koristetyyny\/"},"modified":"2026-02-27T09:59:57","modified_gmt":"2026-02-27T09:59:57","slug":"shining-star-koristetyyny","status":"publish","type":"product","link":"https:\/\/nordicmart.andreevmaster.com\/fi\/tuote\/shining-star-koristetyyny\/","title":{"rendered":"Shining star -koristetyyny"},"content":{"rendered":"<p>Koristetyyny Shining star:<\/p>\n<p>&#8211; raakaleikkaus antaa tyynylle luonnollisen tyylin<br \/>\n&#8211; sopii koristamaan jokaisen lapsen huoneen<br \/>\n&#8211; erinomainen ratkaisu my\u00f6s muihin sisustuksiin, kuten olohuoneeseen tai vanhempien makuuhuoneeseen<br \/>\n&#8211; eritt\u00e4in pehme\u00e4 ja miellytt\u00e4v\u00e4 kosketus. **Yksityiskohdat:**<br \/>\n&#8211; suunniteltu ja valmistettu Puolassa<br \/>\n&#8211; painetut elementit eiv\u00e4t haalistu (edes toistuvien pesujen j\u00e4lkeen)<br \/>\n&#8211; 100 % puuvillaa, langan paino 150 g\/m2 ja Oeko-Tex Standard 100 IW 00034<br \/>\n&#8211; sertifikaatti; hypoallergeeninen 200 g\/m2 silikonikuitu<br \/>\n&#8211; pesul\u00e4mp\u00f6tila: 30 \u00b0C **Koko**: fi 50<\/p>\n","protected":false},"excerpt":{"rendered":"<p>Koristetyyny Shining star: &#8211; raakaleikkaus antaa tyynylle luonnollisen tyylin &#8211; sopii koristamaan jokaisen lapsen huoneen &#8211; erinomainen ratkaisu my\u00f6s muihin sisustuksiin, kuten olohuoneeseen tai vanhempien makuuhuoneeseen &#8211; eritt\u00e4in pehme\u00e4 ja miellytt\u00e4v\u00e4 kosketus. **Yksityiskohdat:** &#8211; suunniteltu ja valmistettu Puolassa &#8211; painetut elementit eiv\u00e4t haalistu (edes toistuvien pesujen j\u00e4lkeen) &#8211; 100 % puuvillaa, langan paino 150 g\/m2 [&hellip;]<\/p>\n","protected":false},"featured_media":0,"comment_status":"open","ping_status":"closed","template":"","meta":[],"product_brand":[],"product_cat":[32],"product_tag":[],"class_list":{"0":"post-38542","1":"product","2":"type-product","3":"status-publish","5":"product_cat-uncategorized-fi","7":"first","8":"instock","9":"shipping-taxable","10":"purchasable","11":"product-type-simple"},"_links":{"self":[{"href":"https:\/\/nordicmart.andreevmaster.com\/fi\/wp-json\/wp\/v2\/product\/38542","targetHints":{"allow":["GET"]}}],"collection":[{"href":"https:\/\/nordicmart.andreevmaster.com\/fi\/wp-json\/wp\/v2\/product"}],"about":[{"href":"https:\/\/nordicmart.andreevmaster.com\/fi\/wp-json\/wp\/v2\/types\/product"}],"replies":[{"embeddable":true,"href":"https:\/\/nordicmart.andreevmaster.com\/fi\/wp-json\/wp\/v2\/comments?post=38542"}],"wp:attachment":[{"href":"https:\/\/nordicmart.andreevmaster.com\/fi\/wp-json\/wp\/v2\/media?parent=38542"}],"wp:term":[{"taxonomy":"product_brand","embeddable":true,"href":"https:\/\/nordicmart.andreevmaster.com\/fi\/wp-json\/wp\/v2\/product_brand?post=38542"},{"taxonomy":"product_cat","embeddable":true,"href":"https:\/\/nordicmart.andreevmaster.com\/fi\/wp-json\/wp\/v2\/product_cat?post=38542"},{"taxonomy":"product_tag","embeddable":true,"href":"https:\/\/nordicmart.andreevmaster.com\/fi\/wp-json\/wp\/v2\/product_tag?post=38542"}],"curies":[{"name":"wp","href":"https:\/\/api.w.org\/{rel}","templated":true}]}}