{"id":38541,"date":"2026-02-27T00:44:32","date_gmt":"2026-02-27T00:44:32","guid":{"rendered":"https:\/\/nordicmart.andreevmaster.com\/product\/pellava-2-puolinen-peiteverho-patjan-alle-kiiltava-tahti\/"},"modified":"2026-02-27T09:59:57","modified_gmt":"2026-02-27T09:59:57","slug":"pellava-2-puolinen-peiteverho-patjan-alle-kiiltava-tahti","status":"publish","type":"product","link":"https:\/\/nordicmart.andreevmaster.com\/fi\/tuote\/pellava-2-puolinen-peiteverho-patjan-alle-kiiltava-tahti\/","title":{"rendered":"Pellava 2-puolinen peiteverho patjan alle, kiilt\u00e4v\u00e4 t\u00e4hti"},"content":{"rendered":"<p>Pellava 2-puolinen\/3-puolinen peiteverho patjan alle. <\/p>\n<p>Tiedot:<br \/>\n &#8211; t\u00e4ydellinen piilottamaan kaikki laatikon sis\u00e4ll\u00f6n, kun pohja on korkeassa asennossa,<br \/>\n &#8211; helppo asentaa,<br \/>\n &#8211; voit peitt\u00e4\u00e4 yhden, kaksi tai kolme osaa s\u00e4ngyn sivuista \u2013 tarpeen mukaan (ostettavissa lis\u00e4varusteena),<br \/>\n &#8211; helposti s\u00e4\u00e4dett\u00e4v\u00e4 korkeus (65 cm:n et\u00e4isyydelle),<br \/>\n &#8211; pit\u00e4\u00e4 vauvan s\u00e4ngyn vieh\u00e4tt\u00e4v\u00e4n\u00e4 ja siistin\u00e4,<br \/>\n &#8211; eritt\u00e4in pehme\u00e4 ja miellytt\u00e4v\u00e4 kosketus. <\/p>\n<p>Koot:<br \/>\n &#8211; pohja: 70&#215;140<br \/>\n &#8211; korkeus: 35 cm <\/p>\n<p>Materiaali: <\/p>\n<p>&#8211; 100 % puuvillaa, langan paino 150 g\/m2, Oeko-TEX Standard 100 -sertifikaatti<\/p>\n<p>Pesuohjeet:<br \/>\n &#8211; konepesu 40 \u00b0C:ssa<br \/>\n &#8211; silitys enint\u00e4\u00e4n 110 \u00b0C:ssa<br \/>\n &#8211; ei valkaisuaineita<br \/>\n &#8211; ei rumpukuivausta<\/p>\n","protected":false},"excerpt":{"rendered":"<p>Pellava 2-puolinen\/3-puolinen peiteverho patjan alle. Tiedot: &#8211; t\u00e4ydellinen piilottamaan kaikki laatikon sis\u00e4ll\u00f6n, kun pohja on korkeassa asennossa, &#8211; helppo asentaa, &#8211; voit peitt\u00e4\u00e4 yhden, kaksi tai kolme osaa s\u00e4ngyn sivuista \u2013 tarpeen mukaan (ostettavissa lis\u00e4varusteena), &#8211; helposti s\u00e4\u00e4dett\u00e4v\u00e4 korkeus (65 cm:n et\u00e4isyydelle), &#8211; pit\u00e4\u00e4 vauvan s\u00e4ngyn vieh\u00e4tt\u00e4v\u00e4n\u00e4 ja siistin\u00e4, &#8211; eritt\u00e4in pehme\u00e4 ja miellytt\u00e4v\u00e4 kosketus. [&hellip;]<\/p>\n","protected":false},"featured_media":0,"comment_status":"open","ping_status":"closed","template":"","meta":[],"product_brand":[],"product_cat":[32],"product_tag":[],"class_list":{"0":"post-38541","1":"product","2":"type-product","3":"status-publish","5":"product_cat-uncategorized-fi","7":"first","8":"instock","9":"shipping-taxable","10":"purchasable","11":"product-type-simple"},"_links":{"self":[{"href":"https:\/\/nordicmart.andreevmaster.com\/fi\/wp-json\/wp\/v2\/product\/38541","targetHints":{"allow":["GET"]}}],"collection":[{"href":"https:\/\/nordicmart.andreevmaster.com\/fi\/wp-json\/wp\/v2\/product"}],"about":[{"href":"https:\/\/nordicmart.andreevmaster.com\/fi\/wp-json\/wp\/v2\/types\/product"}],"replies":[{"embeddable":true,"href":"https:\/\/nordicmart.andreevmaster.com\/fi\/wp-json\/wp\/v2\/comments?post=38541"}],"wp:attachment":[{"href":"https:\/\/nordicmart.andreevmaster.com\/fi\/wp-json\/wp\/v2\/media?parent=38541"}],"wp:term":[{"taxonomy":"product_brand","embeddable":true,"href":"https:\/\/nordicmart.andreevmaster.com\/fi\/wp-json\/wp\/v2\/product_brand?post=38541"},{"taxonomy":"product_cat","embeddable":true,"href":"https:\/\/nordicmart.andreevmaster.com\/fi\/wp-json\/wp\/v2\/product_cat?post=38541"},{"taxonomy":"product_tag","embeddable":true,"href":"https:\/\/nordicmart.andreevmaster.com\/fi\/wp-json\/wp\/v2\/product_tag?post=38541"}],"curies":[{"name":"wp","href":"https:\/\/api.w.org\/{rel}","templated":true}]}}