{"id":38540,"date":"2026-02-27T00:44:32","date_gmt":"2026-02-27T00:44:32","guid":{"rendered":"https:\/\/nordicmart.andreevmaster.com\/product\/so-sixty-laatikko-90x200\/"},"modified":"2026-02-27T09:59:57","modified_gmt":"2026-02-27T09:59:57","slug":"so-sixty-laatikko-90x200","status":"publish","type":"product","link":"https:\/\/nordicmart.andreevmaster.com\/fi\/tuote\/so-sixty-laatikko-90x200\/","title":{"rendered":"So sixty  laatikko 90&#215;200"},"content":{"rendered":"<p>Ominaisuudet: <\/p>\n<p>&#8211; vahvistettu pohja, jota voidaan k\u00e4ytt\u00e4\u00e4 s\u00e4ilytystilana ja ylim\u00e4\u00e4r\u00e4isen\u00e4 nukkumapaikkana <\/p>\n<p>&#8211; lattiaa suojaavat py\u00f6r\u00e4t <\/p>\n<p>&#8211; valmistettu eurooppalaisten turvallisuusstandardien ja -normien mukaisesti <\/p>\n<p>Mitat (cm):<br \/>\n pituus: 192,7<br \/>\n leveys: 83,2<br \/>\n korkeus: 20,8 <\/p>\n<p> Lis\u00e4tietoja:<br \/>\n  \u00a0&#8211; 80 cm x 180 cm x 10 cm<br \/>\n patja sopii laatikkoon &#8211; laatikon kantavuus enint\u00e4\u00e4n 100 kg <\/p>\n<p>Muotoilu ja viimeistely:<br \/>\n &#8211; korkealaatuinen laminoitu levy, joka kest\u00e4\u00e4 vaurioita ja kosteutta, helppo pit\u00e4\u00e4 puhtaana <\/p>\n<p>  V\u00e4ri:<br \/>\n &#8211; valkoinen <\/p>\n<p>K\u00e4ytt\u00f6ohjeet:  <\/p>\n<p>Huonekalut tulee puhdistaa pehme\u00e4ll\u00e4, vedell\u00e4 kostutetulla puuvillakankaalla tai huonekalujen hoitoon tarkoitetulla tuotteella. <\/p>\n<p>Lis\u00e4tietoja:<br \/>\n Huonekalut toimitetaan pakkauksissa, jotka on tarkoitettu itse koottaviksi. Pakkauksissa on mukana yksityiskohtaiset asennusohjeet sek\u00e4 tarvittavat tarvikkeet (pultit jne.).<\/p>\n","protected":false},"excerpt":{"rendered":"<p>Ominaisuudet: &#8211; vahvistettu pohja, jota voidaan k\u00e4ytt\u00e4\u00e4 s\u00e4ilytystilana ja ylim\u00e4\u00e4r\u00e4isen\u00e4 nukkumapaikkana &#8211; lattiaa suojaavat py\u00f6r\u00e4t &#8211; valmistettu eurooppalaisten turvallisuusstandardien ja -normien mukaisesti Mitat (cm): pituus: 192,7 leveys: 83,2 korkeus: 20,8 Lis\u00e4tietoja: \u00a0&#8211; 80 cm x 180 cm x 10 cm patja sopii laatikkoon &#8211; laatikon kantavuus enint\u00e4\u00e4n 100 kg Muotoilu ja viimeistely: &#8211; korkealaatuinen laminoitu [&hellip;]<\/p>\n","protected":false},"featured_media":0,"comment_status":"open","ping_status":"closed","template":"","meta":[],"product_brand":[],"product_cat":[32],"product_tag":[],"class_list":{"0":"post-38540","1":"product","2":"type-product","3":"status-publish","5":"product_cat-uncategorized-fi","7":"first","8":"instock","9":"shipping-taxable","10":"purchasable","11":"product-type-simple"},"_links":{"self":[{"href":"https:\/\/nordicmart.andreevmaster.com\/fi\/wp-json\/wp\/v2\/product\/38540","targetHints":{"allow":["GET"]}}],"collection":[{"href":"https:\/\/nordicmart.andreevmaster.com\/fi\/wp-json\/wp\/v2\/product"}],"about":[{"href":"https:\/\/nordicmart.andreevmaster.com\/fi\/wp-json\/wp\/v2\/types\/product"}],"replies":[{"embeddable":true,"href":"https:\/\/nordicmart.andreevmaster.com\/fi\/wp-json\/wp\/v2\/comments?post=38540"}],"wp:attachment":[{"href":"https:\/\/nordicmart.andreevmaster.com\/fi\/wp-json\/wp\/v2\/media?parent=38540"}],"wp:term":[{"taxonomy":"product_brand","embeddable":true,"href":"https:\/\/nordicmart.andreevmaster.com\/fi\/wp-json\/wp\/v2\/product_brand?post=38540"},{"taxonomy":"product_cat","embeddable":true,"href":"https:\/\/nordicmart.andreevmaster.com\/fi\/wp-json\/wp\/v2\/product_cat?post=38540"},{"taxonomy":"product_tag","embeddable":true,"href":"https:\/\/nordicmart.andreevmaster.com\/fi\/wp-json\/wp\/v2\/product_tag?post=38540"}],"curies":[{"name":"wp","href":"https:\/\/api.w.org\/{rel}","templated":true}]}}