{"id":38538,"date":"2026-02-27T00:44:31","date_gmt":"2026-02-27T00:44:31","guid":{"rendered":"https:\/\/nordicmart.andreevmaster.com\/product\/so-sixty-vaihtopoyta\/"},"modified":"2026-02-27T09:59:56","modified_gmt":"2026-02-27T09:59:56","slug":"so-sixty-vaihtopoyta","status":"publish","type":"product","link":"https:\/\/nordicmart.andreevmaster.com\/fi\/tuote\/so-sixty-vaihtopoyta\/","title":{"rendered":"So sixty -vaihtop\u00f6yt\u00e4"},"content":{"rendered":"<p>Ominaisuudet:<br \/>\n &#8211; turvallinen, k\u00e4tev\u00e4 ja mukava paikka, joka helpottaa vauvan vaipanvaihtoa laajentaa lipaston pintaa, joten lapsi on turvassa ja kaikki hoitotuotteet ovat k\u00e4den ulottuvilla sopii t\u00e4ydellisesti so sixty -lipastoon<br \/>\n &#8211; sek\u00e4 kokoaminen ett\u00e4 purkaminen on eritt\u00e4in nopeaa ja helppoa; poistamisen j\u00e4lkeen lipastoon ei j\u00e4\u00e4 j\u00e4lki\u00e4<br \/>\n voidaan asentaa lipaston vasemmalle ja oikealle puolelle sek\u00e4 keskelle<br \/>\n &#8211; t\u00e4ytt\u00e4\u00e4 eurooppalaiset turvallisuusstandardit ja -normit <\/p>\n<p>Mitat (cm):<br \/>\n pituus: 78,7<br \/>\n leveys: 60,2<br \/>\n korkeus: 6<\/p>\n<p> Lis\u00e4tietoja &#8211;<br \/>\n   tekstiilisis\u00e4kkeet \/ hoitomatot, joiden enimm\u00e4ismitat ovat 56 cm x 75 cm<br \/>\n voidaan kiinnitt\u00e4\u00e4 hoitop\u00f6yt\u00e4\u00e4n lapsen enimm\u00e4ispaino hoitop\u00f6yd\u00e4ll\u00e4: 15 kg <\/p>\n<p> Materiaalit ja viimeistely<br \/>\n korkealaatuinen laminoitu levy, joka kest\u00e4\u00e4 vaurioita ja kosteutta ja on helppo pit\u00e4\u00e4 puhtaana<\/p>\n<p> V\u00e4ri:<br \/>\n  &#8211; koivu <\/p>\n<p>K\u00e4ytt\u00f6ohjeet: <\/p>\n<p>Huonekalut tulee puhdistaa pehme\u00e4ll\u00e4, vedell\u00e4 tai huonekalujen hoitoaineella kostutetulla puuvillakankaalla.<\/p>\n<p> Kokoonpano:<br \/>\n Huonekalut toimitetaan pakkauksissa itse koottaviksi. Yksityiskohtaiset kokoonpano-ohjeet ovat pakkauksissa mukana.<\/p>\n","protected":false},"excerpt":{"rendered":"<p>Ominaisuudet: &#8211; turvallinen, k\u00e4tev\u00e4 ja mukava paikka, joka helpottaa vauvan vaipanvaihtoa laajentaa lipaston pintaa, joten lapsi on turvassa ja kaikki hoitotuotteet ovat k\u00e4den ulottuvilla sopii t\u00e4ydellisesti so sixty -lipastoon &#8211; sek\u00e4 kokoaminen ett\u00e4 purkaminen on eritt\u00e4in nopeaa ja helppoa; poistamisen j\u00e4lkeen lipastoon ei j\u00e4\u00e4 j\u00e4lki\u00e4 voidaan asentaa lipaston vasemmalle ja oikealle puolelle sek\u00e4 keskelle &#8211; [&hellip;]<\/p>\n","protected":false},"featured_media":0,"comment_status":"open","ping_status":"closed","template":"","meta":[],"product_brand":[],"product_cat":[32],"product_tag":[],"class_list":{"0":"post-38538","1":"product","2":"type-product","3":"status-publish","5":"product_cat-uncategorized-fi","7":"first","8":"instock","9":"shipping-taxable","10":"purchasable","11":"product-type-simple"},"_links":{"self":[{"href":"https:\/\/nordicmart.andreevmaster.com\/fi\/wp-json\/wp\/v2\/product\/38538","targetHints":{"allow":["GET"]}}],"collection":[{"href":"https:\/\/nordicmart.andreevmaster.com\/fi\/wp-json\/wp\/v2\/product"}],"about":[{"href":"https:\/\/nordicmart.andreevmaster.com\/fi\/wp-json\/wp\/v2\/types\/product"}],"replies":[{"embeddable":true,"href":"https:\/\/nordicmart.andreevmaster.com\/fi\/wp-json\/wp\/v2\/comments?post=38538"}],"wp:attachment":[{"href":"https:\/\/nordicmart.andreevmaster.com\/fi\/wp-json\/wp\/v2\/media?parent=38538"}],"wp:term":[{"taxonomy":"product_brand","embeddable":true,"href":"https:\/\/nordicmart.andreevmaster.com\/fi\/wp-json\/wp\/v2\/product_brand?post=38538"},{"taxonomy":"product_cat","embeddable":true,"href":"https:\/\/nordicmart.andreevmaster.com\/fi\/wp-json\/wp\/v2\/product_cat?post=38538"},{"taxonomy":"product_tag","embeddable":true,"href":"https:\/\/nordicmart.andreevmaster.com\/fi\/wp-json\/wp\/v2\/product_tag?post=38538"}],"curies":[{"name":"wp","href":"https:\/\/api.w.org\/{rel}","templated":true}]}}