{"id":38537,"date":"2026-02-27T00:44:31","date_gmt":"2026-02-27T00:44:31","guid":{"rendered":"https:\/\/nordicmart.andreevmaster.com\/product\/so-sixty-vuodesohva-90x200-1\/"},"modified":"2026-02-27T09:59:56","modified_gmt":"2026-02-27T09:59:56","slug":"so-sixty-vuodesohva-90x200-1","status":"publish","type":"product","link":"https:\/\/nordicmart.andreevmaster.com\/fi\/tuote\/so-sixty-vuodesohva-90x200-1\/","title":{"rendered":"So sixty -vuodesohva  90&#215;200  (1)"},"content":{"rendered":"<p>Ominaisuudet: <\/p>\n<p>&#8211; hylly kirjoille, puhelimelle, lempihuovalle jne.<br \/>\n &#8211; kaksi tilavaa laatikkoa huopaliukukiskoilla<br \/>\n&#8211; suuri alaosa, jossa on vahvistettu pohja, jotta sit\u00e4 voidaan k\u00e4ytt\u00e4\u00e4 lis\u00e4vuoteena<br \/>\n&#8211; lattiaa suojaava alaosa, jossa on py\u00f6r\u00e4t<br \/>\n&#8211; yl\u00e4osan vakiokokoinen makuutila<br \/>\n&#8211; patja ja tekstiilit ovat helposti sovitettavissa<br \/>\n&#8211;  s\u00e4nky on kolmelta sivulta suljettu, joten p\u00e4iv\u00e4ll\u00e4 se voi toimia sohvana<br \/>\n&#8211; puinen patjakehys mukana<br \/>\n&#8211; s\u00e4nkyyn voidaan lis\u00e4t\u00e4 putoamisen est\u00e4v\u00e4 turvakisko (lis\u00e4varuste)<br \/>\n&#8211; valmistettu eurooppalaisten turvallisuusstandardien ja -normien mukaisesti  <\/p>\n<p>Mitat (cm): <\/p>\n<p>pituus: 203<br \/>\n leveys: 94<br \/>\n korkeus: 77<\/p>\n<p> Lis\u00e4tietoja:<br \/>\n   &#8211; 80 cm x 180 cm patja sopii; 8 cm paksuisen patjan voi s\u00e4ilytt\u00e4\u00e4 laatikossa yhdess\u00e4 vuodevaatteiden kanssa. S\u00e4ngyn korkeus laatikossa on enint\u00e4\u00e4n 14 cm. <\/p>\n<p>&#8211; laatikon kantavuus enint\u00e4\u00e4n 100 kg S\u00e4ngyn korkeus laatikossa on enint\u00e4\u00e4n 14 cm. &#8211; laatikon kantavuus enint\u00e4\u00e4n 100 kg <\/p>\n<p> Muotoilu ja viimeistely:<br \/>\n &#8211; korkealaatuinen laminoitu levy, joka kest\u00e4\u00e4 vaurioita ja kosteutta ja on helppo pit\u00e4\u00e4 puhtaana <\/p>\n<p>  V\u00e4ri:<br \/>\n &#8211; valkoinen\/koivu <\/p>\n<p>K\u00e4ytt\u00f6ohjeet:  <\/p>\n<p>Huonekalut tulee puhdistaa pehme\u00e4ll\u00e4, vedell\u00e4 kostutetulla puuvillakankaalla tai huonekalujen hoitoon tarkoitetulla tuotteella. <\/p>\n<p>Lis\u00e4tietoja:<br \/>\n Huonekalut toimitetaan pakkauksissa, jotka on tarkoitettu itse koottaviksi. Pakkauksissa on mukana yksityiskohtaiset asennusohjeet sek\u00e4 tarvittavat tarvikkeet (pultit jne.).<\/p>\n","protected":false},"excerpt":{"rendered":"<p>Ominaisuudet: &#8211; hylly kirjoille, puhelimelle, lempihuovalle jne. &#8211; kaksi tilavaa laatikkoa huopaliukukiskoilla &#8211; suuri alaosa, jossa on vahvistettu pohja, jotta sit\u00e4 voidaan k\u00e4ytt\u00e4\u00e4 lis\u00e4vuoteena &#8211; lattiaa suojaava alaosa, jossa on py\u00f6r\u00e4t &#8211; yl\u00e4osan vakiokokoinen makuutila &#8211; patja ja tekstiilit ovat helposti sovitettavissa &#8211; s\u00e4nky on kolmelta sivulta suljettu, joten p\u00e4iv\u00e4ll\u00e4 se voi toimia sohvana &#8211; [&hellip;]<\/p>\n","protected":false},"featured_media":0,"comment_status":"open","ping_status":"closed","template":"","meta":[],"product_brand":[],"product_cat":[32],"product_tag":[],"class_list":{"0":"post-38537","1":"product","2":"type-product","3":"status-publish","5":"product_cat-uncategorized-fi","7":"first","8":"instock","9":"shipping-taxable","10":"purchasable","11":"product-type-simple"},"_links":{"self":[{"href":"https:\/\/nordicmart.andreevmaster.com\/fi\/wp-json\/wp\/v2\/product\/38537","targetHints":{"allow":["GET"]}}],"collection":[{"href":"https:\/\/nordicmart.andreevmaster.com\/fi\/wp-json\/wp\/v2\/product"}],"about":[{"href":"https:\/\/nordicmart.andreevmaster.com\/fi\/wp-json\/wp\/v2\/types\/product"}],"replies":[{"embeddable":true,"href":"https:\/\/nordicmart.andreevmaster.com\/fi\/wp-json\/wp\/v2\/comments?post=38537"}],"wp:attachment":[{"href":"https:\/\/nordicmart.andreevmaster.com\/fi\/wp-json\/wp\/v2\/media?parent=38537"}],"wp:term":[{"taxonomy":"product_brand","embeddable":true,"href":"https:\/\/nordicmart.andreevmaster.com\/fi\/wp-json\/wp\/v2\/product_brand?post=38537"},{"taxonomy":"product_cat","embeddable":true,"href":"https:\/\/nordicmart.andreevmaster.com\/fi\/wp-json\/wp\/v2\/product_cat?post=38537"},{"taxonomy":"product_tag","embeddable":true,"href":"https:\/\/nordicmart.andreevmaster.com\/fi\/wp-json\/wp\/v2\/product_tag?post=38537"}],"curies":[{"name":"wp","href":"https:\/\/api.w.org\/{rel}","templated":true}]}}