{"id":38536,"date":"2026-02-27T00:44:31","date_gmt":"2026-02-27T00:44:31","guid":{"rendered":"https:\/\/nordicmart.andreevmaster.com\/product\/so-sixty-sanky-70x140-laajennettavissa-70x160\/"},"modified":"2026-02-27T09:59:56","modified_gmt":"2026-02-27T09:59:56","slug":"so-sixty-sanky-70x140-laajennettavissa-70x160","status":"publish","type":"product","link":"https:\/\/nordicmart.andreevmaster.com\/fi\/tuote\/so-sixty-sanky-70x140-laajennettavissa-70x160\/","title":{"rendered":"So sixty -s\u00e4nky 70&#215;140, laajennettavissa 70&#215;160"},"content":{"rendered":"<p>Ominaisuudet:<br \/>\n &#8211; t\u00e4ytt\u00e4\u00e4 eurooppalaiset turvallisuusstandardit ja -normit<br \/>\n &#8211; kolme irrotettavaa tankoa osana s\u00e4ngyn runkoa, jotta lapsi voi nousta s\u00e4ngyst\u00e4 ja menn\u00e4 siihen vapaasti\u00a0 \u00a0 \u00a0 \u00a0 \u00a0 &#8211; kolmiosainen patjakehys, joka voidaan s\u00e4\u00e4t\u00e4\u00e4 lapsen kehityksen mukaan (56\/43\/27 cm lattiasta)<br \/>\n&#8211; voidaan muuntaa sohvaksi<br \/>\n&#8211; voidaan muuntaa divaaniksi<br \/>\n&#8211; voidaan pident\u00e4\u00e4 166 cm:iin; k\u00e4ytt\u00f6ik\u00e4 voidaan pident\u00e4\u00e4 noin 8 vuoteen<br \/>\n&#8211; eco smart &#8211; s\u00e4ngyn osia voidaan k\u00e4ytt\u00e4\u00e4 uudelleen lapsen ty\u00f6p\u00f6yd\u00e4n rakentamiseen<br \/>\n-turvakaide voidaan ostaa putoamisen est\u00e4miseksi (lis\u00e4varuste)<\/p>\n<p> Mitat (cm):<br \/>\n pituus: 144 &#8211; 166<br \/>\n leveys: 74<br \/>\n korkeus: 92 <\/p>\n<p> Lis\u00e4tietoja &#8211;<br \/>\n&#8211; s\u00e4nkyyn sopii seuraavan kokoinen patja: 140 cm x 70 cm<br \/>\n &#8211; sohvaan sopii seuraavan kokoinen patja: 70 cm x 160 cm<br \/>\n &#8211; k\u00e4ytt\u00f6ik\u00e4: noin 8 vuotta.<\/p>\n<p> Materiaalit ja viimeistely:<br \/>\n &#8211; korkealaatuinen laminoitu levy, joka kest\u00e4\u00e4 vaurioita ja kosteutta ja on helppo pit\u00e4\u00e4 puhtaana <\/p>\n<p>-lakattu koivuvaneri <\/p>\n<p>&#8211; lakattu py\u00f6kkipuu <\/p>\n<p>&#8211; py\u00f6kkivaneri <\/p>\n<p>Valmistuksessa k\u00e4ytetyt lakat ovat lapsille turvallisia ja sertifioituja standardin EN71\/3 mukaisesti <\/p>\n<p>V\u00e4ri:<br \/>\n valkoinen \/koivu <\/p>\n<p> K\u00e4ytt\u00f6ohjeet:  <\/p>\n<p>Huonekalut tulee puhdistaa pehme\u00e4ll\u00e4, vedell\u00e4 kostutetulla puuvillakankaalla tai huonekalujen hoitoaineella.<\/p>\n<p> Kokoonpano:<br \/>\n Huonekalut toimitetaan pakkauksissa itse koottaviksi. Yksityiskohtaiset kokoonpano-ohjeet ovat pakkauksissa mukana.<\/p>\n","protected":false},"excerpt":{"rendered":"<p>Ominaisuudet: &#8211; t\u00e4ytt\u00e4\u00e4 eurooppalaiset turvallisuusstandardit ja -normit &#8211; kolme irrotettavaa tankoa osana s\u00e4ngyn runkoa, jotta lapsi voi nousta s\u00e4ngyst\u00e4 ja menn\u00e4 siihen vapaasti\u00a0 \u00a0 \u00a0 \u00a0 \u00a0 &#8211; kolmiosainen patjakehys, joka voidaan s\u00e4\u00e4t\u00e4\u00e4 lapsen kehityksen mukaan (56\/43\/27 cm lattiasta) &#8211; voidaan muuntaa sohvaksi &#8211; voidaan muuntaa divaaniksi &#8211; voidaan pident\u00e4\u00e4 166 cm:iin; k\u00e4ytt\u00f6ik\u00e4 voidaan pident\u00e4\u00e4 [&hellip;]<\/p>\n","protected":false},"featured_media":0,"comment_status":"open","ping_status":"closed","template":"","meta":[],"product_brand":[],"product_cat":[32],"product_tag":[],"class_list":{"0":"post-38536","1":"product","2":"type-product","3":"status-publish","5":"product_cat-uncategorized-fi","7":"first","8":"instock","9":"shipping-taxable","10":"purchasable","11":"product-type-simple"},"_links":{"self":[{"href":"https:\/\/nordicmart.andreevmaster.com\/fi\/wp-json\/wp\/v2\/product\/38536","targetHints":{"allow":["GET"]}}],"collection":[{"href":"https:\/\/nordicmart.andreevmaster.com\/fi\/wp-json\/wp\/v2\/product"}],"about":[{"href":"https:\/\/nordicmart.andreevmaster.com\/fi\/wp-json\/wp\/v2\/types\/product"}],"replies":[{"embeddable":true,"href":"https:\/\/nordicmart.andreevmaster.com\/fi\/wp-json\/wp\/v2\/comments?post=38536"}],"wp:attachment":[{"href":"https:\/\/nordicmart.andreevmaster.com\/fi\/wp-json\/wp\/v2\/media?parent=38536"}],"wp:term":[{"taxonomy":"product_brand","embeddable":true,"href":"https:\/\/nordicmart.andreevmaster.com\/fi\/wp-json\/wp\/v2\/product_brand?post=38536"},{"taxonomy":"product_cat","embeddable":true,"href":"https:\/\/nordicmart.andreevmaster.com\/fi\/wp-json\/wp\/v2\/product_cat?post=38536"},{"taxonomy":"product_tag","embeddable":true,"href":"https:\/\/nordicmart.andreevmaster.com\/fi\/wp-json\/wp\/v2\/product_tag?post=38536"}],"curies":[{"name":"wp","href":"https:\/\/api.w.org\/{rel}","templated":true}]}}