{"id":38535,"date":"2026-02-27T00:44:30","date_gmt":"2026-02-27T00:44:30","guid":{"rendered":"https:\/\/nordicmart.andreevmaster.com\/product\/so-sixty-pyorilla-varustettu-kaappi\/"},"modified":"2026-02-27T09:59:56","modified_gmt":"2026-02-27T09:59:56","slug":"so-sixty-pyorilla-varustettu-kaappi","status":"publish","type":"product","link":"https:\/\/nordicmart.andreevmaster.com\/fi\/tuote\/so-sixty-pyorilla-varustettu-kaappi\/","title":{"rendered":"So sixty  py\u00f6rill\u00e4 varustettu kaappi"},"content":{"rendered":"<p>Ominaisuudet: <\/p>\n<p>&#8211; liikkuvuus<br \/>\n&#8211; renkailla varustetut py\u00f6r\u00e4t, jotka eiv\u00e4t vahingoita lattiaa<br \/>\n&#8211; 2 tilavaa laatikkoa kiskoilla<br \/>\n&#8211; p\u00f6yd\u00e4n reuna est\u00e4\u00e4 tavaroita putoamasta kaapista<br \/>\n&#8211; valmistettu eurooppalaisten standardien ja turvallisuusnormien mukaisesti<br \/>\n&#8211; mahtuu t\u00e4ydellisesti p\u00f6yd\u00e4n alle, kun p\u00f6yt\u00e4levy on korkeimmassa asennossa <\/p>\n<p>Mitat (cm):<br \/>\n korkeus: 55,2<br \/>\n syvyys: 54<br \/>\n leveys: 40,6 <\/p>\n<p>Materiaalit ja viimeistely: <\/p>\n<p>&#8211; korkealaatuinen laminoitu levy, joka kest\u00e4\u00e4 vaurioita ja kosteutta ja on helppo pit\u00e4\u00e4 puhtaana <\/p>\n<p>V\u00e4ri:<br \/>\n valkoinen \/koivu <\/p>\n<p>K\u00e4ytt\u00f6ohjeet:  <\/p>\n<p>Huonekalut tulee puhdistaa pehme\u00e4ll\u00e4, vedell\u00e4 kostutetulla puuvillakankaalla tai huonekalujen hoitoaineella.<br \/>\n Kokoaminen:<br \/>\n  Huonekalut toimitetaan pakkauksissa itse koottaviksi. Yksityiskohtaiset kokoamisohjeet ovat pakkauksissa mukana.<\/p>\n","protected":false},"excerpt":{"rendered":"<p>Ominaisuudet: &#8211; liikkuvuus &#8211; renkailla varustetut py\u00f6r\u00e4t, jotka eiv\u00e4t vahingoita lattiaa &#8211; 2 tilavaa laatikkoa kiskoilla &#8211; p\u00f6yd\u00e4n reuna est\u00e4\u00e4 tavaroita putoamasta kaapista &#8211; valmistettu eurooppalaisten standardien ja turvallisuusnormien mukaisesti &#8211; mahtuu t\u00e4ydellisesti p\u00f6yd\u00e4n alle, kun p\u00f6yt\u00e4levy on korkeimmassa asennossa Mitat (cm): korkeus: 55,2 syvyys: 54 leveys: 40,6 Materiaalit ja viimeistely: &#8211; korkealaatuinen laminoitu levy, [&hellip;]<\/p>\n","protected":false},"featured_media":0,"comment_status":"open","ping_status":"closed","template":"","meta":[],"product_brand":[],"product_cat":[32],"product_tag":[],"class_list":{"0":"post-38535","1":"product","2":"type-product","3":"status-publish","5":"product_cat-uncategorized-fi","7":"first","8":"instock","9":"shipping-taxable","10":"purchasable","11":"product-type-simple"},"_links":{"self":[{"href":"https:\/\/nordicmart.andreevmaster.com\/fi\/wp-json\/wp\/v2\/product\/38535","targetHints":{"allow":["GET"]}}],"collection":[{"href":"https:\/\/nordicmart.andreevmaster.com\/fi\/wp-json\/wp\/v2\/product"}],"about":[{"href":"https:\/\/nordicmart.andreevmaster.com\/fi\/wp-json\/wp\/v2\/types\/product"}],"replies":[{"embeddable":true,"href":"https:\/\/nordicmart.andreevmaster.com\/fi\/wp-json\/wp\/v2\/comments?post=38535"}],"wp:attachment":[{"href":"https:\/\/nordicmart.andreevmaster.com\/fi\/wp-json\/wp\/v2\/media?parent=38535"}],"wp:term":[{"taxonomy":"product_brand","embeddable":true,"href":"https:\/\/nordicmart.andreevmaster.com\/fi\/wp-json\/wp\/v2\/product_brand?post=38535"},{"taxonomy":"product_cat","embeddable":true,"href":"https:\/\/nordicmart.andreevmaster.com\/fi\/wp-json\/wp\/v2\/product_cat?post=38535"},{"taxonomy":"product_tag","embeddable":true,"href":"https:\/\/nordicmart.andreevmaster.com\/fi\/wp-json\/wp\/v2\/product_tag?post=38535"}],"curies":[{"name":"wp","href":"https:\/\/api.w.org\/{rel}","templated":true}]}}