{"id":38534,"date":"2026-02-27T00:44:30","date_gmt":"2026-02-27T00:44:30","guid":{"rendered":"https:\/\/nordicmart.andreevmaster.com\/product\/so-sixty-3-laatikkoinen-lipasto\/"},"modified":"2026-02-27T09:59:55","modified_gmt":"2026-02-27T09:59:55","slug":"so-sixty-3-laatikkoinen-lipasto","status":"publish","type":"product","link":"https:\/\/nordicmart.andreevmaster.com\/fi\/tuote\/so-sixty-3-laatikkoinen-lipasto\/","title":{"rendered":"So sixty 3-laatikkoinen lipasto"},"content":{"rendered":"<p>Ominaisuudet:<br \/>\n &#8211; kolme tilavaa laatikkoa, joissa on &#8221;push to open&#8221; -j\u00e4rjestelm\u00e4 So sixty<br \/>\n &#8211; vaippap\u00f6yt\u00e4 voidaan asentaa<br \/>\n &#8211; sopii sein\u00e4kiinnitykseen &#8211; suositeltava<br \/>\n &#8211; t\u00e4ytt\u00e4\u00e4 eurooppalaiset turvallisuusstandardit ja -normit <\/p>\n<p>Mitat (cm):<br \/>\n korkeus: 93<br \/>\n syvyys: 55,5<br \/>\n leveys: 100 <\/p>\n<p>Materiaalit ja viimeistely:<br \/>\n &#8211; korkealaatuinen laminoitu levy, joka kest\u00e4\u00e4 vaurioita ja kosteutta ja on helppo pit\u00e4\u00e4 puhtaana<br \/>\n &#8211; lakattu koivuvaneri <\/p>\n<p>Valmistuksessa k\u00e4ytetyt lakat ovat lapsille turvallisia ja sertifioituja standardin EN71\/3 mukaisesti  <\/p>\n<p>V\u00e4ri:<br \/>\n valkoinen \/koivu <\/p>\n<p>K\u00e4ytt\u00f6ohjeet:<br \/>\n Huonekalut tulee puhdistaa pehme\u00e4ll\u00e4, vedell\u00e4 kostutetulla puuvillakankaalla tai huonekalujen hoitoon tarkoitetulla tuotteella. <\/p>\n<p> Kokoonpano:<br \/>\n Huonekalut toimitetaan pakkauksissa, jotka on tarkoitettu itse koottaviksi. Pakkauksissa on mukana yksityiskohtaiset kokoonpano-ohjeet ja tarvittavat tarvikkeet.<\/p>\n","protected":false},"excerpt":{"rendered":"<p>Ominaisuudet: &#8211; kolme tilavaa laatikkoa, joissa on &#8221;push to open&#8221; -j\u00e4rjestelm\u00e4 So sixty &#8211; vaippap\u00f6yt\u00e4 voidaan asentaa &#8211; sopii sein\u00e4kiinnitykseen &#8211; suositeltava &#8211; t\u00e4ytt\u00e4\u00e4 eurooppalaiset turvallisuusstandardit ja -normit Mitat (cm): korkeus: 93 syvyys: 55,5 leveys: 100 Materiaalit ja viimeistely: &#8211; korkealaatuinen laminoitu levy, joka kest\u00e4\u00e4 vaurioita ja kosteutta ja on helppo pit\u00e4\u00e4 puhtaana &#8211; lakattu [&hellip;]<\/p>\n","protected":false},"featured_media":0,"comment_status":"open","ping_status":"closed","template":"","meta":[],"product_brand":[],"product_cat":[32],"product_tag":[],"class_list":{"0":"post-38534","1":"product","2":"type-product","3":"status-publish","5":"product_cat-uncategorized-fi","7":"first","8":"instock","9":"shipping-taxable","10":"purchasable","11":"product-type-simple"},"_links":{"self":[{"href":"https:\/\/nordicmart.andreevmaster.com\/fi\/wp-json\/wp\/v2\/product\/38534","targetHints":{"allow":["GET"]}}],"collection":[{"href":"https:\/\/nordicmart.andreevmaster.com\/fi\/wp-json\/wp\/v2\/product"}],"about":[{"href":"https:\/\/nordicmart.andreevmaster.com\/fi\/wp-json\/wp\/v2\/types\/product"}],"replies":[{"embeddable":true,"href":"https:\/\/nordicmart.andreevmaster.com\/fi\/wp-json\/wp\/v2\/comments?post=38534"}],"wp:attachment":[{"href":"https:\/\/nordicmart.andreevmaster.com\/fi\/wp-json\/wp\/v2\/media?parent=38534"}],"wp:term":[{"taxonomy":"product_brand","embeddable":true,"href":"https:\/\/nordicmart.andreevmaster.com\/fi\/wp-json\/wp\/v2\/product_brand?post=38534"},{"taxonomy":"product_cat","embeddable":true,"href":"https:\/\/nordicmart.andreevmaster.com\/fi\/wp-json\/wp\/v2\/product_cat?post=38534"},{"taxonomy":"product_tag","embeddable":true,"href":"https:\/\/nordicmart.andreevmaster.com\/fi\/wp-json\/wp\/v2\/product_tag?post=38534"}],"curies":[{"name":"wp","href":"https:\/\/api.w.org\/{rel}","templated":true}]}}