{"id":38530,"date":"2026-02-27T00:44:29","date_gmt":"2026-02-27T00:44:29","guid":{"rendered":"https:\/\/nordicmart.andreevmaster.com\/product\/songmics-luistamaton-vatsarulla\/"},"modified":"2026-02-27T09:59:55","modified_gmt":"2026-02-27T09:59:55","slug":"songmics-luistamaton-vatsarulla","status":"publish","type":"product","link":"https:\/\/nordicmart.andreevmaster.com\/fi\/tuote\/songmics-luistamaton-vatsarulla\/","title":{"rendered":"SONGMICS Luistamaton vatsarulla"},"content":{"rendered":"<p>Oletko haaveillut hoikemmasta vatsasta? Tai kuusipakkasta? SONGMICSin vatsalihaslaite on ihanteellinen tapa treenata lihaksiasi kotona, jotta pysyt kunnossa ja poltat kaloreita my\u00f6s talvella. Treenaa tehokkaasti vatsa-, k\u00e4sivarsi-, olkap\u00e4\u00e4- ja selk\u00e4lihaksiasi t\u00e4ll\u00e4 ainutlaatuisella kuntorullalla. Kaksi vaahtomuovipehmustettua kahvaa ovat ergonomisesti muotoiltuja ja istuvat hyvin k\u00e4teen treenatessa, mik\u00e4 takaa luistamattoman otteen jopa hikisill\u00e4 k\u00e4sill\u00e4. Ter\u00e4sputken sein\u00e4m\u00e4n paksuus on 2 mm, mik\u00e4 tekee siit\u00e4 eritt\u00e4in tukevan ja kest\u00e4\u00e4 jopa 130 kg:n painon.Ab Wheel on eritt\u00e4in helppo koota, se on purettavissa ja voidaan s\u00e4ilytt\u00e4\u00e4 tilaa s\u00e4\u00e4st\u00e4en sek\u00e4 ottaa mukaan lomalle. Se on t\u00e4ydellinen vaihtoehto vahvistaa ja parantaa k\u00e4sien, sel\u00e4n, hartioiden ja vatsan lihaksia! Lis\u00e4ksi se on t\u00e4ydellinen lahja perheellesi tai yst\u00e4villesi, jotta voitte treenata yhdess\u00e4. Tuotetiedot: &#8211; V\u00e4ri: musta &#8211; Materiaali: muovi (ymp\u00e4rist\u00f6yst\u00e4v\u00e4llinen PVC), vaahtomuovi, galvanoitu ter\u00e4sputki &#8211; Koko: 32 x 14,5 cm (P x K) &#8211; Ter\u00e4sputken paksuus: 2 mm &#8211; Ter\u00e4sputken pituus: 24,5 cm &#8211; Py\u00f6r\u00e4n halkaisija: 14,5 cm &#8211; Kahden py\u00f6r\u00e4n v\u00e4linen et\u00e4isyys: 3 cm &#8211; Paino: 0,8 kg &#8211; Maks. kuormituskyky: 130 kgToimitus sis\u00e4lt\u00e4\u00e4:- 1 x vatsalihaslaite- 1 x polvimatto<\/p>\n","protected":false},"excerpt":{"rendered":"<p>SONGMICS vatsarulla, AB Roller vatsatreenaaja, AB Wheel kuntoiluun, liukumattomalla, hyvin pehmustetulla polvimatolla, vatsalihasten treenaamiseen ja lihasten kasvattamiseen, naisille ja miehille, punainen SPU75R<\/p>\n","protected":false},"featured_media":46313,"comment_status":"open","ping_status":"closed","template":"","meta":[],"product_brand":[],"product_cat":[32],"product_tag":[],"class_list":{"0":"post-38530","1":"product","2":"type-product","3":"status-publish","4":"has-post-thumbnail","6":"product_cat-uncategorized-fi","8":"first","9":"instock","10":"shipping-taxable","11":"purchasable","12":"product-type-simple"},"_links":{"self":[{"href":"https:\/\/nordicmart.andreevmaster.com\/fi\/wp-json\/wp\/v2\/product\/38530","targetHints":{"allow":["GET"]}}],"collection":[{"href":"https:\/\/nordicmart.andreevmaster.com\/fi\/wp-json\/wp\/v2\/product"}],"about":[{"href":"https:\/\/nordicmart.andreevmaster.com\/fi\/wp-json\/wp\/v2\/types\/product"}],"replies":[{"embeddable":true,"href":"https:\/\/nordicmart.andreevmaster.com\/fi\/wp-json\/wp\/v2\/comments?post=38530"}],"wp:featuredmedia":[{"embeddable":true,"href":"https:\/\/nordicmart.andreevmaster.com\/fi\/wp-json\/wp\/v2\/media\/46313"}],"wp:attachment":[{"href":"https:\/\/nordicmart.andreevmaster.com\/fi\/wp-json\/wp\/v2\/media?parent=38530"}],"wp:term":[{"taxonomy":"product_brand","embeddable":true,"href":"https:\/\/nordicmart.andreevmaster.com\/fi\/wp-json\/wp\/v2\/product_brand?post=38530"},{"taxonomy":"product_cat","embeddable":true,"href":"https:\/\/nordicmart.andreevmaster.com\/fi\/wp-json\/wp\/v2\/product_cat?post=38530"},{"taxonomy":"product_tag","embeddable":true,"href":"https:\/\/nordicmart.andreevmaster.com\/fi\/wp-json\/wp\/v2\/product_tag?post=38530"}],"curies":[{"name":"wp","href":"https:\/\/api.w.org\/{rel}","templated":true}]}}