{"id":38529,"date":"2026-02-27T00:44:29","date_gmt":"2026-02-27T00:44:29","guid":{"rendered":"https:\/\/nordicmart.andreevmaster.com\/product\/songmics-punnerruskahvat-2-kpl-terasta\/"},"modified":"2026-02-27T09:59:54","modified_gmt":"2026-02-27T09:59:54","slug":"songmics-punnerruskahvat-2-kpl-terasta","status":"publish","type":"product","link":"https:\/\/nordicmart.andreevmaster.com\/fi\/tuote\/songmics-punnerruskahvat-2-kpl-terasta\/","title":{"rendered":"SONGMICS punnerruskahvat 2 kpl ter\u00e4st\u00e4"},"content":{"rendered":"<p>Erityinen kallistuskulma: Erityisen kallistuskulman ansiosta paino jakautuu tasaisesti ranteisiin ja suojaa niit\u00e4. Paksusta vaahtomuovista valmistettu kahvan p\u00e4\u00e4llinen: P\u00e4\u00e4llinen tuntuu mukavalta k\u00e4dess\u00e4, imee hike\u00e4 ja on kulutusta kest\u00e4v\u00e4 ja luistamaton. H-muotoinen rakenne: Rakenne on vakaa ja turvallinen, joten tasapainon s\u00e4ilytt\u00e4minen on helppoa.Huomautukset: Varmista ennen k\u00e4ytt\u00f6\u00e4, ett\u00e4 jousipainikkeet ovat kunnolla lukittuneet jalkojen reikiin. Aloittelijoiden tulisi v\u00e4ltt\u00e4\u00e4 liian kovaa harjoittelua, jotta lihakset eiv\u00e4t rasitu liikaa.Tuotetiedot: Materiaali: kromattu ter\u00e4sputki + tihe\u00e4 vaahtomuovi + muovi Mitat: 25 x 14 x 17 cm (L x K x S) Paino: noin 1 kg Toimitus sis\u00e4lt\u00e4\u00e4: 1 pari punnerruskahvoja 1 x ohjeet (DE, EN, FR, IT, ES)<\/p>\n","protected":false},"excerpt":{"rendered":"<p>SONGMICS punnerruskahvat, luistamattomat (pari), ter\u00e4sputki, vaahtomuovipehmuste, hyv\u00e4 pito lattialla, musta SPU25H<\/p>\n","protected":false},"featured_media":46312,"comment_status":"open","ping_status":"closed","template":"","meta":[],"product_brand":[],"product_cat":[32],"product_tag":[],"class_list":{"0":"post-38529","1":"product","2":"type-product","3":"status-publish","4":"has-post-thumbnail","6":"product_cat-uncategorized-fi","8":"first","9":"instock","10":"shipping-taxable","11":"purchasable","12":"product-type-simple"},"_links":{"self":[{"href":"https:\/\/nordicmart.andreevmaster.com\/fi\/wp-json\/wp\/v2\/product\/38529","targetHints":{"allow":["GET"]}}],"collection":[{"href":"https:\/\/nordicmart.andreevmaster.com\/fi\/wp-json\/wp\/v2\/product"}],"about":[{"href":"https:\/\/nordicmart.andreevmaster.com\/fi\/wp-json\/wp\/v2\/types\/product"}],"replies":[{"embeddable":true,"href":"https:\/\/nordicmart.andreevmaster.com\/fi\/wp-json\/wp\/v2\/comments?post=38529"}],"wp:featuredmedia":[{"embeddable":true,"href":"https:\/\/nordicmart.andreevmaster.com\/fi\/wp-json\/wp\/v2\/media\/46312"}],"wp:attachment":[{"href":"https:\/\/nordicmart.andreevmaster.com\/fi\/wp-json\/wp\/v2\/media?parent=38529"}],"wp:term":[{"taxonomy":"product_brand","embeddable":true,"href":"https:\/\/nordicmart.andreevmaster.com\/fi\/wp-json\/wp\/v2\/product_brand?post=38529"},{"taxonomy":"product_cat","embeddable":true,"href":"https:\/\/nordicmart.andreevmaster.com\/fi\/wp-json\/wp\/v2\/product_cat?post=38529"},{"taxonomy":"product_tag","embeddable":true,"href":"https:\/\/nordicmart.andreevmaster.com\/fi\/wp-json\/wp\/v2\/product_tag?post=38529"}],"curies":[{"name":"wp","href":"https:\/\/api.w.org\/{rel}","templated":true}]}}