{"id":38525,"date":"2026-02-27T00:44:28","date_gmt":"2026-02-27T00:44:28","guid":{"rendered":"https:\/\/nordicmart.andreevmaster.com\/product\/songmics-trampoliiniportaat-leveilla-askelmilla-musta\/"},"modified":"2026-02-27T09:59:53","modified_gmt":"2026-02-27T09:59:53","slug":"songmics-trampoliiniportaat-leveilla-askelmilla-musta","status":"publish","type":"product","link":"https:\/\/nordicmart.andreevmaster.com\/fi\/tuote\/songmics-trampoliiniportaat-leveilla-askelmilla-musta\/","title":{"rendered":"SONGMICS trampoliiniportaat  leveill\u00e4 askelmilla, musta"},"content":{"rendered":"<p>Tuotetiedot: V\u00e4ri: musta Materiaali: jauhemaalattu rauta, PP-muovi Koko: tikkaiden korkeus: 76 cm askelmien mitat: 40,6 x 7,3 cm (P x L) Paino: 1,7 kg Maks. staattinen kantavuus: 100 kgToimitus sis\u00e4lt\u00e4\u00e4:1 x trampoliiniportaat1 x ohjeet (DE, EN, IT, FR, ES)SONGMICS-huomautukset:Alle 3-vuotiaat lapset eiv\u00e4t saa k\u00e4ytt\u00e4\u00e4 t\u00e4t\u00e4 tuotetta. Vanhemmat lapset saavat k\u00e4ytt\u00e4\u00e4 sit\u00e4 vain aikuisen valvonnassa.Vain yksityisk\u00e4ytt\u00f6\u00f6n.Mittaa trampoliinin hyppymaton korkeus ennen t\u00e4m\u00e4n tuotteen tilaamista.<\/p>\n","protected":false},"excerpt":{"rendered":"<p>SONGMICS trampoliiniportaat, luistamattomat portaat trampoliineille, korkeus 76 cm, metallirunko, leve\u00e4t askelmat, musta SLD76BK<\/p>\n","protected":false},"featured_media":46309,"comment_status":"open","ping_status":"closed","template":"","meta":[],"product_brand":[],"product_cat":[32],"product_tag":[],"class_list":{"0":"post-38525","1":"product","2":"type-product","3":"status-publish","4":"has-post-thumbnail","6":"product_cat-uncategorized-fi","8":"first","9":"instock","10":"shipping-taxable","11":"purchasable","12":"product-type-simple"},"_links":{"self":[{"href":"https:\/\/nordicmart.andreevmaster.com\/fi\/wp-json\/wp\/v2\/product\/38525","targetHints":{"allow":["GET"]}}],"collection":[{"href":"https:\/\/nordicmart.andreevmaster.com\/fi\/wp-json\/wp\/v2\/product"}],"about":[{"href":"https:\/\/nordicmart.andreevmaster.com\/fi\/wp-json\/wp\/v2\/types\/product"}],"replies":[{"embeddable":true,"href":"https:\/\/nordicmart.andreevmaster.com\/fi\/wp-json\/wp\/v2\/comments?post=38525"}],"wp:featuredmedia":[{"embeddable":true,"href":"https:\/\/nordicmart.andreevmaster.com\/fi\/wp-json\/wp\/v2\/media\/46309"}],"wp:attachment":[{"href":"https:\/\/nordicmart.andreevmaster.com\/fi\/wp-json\/wp\/v2\/media?parent=38525"}],"wp:term":[{"taxonomy":"product_brand","embeddable":true,"href":"https:\/\/nordicmart.andreevmaster.com\/fi\/wp-json\/wp\/v2\/product_brand?post=38525"},{"taxonomy":"product_cat","embeddable":true,"href":"https:\/\/nordicmart.andreevmaster.com\/fi\/wp-json\/wp\/v2\/product_cat?post=38525"},{"taxonomy":"product_tag","embeddable":true,"href":"https:\/\/nordicmart.andreevmaster.com\/fi\/wp-json\/wp\/v2\/product_tag?post=38525"}],"curies":[{"name":"wp","href":"https:\/\/api.w.org\/{rel}","templated":true}]}}