{"id":38522,"date":"2026-02-27T00:44:27","date_gmt":"2026-02-27T00:44:27","guid":{"rendered":"https:\/\/nordicmart.andreevmaster.com\/product\/songmics-maakiinnikkeet-trampoliineille\/"},"modified":"2026-02-27T09:59:53","modified_gmt":"2026-02-27T09:59:53","slug":"songmics-maakiinnikkeet-trampoliineille","status":"publish","type":"product","link":"https:\/\/nordicmart.andreevmaster.com\/fi\/tuote\/songmics-maakiinnikkeet-trampoliineille\/","title":{"rendered":"SONGMICS maakiinnikkeet trampoliineille"},"content":{"rendered":"<p>Sopivatko maakiinnikkeet vain trampoliineille? N\u00e4m\u00e4 maakiinnikkeet sopivat trampoliinien lis\u00e4ksi my\u00f6s peitteille, keinuille, liukum\u00e4ille jne. Niiden avulla ulkoiluv\u00e4lineet voidaan kiinnitt\u00e4\u00e4 tukevasti maahan, mik\u00e4 lis\u00e4\u00e4 turvallisuutta niiden k\u00e4yt\u00f6ss\u00e4. Toimitus sis\u00e4lt\u00e4\u00e4: 4 x maakiinnike 4 x polyesterhihna SONGMICS Huomautukset: Tuotetta voidaan k\u00e4ytt\u00e4\u00e4 tuulivoimakkuudella 5\u20136. Jos tuulen voimakkuus ylitt\u00e4\u00e4 6, s\u00e4ilyt\u00e4 maakiinnikkeill\u00e4 kiinnitetty esine asianmukaisesti sis\u00e4tiloissa.<\/p>\n","protected":false},"excerpt":{"rendered":"<p>SONGMICS maakiinnike trampoliineille, spiraalimainen maakiinnike, sarja galvanoidusta raudasta valmistettuja maakiinnikkeit\u00e4 ja polyesterhihnoja ter\u00e4ksisill\u00e4 soljilla, kiinnitett\u00e4v\u00e4ksi maahan SGN15INV1<\/p>\n","protected":false},"featured_media":46308,"comment_status":"open","ping_status":"closed","template":"","meta":[],"product_brand":[],"product_cat":[32],"product_tag":[],"class_list":{"0":"post-38522","1":"product","2":"type-product","3":"status-publish","4":"has-post-thumbnail","6":"product_cat-uncategorized-fi","8":"first","9":"instock","10":"shipping-taxable","11":"purchasable","12":"product-type-simple"},"_links":{"self":[{"href":"https:\/\/nordicmart.andreevmaster.com\/fi\/wp-json\/wp\/v2\/product\/38522","targetHints":{"allow":["GET"]}}],"collection":[{"href":"https:\/\/nordicmart.andreevmaster.com\/fi\/wp-json\/wp\/v2\/product"}],"about":[{"href":"https:\/\/nordicmart.andreevmaster.com\/fi\/wp-json\/wp\/v2\/types\/product"}],"replies":[{"embeddable":true,"href":"https:\/\/nordicmart.andreevmaster.com\/fi\/wp-json\/wp\/v2\/comments?post=38522"}],"wp:featuredmedia":[{"embeddable":true,"href":"https:\/\/nordicmart.andreevmaster.com\/fi\/wp-json\/wp\/v2\/media\/46308"}],"wp:attachment":[{"href":"https:\/\/nordicmart.andreevmaster.com\/fi\/wp-json\/wp\/v2\/media?parent=38522"}],"wp:term":[{"taxonomy":"product_brand","embeddable":true,"href":"https:\/\/nordicmart.andreevmaster.com\/fi\/wp-json\/wp\/v2\/product_brand?post=38522"},{"taxonomy":"product_cat","embeddable":true,"href":"https:\/\/nordicmart.andreevmaster.com\/fi\/wp-json\/wp\/v2\/product_cat?post=38522"},{"taxonomy":"product_tag","embeddable":true,"href":"https:\/\/nordicmart.andreevmaster.com\/fi\/wp-json\/wp\/v2\/product_tag?post=38522"}],"curies":[{"name":"wp","href":"https:\/\/api.w.org\/{rel}","templated":true}]}}