{"id":38521,"date":"2026-02-27T00:44:26","date_gmt":"2026-02-27T00:44:26","guid":{"rendered":"https:\/\/nordicmart.andreevmaster.com\/product\/jordankre-til-trampoliner-2\/"},"modified":"2026-02-27T09:59:52","modified_gmt":"2026-02-27T09:59:52","slug":"jordankre-til-trampoliner-2","status":"publish","type":"product","link":"https:\/\/nordicmart.andreevmaster.com\/fi\/tuote\/jordankre-til-trampoliner-2\/","title":{"rendered":"Jordankre til trampoliner"},"content":{"rendered":"<p>Ovatko maakiinnikkeet sopivia vain trampoliineille? N\u00e4m\u00e4 maakiinnikkeet eiv\u00e4t ole sopivia vain trampoliineille, vaan my\u00f6s pressuille, keinulle, liukum\u00e4ille jne. Niiden avulla voit kiinnitt\u00e4\u00e4 ulkoiluv\u00e4lineesi maahan, mik\u00e4 lis\u00e4\u00e4 turvallisuutta k\u00e4yt\u00f6n aikana.Toimitus sis\u00e4lt\u00e4\u00e4: 4 x maakiinnike 4 x polyesterhihna SONGICS Huomautukset: Tuotetta voidaan k\u00e4ytt\u00e4\u00e4 tuulivoimakkuudella 5-6. Jos tuulivoimakkuus ylitt\u00e4\u00e4 6, maakiinnikkeill\u00e4 kiinnitetty esine on s\u00e4ilytett\u00e4v\u00e4 asianmukaisesti sis\u00e4tiloissa.<\/p>\n","protected":false},"excerpt":{"rendered":"<p>Ovatko maakiinnikkeet sopivia vain trampoliineille? N\u00e4m\u00e4 maakiinnikkeet eiv\u00e4t ole sopivia vain trampoliineille, vaan my\u00f6s pressuille, keinulle, liukum\u00e4ille jne. Niiden avulla voit kiinnitt\u00e4\u00e4 ulkoiluv\u00e4lineesi maahan, mik\u00e4 lis\u00e4\u00e4 turvallisuutta k\u00e4yt\u00f6n aikana.Toimitus sis\u00e4lt\u00e4\u00e4: 4 x maakiinnike 4 x polyesterhihna SONGICS Huomautukset: Tuotetta voidaan k\u00e4ytt\u00e4\u00e4 tuulivoimakkuudella 5-6. Jos tuulivoimakkuus ylitt\u00e4\u00e4 6, maakiinnikkeill\u00e4 kiinnitetty esine on s\u00e4ilytett\u00e4v\u00e4 asianmukaisesti sis\u00e4tiloissa.<\/p>\n","protected":false},"featured_media":0,"comment_status":"open","ping_status":"closed","template":"","meta":[],"product_brand":[],"product_cat":[32],"product_tag":[],"class_list":{"0":"post-38521","1":"product","2":"type-product","3":"status-publish","5":"product_cat-uncategorized-fi","7":"first","8":"instock","9":"shipping-taxable","10":"product-type-simple"},"_links":{"self":[{"href":"https:\/\/nordicmart.andreevmaster.com\/fi\/wp-json\/wp\/v2\/product\/38521","targetHints":{"allow":["GET"]}}],"collection":[{"href":"https:\/\/nordicmart.andreevmaster.com\/fi\/wp-json\/wp\/v2\/product"}],"about":[{"href":"https:\/\/nordicmart.andreevmaster.com\/fi\/wp-json\/wp\/v2\/types\/product"}],"replies":[{"embeddable":true,"href":"https:\/\/nordicmart.andreevmaster.com\/fi\/wp-json\/wp\/v2\/comments?post=38521"}],"wp:attachment":[{"href":"https:\/\/nordicmart.andreevmaster.com\/fi\/wp-json\/wp\/v2\/media?parent=38521"}],"wp:term":[{"taxonomy":"product_brand","embeddable":true,"href":"https:\/\/nordicmart.andreevmaster.com\/fi\/wp-json\/wp\/v2\/product_brand?post=38521"},{"taxonomy":"product_cat","embeddable":true,"href":"https:\/\/nordicmart.andreevmaster.com\/fi\/wp-json\/wp\/v2\/product_cat?post=38521"},{"taxonomy":"product_tag","embeddable":true,"href":"https:\/\/nordicmart.andreevmaster.com\/fi\/wp-json\/wp\/v2\/product_tag?post=38521"}],"curies":[{"name":"wp","href":"https:\/\/api.w.org\/{rel}","templated":true}]}}