{"id":38520,"date":"2026-02-27T00:44:26","date_gmt":"2026-02-27T00:44:26","guid":{"rendered":"https:\/\/nordicmart.andreevmaster.com\/product\/songmics-9-in-1-punnerruslauta\/"},"modified":"2026-02-27T09:59:52","modified_gmt":"2026-02-27T09:59:52","slug":"songmics-9-in-1-punnerruslauta","status":"publish","type":"product","link":"https:\/\/nordicmart.andreevmaster.com\/fi\/tuote\/songmics-9-in-1-punnerruslauta\/","title":{"rendered":"SONGMICS 9-in-1 punnerruslauta"},"content":{"rendered":"<p>Tuotetiedot:V\u00e4ri: musta Materiaali: punnerruslauta: ABS-muovi, punnerruskahvat: ABS-muovi ja TPR, joustavat nauhat: TPE, joustavien nauhojen kahvat: PP-muovi ja vaahtomuovi Koko: 64 x 20,5 x 2 cm (P x L x K) Paino: 1,1 kg Maks. staattinen kantavuus: 200 kgToimitus sis\u00e4lt\u00e4\u00e4:1 x punnerruslauta2 x kahva2 x joustava nauha20 x liukumaton tyyny1 x ohjeetSONGMICS Huomautukset:L\u00e4mmit\u00e4 hyvin ennen t\u00e4m\u00e4n urheiluv\u00e4lineen k\u00e4ytt\u00f6\u00e4, jotta v\u00e4lt\u00e4t loukkaantumiset.N\u00e4m\u00e4 punnerruskahvat on tarkoitettu vain kotik\u00e4ytt\u00f6\u00f6n.Aloita harjoittelu hitaasti. \u00c4l\u00e4 rasita itse\u00e4si liikaa.<\/p>\n","protected":false},"excerpt":{"rendered":"<p>SONGMICS punnerruskahvat ja punnerruslauta, taitettava, 9-in-1 punnerruslauta, kehonrakennus, lihasten kasvattaminen, kotikuntoilu, musta SFZ064B01<\/p>\n","protected":false},"featured_media":46307,"comment_status":"open","ping_status":"closed","template":"","meta":[],"product_brand":[],"product_cat":[32],"product_tag":[],"class_list":{"0":"post-38520","1":"product","2":"type-product","3":"status-publish","4":"has-post-thumbnail","6":"product_cat-uncategorized-fi","8":"first","9":"instock","10":"shipping-taxable","11":"purchasable","12":"product-type-simple"},"_links":{"self":[{"href":"https:\/\/nordicmart.andreevmaster.com\/fi\/wp-json\/wp\/v2\/product\/38520","targetHints":{"allow":["GET"]}}],"collection":[{"href":"https:\/\/nordicmart.andreevmaster.com\/fi\/wp-json\/wp\/v2\/product"}],"about":[{"href":"https:\/\/nordicmart.andreevmaster.com\/fi\/wp-json\/wp\/v2\/types\/product"}],"replies":[{"embeddable":true,"href":"https:\/\/nordicmart.andreevmaster.com\/fi\/wp-json\/wp\/v2\/comments?post=38520"}],"wp:featuredmedia":[{"embeddable":true,"href":"https:\/\/nordicmart.andreevmaster.com\/fi\/wp-json\/wp\/v2\/media\/46307"}],"wp:attachment":[{"href":"https:\/\/nordicmart.andreevmaster.com\/fi\/wp-json\/wp\/v2\/media?parent=38520"}],"wp:term":[{"taxonomy":"product_brand","embeddable":true,"href":"https:\/\/nordicmart.andreevmaster.com\/fi\/wp-json\/wp\/v2\/product_brand?post=38520"},{"taxonomy":"product_cat","embeddable":true,"href":"https:\/\/nordicmart.andreevmaster.com\/fi\/wp-json\/wp\/v2\/product_cat?post=38520"},{"taxonomy":"product_tag","embeddable":true,"href":"https:\/\/nordicmart.andreevmaster.com\/fi\/wp-json\/wp\/v2\/product_tag?post=38520"}],"curies":[{"name":"wp","href":"https:\/\/api.w.org\/{rel}","templated":true}]}}