{"id":38519,"date":"2026-02-27T00:44:26","date_gmt":"2026-02-27T00:44:26","guid":{"rendered":"https:\/\/nordicmart.andreevmaster.com\/product\/songmics-kuntopyora-musta-punainen\/"},"modified":"2026-02-27T09:59:52","modified_gmt":"2026-02-27T09:59:52","slug":"songmics-kuntopyora-musta-punainen","status":"publish","type":"product","link":"https:\/\/nordicmart.andreevmaster.com\/fi\/tuote\/songmics-kuntopyora-musta-punainen\/","title":{"rendered":"SONGMICS kuntopy\u00f6r\u00e4 musta-punainen"},"content":{"rendered":"<p>Pysy kotona, pysy aktiivisena: Haluatko pysy\u00e4 aktiivisena ja terveen\u00e4 kotona? SONGMICS-kuntopy\u00f6r\u00e4ll\u00e4 voit nauttia rauhallisesta ja mukavasta ajelusta sis\u00e4ll\u00e4 ja jatkaa korkeatasoista harjoittelua \u2013 kuntoilu on t\u00e4rke\u00e4\u00e4 my\u00f6s kotona! Pitk\u00e4aikainen harjoitusohjelma: 10 kg:n vauhtipy\u00f6r\u00e4 ja vahva ter\u00e4srakenne tarjoavat py\u00f6r\u00e4ilylle korkean vakauden. Hihnak\u00e4ytt\u00f6 takaa rauhallisemman ja hiljaisemman ajon. T\u00e4m\u00e4 laite kest\u00e4\u00e4 jopa 120 kg:n painon ja tarjoaa vuosien harjoittelun. T\u00e4ydellinen istuvuus: Kuka haluaisi py\u00f6r\u00e4n, joka ei sovi h\u00e4nelle? Kukaan. T\u00e4ll\u00e4 kuntopy\u00f6r\u00e4ll\u00e4 on laaja vastusalue ja 5-portainen korkeuss\u00e4\u00e4dett\u00e4v\u00e4 ohjaustanko ja istuin. Istuin on pehmustettu ja sit\u00e4 voi siirt\u00e4\u00e4 eteen ja taakse, jotta voit polttaa kaloreita mukavimmassa asennossa. Tuotetiedot: V\u00e4ri: musta-punainen Materiaali: ter\u00e4s, muovi, PU-keinonahka, vaahtomuovi N\u00e4yt\u00f6n tiedot: sykkeen, nopeuden, keston, kuljetun matkan, kilometrimittarin, kalorinkulutuksen Mitat: 102 x 49 x 115 cm (P x L x K) Vauhtipy\u00f6r\u00e4n paino: 10 kg Laitteen kokonaispaino: 25,5 kg K\u00e4ytt\u00e4j\u00e4n enimm\u00e4ispaino: 120 kg K\u00e4ytt\u00e4j\u00e4n enimm\u00e4ispituus: 1,75 m Toimitus sis\u00e4lt\u00e4\u00e4: 1 x kuntopy\u00f6r\u00e4 2 x AAA-paristo 1 x lis\u00e4varustepaketti 1 x k\u00e4ytt\u00f6ohje (DE, EN, FR, ES, IT) SONGMICS-huomautukset: Turvallisuus- ja terveysohje! Henkil\u00f6t, joilla on syd\u00e4n- ja verisuonitauteja ja\/tai aivohalvauspotilaat, eiv\u00e4t saa k\u00e4ytt\u00e4\u00e4 t\u00e4t\u00e4 tuotetta. T\u00e4m\u00e4 tuote ei sovellu lapsille. Venyttele ennen kuin aloitat harjoittelun t\u00e4ll\u00e4 py\u00f6r\u00e4ll\u00e4. S\u00e4ilyt\u00e4 tuotetta pystyasennossa. \u00c4l\u00e4 laita sit\u00e4 lattialle. K\u00e4yt\u00e4 tuotetta vain kuivalla ja tasaisella alustalla.<\/p>\n","protected":false},"excerpt":{"rendered":"<p>SONGMICS kuntopy\u00f6r\u00e4, kuntopy\u00f6r\u00e4, kuntopy\u00f6r\u00e4, s\u00e4\u00e4dett\u00e4v\u00e4ll\u00e4 ohjaustangolla, istuimella ja vastuksella, sykemittari, polkimet jalkakoriin, musta-punainen SEB617R01<\/p>\n","protected":false},"featured_media":46306,"comment_status":"open","ping_status":"closed","template":"","meta":[],"product_brand":[],"product_cat":[32],"product_tag":[],"class_list":{"0":"post-38519","1":"product","2":"type-product","3":"status-publish","4":"has-post-thumbnail","6":"product_cat-uncategorized-fi","8":"first","9":"instock","10":"shipping-taxable","11":"purchasable","12":"product-type-simple"},"_links":{"self":[{"href":"https:\/\/nordicmart.andreevmaster.com\/fi\/wp-json\/wp\/v2\/product\/38519","targetHints":{"allow":["GET"]}}],"collection":[{"href":"https:\/\/nordicmart.andreevmaster.com\/fi\/wp-json\/wp\/v2\/product"}],"about":[{"href":"https:\/\/nordicmart.andreevmaster.com\/fi\/wp-json\/wp\/v2\/types\/product"}],"replies":[{"embeddable":true,"href":"https:\/\/nordicmart.andreevmaster.com\/fi\/wp-json\/wp\/v2\/comments?post=38519"}],"wp:featuredmedia":[{"embeddable":true,"href":"https:\/\/nordicmart.andreevmaster.com\/fi\/wp-json\/wp\/v2\/media\/46306"}],"wp:attachment":[{"href":"https:\/\/nordicmart.andreevmaster.com\/fi\/wp-json\/wp\/v2\/media?parent=38519"}],"wp:term":[{"taxonomy":"product_brand","embeddable":true,"href":"https:\/\/nordicmart.andreevmaster.com\/fi\/wp-json\/wp\/v2\/product_brand?post=38519"},{"taxonomy":"product_cat","embeddable":true,"href":"https:\/\/nordicmart.andreevmaster.com\/fi\/wp-json\/wp\/v2\/product_cat?post=38519"},{"taxonomy":"product_tag","embeddable":true,"href":"https:\/\/nordicmart.andreevmaster.com\/fi\/wp-json\/wp\/v2\/product_tag?post=38519"}],"curies":[{"name":"wp","href":"https:\/\/api.w.org\/{rel}","templated":true}]}}