{"id":38518,"date":"2026-02-27T00:44:26","date_gmt":"2026-02-27T00:44:26","guid":{"rendered":"https:\/\/nordicmart.andreevmaster.com\/product\/songmics-kuntoilulaitteet-kotiin\/"},"modified":"2026-02-27T09:59:52","modified_gmt":"2026-02-27T09:59:52","slug":"songmics-kuntoilulaitteet-kotiin","status":"publish","type":"product","link":"https:\/\/nordicmart.andreevmaster.com\/fi\/tuote\/songmics-kuntoilulaitteet-kotiin\/","title":{"rendered":"SONGMICS-kuntoilulaitteet kotiin"},"content":{"rendered":"<p>Harjoittele syd\u00e4mell\u00e4si: SONGMICS-kuntopy\u00f6r\u00e4n avulla voit vahvistaa verenkiertoasi, harjoitella tehokkaasti lihaksia ja kest\u00e4vyytt\u00e4, v\u00e4hent\u00e4\u00e4 stressi\u00e4 ja edist\u00e4\u00e4 tervett\u00e4 ruoansulatusta. T\u00e4m\u00e4n kuntopy\u00f6r\u00e4n ansiosta sinun ei en\u00e4\u00e4 tarvitse juosta puistossa pakkasessa tai rasittaa polviasi juoksumatoilla. Pid\u00e4 kiinni t\u00e4st\u00e4 kuntopy\u00f6r\u00e4st\u00e4 ja suorita tehokas syd\u00e4ntreeni mukavasti kotona. Harjoittele \u00e4\u00e4rimm\u00e4isen mukavasti: t\u00e4m\u00e4 SONGMICS:n taitettava kuntopy\u00f6r\u00e4 sopii henkil\u00f6ille, joiden paino on enint\u00e4\u00e4n 100 kg, ja se on varustettu mukavalla, leve\u00e4ll\u00e4 ja s\u00e4\u00e4dett\u00e4v\u00e4ll\u00e4 satulalla. N\u00e4in voit polttaa kaloreita ilman ep\u00e4mukavuutta.Helppo asentaa ja tilaa s\u00e4\u00e4st\u00e4v\u00e4 s\u00e4ilytys: yksityiskohtaisten ohjeiden ansiosta voit aloittaa lihasten rakentamisen t\u00e4ll\u00e4 kuntopy\u00f6r\u00e4ll\u00e4 hetkess\u00e4. Kun olet suorittanut p\u00e4ivitt\u00e4isen harjoituksesi, taitat t\u00e4m\u00e4n tilaa s\u00e4\u00e4st\u00e4v\u00e4n kuntopy\u00f6r\u00e4n helposti kokoon ja laitat sen nurkkaan tai kaappiin \u2013 purkamista ei tarvita! Tuotetiedot:V\u00e4ri: musta-sininen Materiaali: ter\u00e4s, muovi, PU-keinonahka, sieni N\u00e4yt\u00f6n tiedot: syke, nopeus, kesto, kuljettu matka, matkamittari, kalorinkulutus Koko: 100 x 51 x 113 cm (P x L x K) Koko kokoontaitettuna: 58 x 51 x 133 cm (P x L x K) Paino: 18 kg K\u00e4ytt\u00e4j\u00e4n enimm\u00e4ispaino: 100 kg K\u00e4ytt\u00e4j\u00e4n enimm\u00e4ispituus: 1,85 m Toimitus sis\u00e4lt\u00e4\u00e4: 1 x kuntopy\u00f6r\u00e4 1 x lis\u00e4varustepaketti 1 x k\u00e4ytt\u00f6ohje SONGMICS Huomautukset:Henkil\u00f6t, joilla on syd\u00e4n- ja verisuonitauteja ja\/tai aivohalvauspotilaat, eiv\u00e4t saa k\u00e4ytt\u00e4\u00e4 t\u00e4t\u00e4 tuotetta. Venyttele ennen kuin aloitat harjoittelun t\u00e4ll\u00e4 py\u00f6r\u00e4ll\u00e4. Turvallisuussyist\u00e4 pid\u00e4 tuote poissa lasten ja lemmikkiel\u00e4inten ulottuvilta. Huolla kuntopy\u00f6r\u00e4\u00e4 s\u00e4\u00e4nn\u00f6llisesti, jotta se kest\u00e4\u00e4 k\u00e4yt\u00f6ss\u00e4 pidemp\u00e4\u00e4n. Kirist\u00e4 erityisesti ruuvit tiukasti.<\/p>\n","protected":false},"excerpt":{"rendered":"<p>SONGMICS kotikuntoilulaitteet, kuntopy\u00f6r\u00e4, kotikuntoilulaite, kotikuntoiluv\u00e4lineet, taitettava, vastusnauha, pysty istuma-asento ja puoliksi makuuasento, musta-harmaa SEB014G01<\/p>\n","protected":false},"featured_media":46305,"comment_status":"open","ping_status":"closed","template":"","meta":[],"product_brand":[],"product_cat":[32],"product_tag":[],"class_list":{"0":"post-38518","1":"product","2":"type-product","3":"status-publish","4":"has-post-thumbnail","6":"product_cat-uncategorized-fi","8":"first","9":"instock","10":"shipping-taxable","11":"purchasable","12":"product-type-simple"},"_links":{"self":[{"href":"https:\/\/nordicmart.andreevmaster.com\/fi\/wp-json\/wp\/v2\/product\/38518","targetHints":{"allow":["GET"]}}],"collection":[{"href":"https:\/\/nordicmart.andreevmaster.com\/fi\/wp-json\/wp\/v2\/product"}],"about":[{"href":"https:\/\/nordicmart.andreevmaster.com\/fi\/wp-json\/wp\/v2\/types\/product"}],"replies":[{"embeddable":true,"href":"https:\/\/nordicmart.andreevmaster.com\/fi\/wp-json\/wp\/v2\/comments?post=38518"}],"wp:featuredmedia":[{"embeddable":true,"href":"https:\/\/nordicmart.andreevmaster.com\/fi\/wp-json\/wp\/v2\/media\/46305"}],"wp:attachment":[{"href":"https:\/\/nordicmart.andreevmaster.com\/fi\/wp-json\/wp\/v2\/media?parent=38518"}],"wp:term":[{"taxonomy":"product_brand","embeddable":true,"href":"https:\/\/nordicmart.andreevmaster.com\/fi\/wp-json\/wp\/v2\/product_brand?post=38518"},{"taxonomy":"product_cat","embeddable":true,"href":"https:\/\/nordicmart.andreevmaster.com\/fi\/wp-json\/wp\/v2\/product_cat?post=38518"},{"taxonomy":"product_tag","embeddable":true,"href":"https:\/\/nordicmart.andreevmaster.com\/fi\/wp-json\/wp\/v2\/product_tag?post=38518"}],"curies":[{"name":"wp","href":"https:\/\/api.w.org\/{rel}","templated":true}]}}