{"id":38516,"date":"2026-02-27T00:44:25","date_gmt":"2026-02-27T00:44:25","guid":{"rendered":"https:\/\/nordicmart.andreevmaster.com\/product\/songmics-kuntopyora-oranssi-harmaa\/"},"modified":"2026-02-27T09:59:51","modified_gmt":"2026-02-27T09:59:51","slug":"songmics-kuntopyora-oranssi-harmaa","status":"publish","type":"product","link":"https:\/\/nordicmart.andreevmaster.com\/fi\/tuote\/songmics-kuntopyora-oranssi-harmaa\/","title":{"rendered":"SONGMICS kuntopy\u00f6r\u00e4, oranssi-harmaa"},"content":{"rendered":"<p>Harjoittele syd\u00e4mell\u00e4si: laitteen avulla voit vahvistaa verenkiertoasi, harjoittaa lihaksia, v\u00e4hent\u00e4\u00e4 stressi\u00e4 ja edist\u00e4\u00e4 tervett\u00e4 ruoansulatusta. Sinun ei my\u00f6sk\u00e4\u00e4n tarvitse en\u00e4\u00e4 juosta puistossa pakkasessa. Pid\u00e4 kiinni t\u00e4st\u00e4 kuntopy\u00f6r\u00e4st\u00e4 ja harjoittele mukavasti kotona. Harjoittele mukavasti: Etk\u00f6 tunne oloasi hyv\u00e4ksi harjoituksen j\u00e4lkeen? Erityisesti selk\u00e4si ja selk\u00e4rankasi? T\u00e4m\u00e4 laite on varustettu mukavalla, s\u00e4\u00e4dett\u00e4v\u00e4ll\u00e4 satulalla, 2 tukitangolla ja selk\u00e4nojalla. N\u00e4in voit rentouttaa selk\u00e4si ja keskitty\u00e4 t\u00e4ysin harjoitteluun. Helppo asennus ja s\u00e4ilytys: Selkeiden ohjeiden ansiosta rakennat lihaksia t\u00e4ll\u00e4 laitteella ennen kuin huomaatkaan: Kun olet suorittanut p\u00e4ivitt\u00e4isen harjoittelusi, voit taittaa py\u00f6r\u00e4n kokoon ja laittaa sen nurkkaan \u2013 purkamista ei tarvita! Tuotetiedot:V\u00e4ri: oranssi-harmaa Materiaali: ter\u00e4s, muovi, PU-keinonahka, vaahtomuovi N\u00e4yt\u00f6n tiedot: syke, nopeus, kesto, kuljettu matka, matkamittari, kalorinkulutus Mitat: 70 x 41 x 113 cm (P x L x K) Paino: 16,7 kg K\u00e4ytt\u00e4j\u00e4n enimm\u00e4ispaino: 100 kg K\u00e4ytt\u00e4j\u00e4n enimm\u00e4ispituus: 1,85 m S\u00e4\u00e4dett\u00e4v\u00e4n satulan korkeus: 73\u201386 cm Toimitus sis\u00e4lt\u00e4\u00e4: 1 x kuntopy\u00f6r\u00e4 2 x AAA-paristo 1 x lis\u00e4varustepaketti 1 x k\u00e4ytt\u00f6ohje (DE, EN, FR, ES, IT) SONGMICS-huomautukset:Henkil\u00f6t, joilla on syd\u00e4n- ja verisuonitauteja ja\/tai aivohalvauspotilaat, eiv\u00e4t saa k\u00e4ytt\u00e4\u00e4 t\u00e4t\u00e4 tuotetta. T\u00e4m\u00e4 tuote ei sovellu lapsille. Venyttele ennen kuin aloitat harjoittelun t\u00e4ll\u00e4 py\u00f6r\u00e4ll\u00e4. S\u00e4ilyt\u00e4 tuotetta pystyasennossa. \u00c4l\u00e4 laita sit\u00e4 lattialle. K\u00e4yt\u00e4 tuotetta vain kuivalla ja tasaisella alustalla.<\/p>\n","protected":false},"excerpt":{"rendered":"<p>SONGMICS kuntopy\u00f6r\u00e4, kuntoilupy\u00f6r\u00e4, taitettava, selk\u00e4noja, sykemittari, k\u00e4nnyk\u00e4n pidike, 8 magneettista vastusasetusta, kantavuus 100 kg, musta-harmaa SEB012B01<\/p>\n","protected":false},"featured_media":46303,"comment_status":"open","ping_status":"closed","template":"","meta":[],"product_brand":[],"product_cat":[32],"product_tag":[],"class_list":{"0":"post-38516","1":"product","2":"type-product","3":"status-publish","4":"has-post-thumbnail","6":"product_cat-uncategorized-fi","8":"first","9":"instock","10":"shipping-taxable","11":"purchasable","12":"product-type-simple"},"_links":{"self":[{"href":"https:\/\/nordicmart.andreevmaster.com\/fi\/wp-json\/wp\/v2\/product\/38516","targetHints":{"allow":["GET"]}}],"collection":[{"href":"https:\/\/nordicmart.andreevmaster.com\/fi\/wp-json\/wp\/v2\/product"}],"about":[{"href":"https:\/\/nordicmart.andreevmaster.com\/fi\/wp-json\/wp\/v2\/types\/product"}],"replies":[{"embeddable":true,"href":"https:\/\/nordicmart.andreevmaster.com\/fi\/wp-json\/wp\/v2\/comments?post=38516"}],"wp:featuredmedia":[{"embeddable":true,"href":"https:\/\/nordicmart.andreevmaster.com\/fi\/wp-json\/wp\/v2\/media\/46303"}],"wp:attachment":[{"href":"https:\/\/nordicmart.andreevmaster.com\/fi\/wp-json\/wp\/v2\/media?parent=38516"}],"wp:term":[{"taxonomy":"product_brand","embeddable":true,"href":"https:\/\/nordicmart.andreevmaster.com\/fi\/wp-json\/wp\/v2\/product_brand?post=38516"},{"taxonomy":"product_cat","embeddable":true,"href":"https:\/\/nordicmart.andreevmaster.com\/fi\/wp-json\/wp\/v2\/product_cat?post=38516"},{"taxonomy":"product_tag","embeddable":true,"href":"https:\/\/nordicmart.andreevmaster.com\/fi\/wp-json\/wp\/v2\/product_tag?post=38516"}],"curies":[{"name":"wp","href":"https:\/\/api.w.org\/{rel}","templated":true}]}}