{"id":38514,"date":"2026-02-27T00:44:24","date_gmt":"2026-02-27T00:44:24","guid":{"rendered":"https:\/\/nordicmart.andreevmaster.com\/product\/rulletraener-sort-2\/"},"modified":"2026-02-27T09:59:51","modified_gmt":"2026-02-27T09:59:51","slug":"rulletraener-sort-2","status":"publish","type":"product","link":"https:\/\/nordicmart.andreevmaster.com\/fi\/tuote\/rulletraener-sort-2\/","title":{"rendered":"Rulletr\u00e6ner sort"},"content":{"rendered":"<p>Du skal ikke bekymre dig om vejret. Du st\u00e5r op hver morgen med et klart m\u00e5l for \u00f8je: I dag vil jeg g\u00f8re mit bedste. Du kl\u00e6der dig p\u00e5 og \u00e5bner hovedd\u00f8ren, men ser uvejrsskyer p\u00e5 himlen, vandpytter p\u00e5 gaden og silende regn. &#8221;Heldigvis &#8230;&#8221; siger du, &#8221;har jeg en rullesk\u00f8jte!&#8221; Olet viisas. Sade ja huono s\u00e4\u00e4 eiv\u00e4t est\u00e4 sinua pysym\u00e4st\u00e4 kunnossa ja terveen\u00e4. Kilpapy\u00f6r\u00e4si asennetaan rullaluistimien harjoituslaitteeseen muutamalla yksinkertaisella liikkeell\u00e4, ja progressiivisten vastustasojen avulla voit simuloida erilaisia vaikeustasoja olohuoneessasi, aivan kuin ajaisit py\u00f6r\u00e4tiell\u00e4 tai maantiell\u00e4. Helppok\u00e4ytt\u00f6inen mekanismi mahdollistaa hiljaisen ja rauhallisen harjoittelun h\u00e4iritsem\u00e4tt\u00e4 perhett\u00e4si tai naapureitasi. Mukana toimitettava etupy\u00f6r\u00e4tuki pit\u00e4\u00e4 py\u00f6r\u00e4si vakaana. Kun hankit t\u00e4m\u00e4n SONGMICS-rullatreenarin, harjoittelusi ei en\u00e4\u00e4 riipu s\u00e4\u00e4st\u00e4, vaan sinusta! Tuotetiedot: V\u00e4ri: Musta Materiaali: Ter\u00e4s Koko avattuna: 70 x 56 x 42 cm (P x L x K) Koko taitettuna: 47 x 22 x 51 cm (P x L x K) Paino: 9,8 kg Maks. Staattinen kuormituskapasiteetti: 100 kgToimitus sis\u00e4lt\u00e4\u00e4:1 x Fluid-py\u00f6r\u00e4ilykone1 x etupy\u00f6r\u00e4tuki1 x pikavapautus1 x ohjeetSONGMICS Huomautukset:Ennen k\u00e4ytt\u00f6\u00e4 varmista, ett\u00e4 py\u00f6r\u00e4si on kiinnitetty kunnolla harjoituslaitteeseen.\u00c4l\u00e4 kosketa py\u00f6r\u00e4n renkaita tai harjoittelulaitteen vastuspy\u00f6r\u00e4\u00e4 harjoittelun aikana. \u00c4l\u00e4 koskaan p\u00e4\u00e4st\u00e4 irti py\u00f6r\u00e4n ohjaustangosta harjoittelun aikana. Turvallisuussyist\u00e4 pid\u00e4 rullatreenaaja poissa lasten ja lemmikkiel\u00e4inten ulottuvilta.<\/p>\n","protected":false},"excerpt":{"rendered":"<p>Du skal ikke bekymre dig om vejret. Du st\u00e5r op hver morgen med et klart m\u00e5l for \u00f8je: I dag vil jeg g\u00f8re mit bedste. Du kl\u00e6der dig p\u00e5 og \u00e5bner hovedd\u00f8ren, men ser uvejrsskyer p\u00e5 himlen, vandpytter p\u00e5 gaden og silende regn. &#8221;Heldigvis &#8230;&#8221; siger du, &#8221;har jeg en rullesk\u00f8jte!&#8221; Olet viisas. Sade ja [&hellip;]<\/p>\n","protected":false},"featured_media":0,"comment_status":"open","ping_status":"closed","template":"","meta":[],"product_brand":[],"product_cat":[32],"product_tag":[],"class_list":{"0":"post-38514","1":"product","2":"type-product","3":"status-publish","5":"product_cat-uncategorized-fi","7":"first","8":"instock","9":"shipping-taxable","10":"purchasable","11":"product-type-simple"},"_links":{"self":[{"href":"https:\/\/nordicmart.andreevmaster.com\/fi\/wp-json\/wp\/v2\/product\/38514","targetHints":{"allow":["GET"]}}],"collection":[{"href":"https:\/\/nordicmart.andreevmaster.com\/fi\/wp-json\/wp\/v2\/product"}],"about":[{"href":"https:\/\/nordicmart.andreevmaster.com\/fi\/wp-json\/wp\/v2\/types\/product"}],"replies":[{"embeddable":true,"href":"https:\/\/nordicmart.andreevmaster.com\/fi\/wp-json\/wp\/v2\/comments?post=38514"}],"wp:attachment":[{"href":"https:\/\/nordicmart.andreevmaster.com\/fi\/wp-json\/wp\/v2\/media?parent=38514"}],"wp:term":[{"taxonomy":"product_brand","embeddable":true,"href":"https:\/\/nordicmart.andreevmaster.com\/fi\/wp-json\/wp\/v2\/product_brand?post=38514"},{"taxonomy":"product_cat","embeddable":true,"href":"https:\/\/nordicmart.andreevmaster.com\/fi\/wp-json\/wp\/v2\/product_cat?post=38514"},{"taxonomy":"product_tag","embeddable":true,"href":"https:\/\/nordicmart.andreevmaster.com\/fi\/wp-json\/wp\/v2\/product_tag?post=38514"}],"curies":[{"name":"wp","href":"https:\/\/api.w.org\/{rel}","templated":true}]}}