{"id":38512,"date":"2026-02-27T00:44:23","date_gmt":"2026-02-27T00:44:23","guid":{"rendered":"https:\/\/nordicmart.andreevmaster.com\/product\/songmics-pikakiinnittimella-ja-pikavapautuslaitteella\/"},"modified":"2026-02-27T09:59:50","modified_gmt":"2026-02-27T09:59:50","slug":"songmics-pikakiinnittimella-ja-pikavapautuslaitteella","status":"publish","type":"product","link":"https:\/\/nordicmart.andreevmaster.com\/fi\/tuote\/songmics-pikakiinnittimella-ja-pikavapautuslaitteella\/","title":{"rendered":"SONGMICS pikakiinnittimell\u00e4 ja pikavapautuslaitteella"},"content":{"rendered":"<p>Huomautus: Kuten kaikissa rullatreenereiss\u00e4, melutaso riippuu renkaan tukipinnasta. Melun v\u00e4hent\u00e4miseksi on suositeltavaa k\u00e4ytt\u00e4\u00e4 maantiepy\u00f6r\u00e4\u00e4, koska maastopy\u00f6r\u00e4t voivat aiheuttaa enemm\u00e4n melua. Treenerin alle asetettu matto tai matto voi my\u00f6s vaimentaa melua. \u00c4l\u00e4 v\u00e4lit\u00e4 s\u00e4\u00e4st\u00e4. M\u00e4\u00e4rit\u00e4 harjoittelusi itse. Her\u00e4\u00e4t joka aamu selke\u00e4 tavoite mieless\u00e4si: t\u00e4n\u00e4\u00e4n annan parhaani. Pukeudut ja avaat ulko-oven, mutta n\u00e4et taivaalla ukkospilvi\u00e4, kadulla l\u00e4t\u00e4k\u00f6it\u00e4 ja sateen ropisevan. &#8221;Onneksi&#8230;&#8221;, sanot, &#8221;minulla on rullatreeneri!&#8221; Olet yksi viisaista. Sade ja huono s\u00e4\u00e4 eiv\u00e4t est\u00e4 sinua saavuttamasta kuntoa ja terveytt\u00e4. Selvi\u00e4t p\u00e4iv\u00e4st\u00e4 riippumatta siit\u00e4, mit\u00e4 vaikeuksia kohtaat. Maantiepy\u00f6r\u00e4si asennetaan rullatreeneriin muutamalla helpolla vaiheella. Kuuden s\u00e4\u00e4dett\u00e4v\u00e4n vastustason avulla voit simuloida erilaisia vaikeustasoja olohuoneessasi, aivan kuin ajaisit py\u00f6r\u00e4tiell\u00e4 tai maantiell\u00e4. Helppok\u00e4ytt\u00f6inen mekanismi mahdollistaa hiljaisen harjoittelun h\u00e4iritsem\u00e4tt\u00e4 perhett\u00e4si tai naapureitasi. Mukana toimitettava etupy\u00f6r\u00e4tuki pit\u00e4\u00e4 py\u00f6r\u00e4si vakaana. Kun sinulla on t\u00e4m\u00e4 SONGMICS-rullatreeneri, harjoittelusi ei en\u00e4\u00e4 riipu s\u00e4\u00e4st\u00e4, vaan sinusta itsest\u00e4si! Tuotetiedot:V\u00e4ri: musta Materiaali: ter\u00e4s Koko avattuna: 54,5 x 50 x 40,5 cm (P x L x K) Koko kokoontaitettuna: 54,5 x 19 x 47 cm (P x L x K) Paino: 6,6 kg Maks. staattinen kantavuus: 100 kgToimitus sis\u00e4lt\u00e4\u00e4:1 x sis\u00e4k\u00e4ytt\u00f6inen rullatreenauslaite1 x etupy\u00f6r\u00e4n tuki1 x s\u00e4\u00e4dett\u00e4v\u00e4 vastuskytkin1 x pikakiinnitin1 x k\u00e4ytt\u00f6ohje (DE, EN, ES, FR, IT)SONGMICS-ohjeet:Varmista ennen k\u00e4ytt\u00f6\u00e4, ett\u00e4 py\u00f6r\u00e4si on kiinnitetty tukevasti treenauslaitteeseen.\u00c4l\u00e4 miss\u00e4\u00e4n tapauksessa kosketa py\u00f6r\u00e4n renkaita tai harjoittelulaitteen vastuspy\u00f6r\u00e4\u00e4 harjoittelun aikana. \u00c4l\u00e4 koskaan p\u00e4\u00e4st\u00e4 irti py\u00f6r\u00e4n ohjaustangosta harjoittelun aikana. Turvallisuussyist\u00e4 pid\u00e4 rullatreeneri poissa lasten ja lemmikkiel\u00e4inten ulottuvilta.<\/p>\n","protected":false},"excerpt":{"rendered":"<p>SONGMICS rullatreenauslaite, magneettinen polkupy\u00f6r\u00e4n vastustreenauslaite melua vaimentavalla py\u00f6r\u00e4ll\u00e4, pikakiinnityksell\u00e4 ja pikavapautusmekanismilla, musta SBT003B01<\/p>\n","protected":false},"featured_media":46300,"comment_status":"open","ping_status":"closed","template":"","meta":[],"product_brand":[],"product_cat":[32],"product_tag":[],"class_list":{"0":"post-38512","1":"product","2":"type-product","3":"status-publish","4":"has-post-thumbnail","6":"product_cat-uncategorized-fi","8":"first","9":"instock","10":"shipping-taxable","11":"purchasable","12":"product-type-simple"},"_links":{"self":[{"href":"https:\/\/nordicmart.andreevmaster.com\/fi\/wp-json\/wp\/v2\/product\/38512","targetHints":{"allow":["GET"]}}],"collection":[{"href":"https:\/\/nordicmart.andreevmaster.com\/fi\/wp-json\/wp\/v2\/product"}],"about":[{"href":"https:\/\/nordicmart.andreevmaster.com\/fi\/wp-json\/wp\/v2\/types\/product"}],"replies":[{"embeddable":true,"href":"https:\/\/nordicmart.andreevmaster.com\/fi\/wp-json\/wp\/v2\/comments?post=38512"}],"wp:featuredmedia":[{"embeddable":true,"href":"https:\/\/nordicmart.andreevmaster.com\/fi\/wp-json\/wp\/v2\/media\/46300"}],"wp:attachment":[{"href":"https:\/\/nordicmart.andreevmaster.com\/fi\/wp-json\/wp\/v2\/media?parent=38512"}],"wp:term":[{"taxonomy":"product_brand","embeddable":true,"href":"https:\/\/nordicmart.andreevmaster.com\/fi\/wp-json\/wp\/v2\/product_brand?post=38512"},{"taxonomy":"product_cat","embeddable":true,"href":"https:\/\/nordicmart.andreevmaster.com\/fi\/wp-json\/wp\/v2\/product_cat?post=38512"},{"taxonomy":"product_tag","embeddable":true,"href":"https:\/\/nordicmart.andreevmaster.com\/fi\/wp-json\/wp\/v2\/product_tag?post=38512"}],"curies":[{"name":"wp","href":"https:\/\/api.w.org\/{rel}","templated":true}]}}