{"id":38511,"date":"2026-02-27T00:44:23","date_gmt":"2026-02-27T00:44:23","guid":{"rendered":"https:\/\/nordicmart.andreevmaster.com\/product\/songmics-seinateline-polkupyorille-musta-punainen\/"},"modified":"2026-02-27T09:59:50","modified_gmt":"2026-02-27T09:59:50","slug":"songmics-seinateline-polkupyorille-musta-punainen","status":"publish","type":"product","link":"https:\/\/nordicmart.andreevmaster.com\/fi\/tuote\/songmics-seinateline-polkupyorille-musta-punainen\/","title":{"rendered":"SONGMICS sein\u00e4teline polkupy\u00f6rille, musta-punainen"},"content":{"rendered":"<p>Yksinkertaistettu polkupy\u00f6r\u00e4n korjaus: T\u00e4m\u00e4n tilaa s\u00e4\u00e4st\u00e4v\u00e4n, sein\u00e4lle asennettavan korjausjalustan avulla voit pit\u00e4\u00e4 autotallisi tai harrastusty\u00f6pajasi siistin\u00e4 ja samalla yksinkertaistaa korjaus- ja huoltot\u00f6it\u00e4. T\u00e4st\u00e4 l\u00e4htien sinun ei en\u00e4\u00e4 tarvitse ry\u00f6mi\u00e4 lattialla tai pyyt\u00e4\u00e4 yst\u00e4v\u00e4\u00e4si apuun pit\u00e4\u00e4ksesi py\u00f6r\u00e4si kunnossa.Hollantilaisista polkupy\u00f6rist\u00e4 maastopy\u00f6riin: t\u00e4m\u00e4 asennusteline kest\u00e4\u00e4 hollantilaisia polkupy\u00f6ri\u00e4 tai maastopy\u00f6ri\u00e4, joiden paino on enint\u00e4\u00e4n 20 kg. Pehme\u00e4 TPR-puristin tarttuu polkupy\u00f6r\u00e4n runkoon tai satulatolppaan, jonka halkaisija on 25\u201340 mm, ja sit\u00e4 voidaan k\u00e4\u00e4nt\u00e4\u00e4 360\u00b0. Tuotetiedot:V\u00e4ri: musta-punainen Materiaali: ter\u00e4s, muovi Koko: 44 x 10 x 10 cm (P x L x K) Paino: 1,9 kg Maks. staattinen kantavuus: 20 kg Toimitus sis\u00e4lt\u00e4\u00e4: 1 x py\u00f6r\u00e4nkorjausjalusta (puristin) 2 x sein\u00e4kiinnike 1 x ohjeet (DE, EN, FR, ES, IT) SONGMICS-huomautukset:T\u00e4m\u00e4 tuote on suunniteltu yksinomaan polkupy\u00f6rien kokoamiseen ja korjaamiseen yksityisk\u00e4yt\u00f6ss\u00e4. Asenna ja k\u00e4yt\u00e4 t\u00e4t\u00e4 tuotetta ohjeiden mukaisesti. Asenna t\u00e4m\u00e4 tuote tukevalle sein\u00e4lle (esim. tiilisein\u00e4lle). \u00c4l\u00e4 kiinnit\u00e4 sit\u00e4 kipsilevysein\u00e4\u00e4n. Ole varovainen, kun kiinnit\u00e4t, irrotat tai s\u00e4\u00e4d\u00e4t tuotteen korkeutta. T\u00e4m\u00e4n tuotteen enimm\u00e4iskuormitus on 20 kg. Siksi t\u00e4m\u00e4 teline ei sovellu raskaampien polkupy\u00f6rien korjaamiseen. Puristin voi kiinnitt\u00e4\u00e4 halkaisijaltaan 25\u201340 mm:n tangot. \u00c4l\u00e4 k\u00e4yt\u00e4 tuotetta polkupy\u00f6rille, joiden tangot ovat suurempia. Kun korjaat polkupy\u00f6r\u00e4\u00e4 t\u00e4m\u00e4n tuotteen avulla, varmista, ett\u00e4 polkupy\u00f6r\u00e4n painopiste on aina tasapainossa. \u00c4l\u00e4 anna lasten kiivet\u00e4 tuotteelle, roikkua siin\u00e4 tai leikki\u00e4 sen l\u00e4hell\u00e4, jotta v\u00e4lt\u00e4t mahdolliset loukkaantumiset.<\/p>\n","protected":false},"excerpt":{"rendered":"<p>SONGMICS sein\u00e4teline polkupy\u00f6rille, polkupy\u00f6r\u00e4n asennusteline, korjausjalusta, raskaiden kuormien asennusteline, 360\u00b0 k\u00e4\u00e4ntyv\u00e4, sein\u00e4kiinnitys, irrotettava, 2 sein\u00e4telinett\u00e4, 1 kiinnitysvarsi, musta-punainen SBR08B<\/p>\n","protected":false},"featured_media":46299,"comment_status":"open","ping_status":"closed","template":"","meta":[],"product_brand":[],"product_cat":[32],"product_tag":[],"class_list":{"0":"post-38511","1":"product","2":"type-product","3":"status-publish","4":"has-post-thumbnail","6":"product_cat-uncategorized-fi","8":"first","9":"instock","10":"shipping-taxable","11":"purchasable","12":"product-type-simple"},"_links":{"self":[{"href":"https:\/\/nordicmart.andreevmaster.com\/fi\/wp-json\/wp\/v2\/product\/38511","targetHints":{"allow":["GET"]}}],"collection":[{"href":"https:\/\/nordicmart.andreevmaster.com\/fi\/wp-json\/wp\/v2\/product"}],"about":[{"href":"https:\/\/nordicmart.andreevmaster.com\/fi\/wp-json\/wp\/v2\/types\/product"}],"replies":[{"embeddable":true,"href":"https:\/\/nordicmart.andreevmaster.com\/fi\/wp-json\/wp\/v2\/comments?post=38511"}],"wp:featuredmedia":[{"embeddable":true,"href":"https:\/\/nordicmart.andreevmaster.com\/fi\/wp-json\/wp\/v2\/media\/46299"}],"wp:attachment":[{"href":"https:\/\/nordicmart.andreevmaster.com\/fi\/wp-json\/wp\/v2\/media?parent=38511"}],"wp:term":[{"taxonomy":"product_brand","embeddable":true,"href":"https:\/\/nordicmart.andreevmaster.com\/fi\/wp-json\/wp\/v2\/product_brand?post=38511"},{"taxonomy":"product_cat","embeddable":true,"href":"https:\/\/nordicmart.andreevmaster.com\/fi\/wp-json\/wp\/v2\/product_cat?post=38511"},{"taxonomy":"product_tag","embeddable":true,"href":"https:\/\/nordicmart.andreevmaster.com\/fi\/wp-json\/wp\/v2\/product_tag?post=38511"}],"curies":[{"name":"wp","href":"https:\/\/api.w.org\/{rel}","templated":true}]}}