{"id":38510,"date":"2026-02-27T00:44:23","date_gmt":"2026-02-27T00:44:23","guid":{"rendered":"https:\/\/nordicmart.andreevmaster.com\/product\/songmics-polkupyoran-asennusteline-korkea-kantavuus\/"},"modified":"2026-02-27T09:59:50","modified_gmt":"2026-02-27T09:59:50","slug":"songmics-polkupyoran-asennusteline-korkea-kantavuus","status":"publish","type":"product","link":"https:\/\/nordicmart.andreevmaster.com\/fi\/tuote\/songmics-polkupyoran-asennusteline-korkea-kantavuus\/","title":{"rendered":"SONGMICS-polkupy\u00f6r\u00e4n asennusteline, korkea kantavuus"},"content":{"rendered":"<p>T\u00e4m\u00e4 korjausjalusta tekee ty\u00f6n puolestasi: tulevaisuudessa sinun ei en\u00e4\u00e4 tarvitse korjata polkupy\u00f6r\u00e4\u00e4si maassa ry\u00f6mien tai kylpyhuoneen suihkuverhotangon avulla (ihmiset keksiv\u00e4t joskus todella upeita ideoita). SONGMICSin ammattimaisella, kaksijalkaisella korjausjalustalla voit nostaa py\u00f6r\u00e4si mukavalle korkeudelle, jotta p\u00e4\u00e4set helposti k\u00e4siksi kaikkiin kohtiin.Hollantilaisista polkupy\u00f6rist\u00e4 maastopy\u00f6riin: t\u00e4m\u00e4 asennusteline kest\u00e4\u00e4 jopa 25 kg:n painoiset hollantilaiset polkupy\u00f6r\u00e4t tai maastopy\u00f6r\u00e4t. Pehme\u00e4 muovikiinnike tarttuu polkupy\u00f6r\u00e4n runkoon tai satulatolppaan, jonka halkaisija on 25\u201340 mm, ja sit\u00e4 voi k\u00e4\u00e4nt\u00e4\u00e4 360\u00b0.Tuotetiedot: V\u00e4ri: musta-punainen Materiaali: ter\u00e4s Koko: 95 x 81 x 97\u2013157 cm (P x L x K) Paino: 7 kg Maks. staattinen kantavuus: 25 kg Toimitus sis\u00e4lt\u00e4\u00e4: 1 x py\u00f6r\u00e4nkorjausjalusta 1 x magneettinen ty\u00f6kalualusta 1 x ohjeet (DE, EN, FR, ES, IT) SONGMICS-huomautukset:T\u00e4m\u00e4 tuote on suunniteltu yksinomaan polkupy\u00f6rien kokoamiseen ja korjaamiseen yksityisk\u00e4yt\u00f6ss\u00e4. Asenna ja k\u00e4yt\u00e4 t\u00e4t\u00e4 tuotetta tiukasti ohjeiden mukaisesti. Aseta tuote tasaiselle, tukevalle alustalle. L\u00e4hell\u00e4 ei saa olla esineit\u00e4, jotka voivat aiheuttaa t\u00f6rm\u00e4yksi\u00e4. Ole varovainen, kun avaat tai suljet tuotteen tai s\u00e4\u00e4d\u00e4t sen korkeutta. T\u00e4m\u00e4n tuotteen suurin kantavuus on 25 kg. Teline ei sovellu raskaampien polkupy\u00f6rien korjaamiseen. Puristin sopii halkaisijaltaan 25\u201340 mm:n tankoihin. \u00c4l\u00e4 k\u00e4yt\u00e4 tuotetta polkupy\u00f6rille, joiden tangot ovat suurempia. Kun korjaat polkupy\u00f6r\u00e4\u00e4 t\u00e4m\u00e4n tuotteen avulla, varmista, ett\u00e4 polkupy\u00f6r\u00e4n painopiste on aina tasapainossa. \u00c4l\u00e4 anna lasten kiivet\u00e4 tuotteelle tai leikki\u00e4 sen l\u00e4hell\u00e4, jotta v\u00e4lt\u00e4t mahdolliset loukkaantumiset.<\/p>\n","protected":false},"excerpt":{"rendered":"<p>SONGMICS polkupy\u00f6r\u00e4n asennusteline, korjausjalusta polkupy\u00f6rille, raskaiden kuormien asennusteline, polkupy\u00f6r\u00e4teline pikakiinnityksell\u00e4, hitsattu puristinp\u00e4\u00e4, 360\u00b0 k\u00e4\u00e4ntyv\u00e4, musta-punainen SBR07B<\/p>\n","protected":false},"featured_media":46298,"comment_status":"open","ping_status":"closed","template":"","meta":[],"product_brand":[],"product_cat":[32],"product_tag":[],"class_list":{"0":"post-38510","1":"product","2":"type-product","3":"status-publish","4":"has-post-thumbnail","6":"product_cat-uncategorized-fi","8":"first","9":"instock","10":"shipping-taxable","11":"purchasable","12":"product-type-simple"},"_links":{"self":[{"href":"https:\/\/nordicmart.andreevmaster.com\/fi\/wp-json\/wp\/v2\/product\/38510","targetHints":{"allow":["GET"]}}],"collection":[{"href":"https:\/\/nordicmart.andreevmaster.com\/fi\/wp-json\/wp\/v2\/product"}],"about":[{"href":"https:\/\/nordicmart.andreevmaster.com\/fi\/wp-json\/wp\/v2\/types\/product"}],"replies":[{"embeddable":true,"href":"https:\/\/nordicmart.andreevmaster.com\/fi\/wp-json\/wp\/v2\/comments?post=38510"}],"wp:featuredmedia":[{"embeddable":true,"href":"https:\/\/nordicmart.andreevmaster.com\/fi\/wp-json\/wp\/v2\/media\/46298"}],"wp:attachment":[{"href":"https:\/\/nordicmart.andreevmaster.com\/fi\/wp-json\/wp\/v2\/media?parent=38510"}],"wp:term":[{"taxonomy":"product_brand","embeddable":true,"href":"https:\/\/nordicmart.andreevmaster.com\/fi\/wp-json\/wp\/v2\/product_brand?post=38510"},{"taxonomy":"product_cat","embeddable":true,"href":"https:\/\/nordicmart.andreevmaster.com\/fi\/wp-json\/wp\/v2\/product_cat?post=38510"},{"taxonomy":"product_tag","embeddable":true,"href":"https:\/\/nordicmart.andreevmaster.com\/fi\/wp-json\/wp\/v2\/product_tag?post=38510"}],"curies":[{"name":"wp","href":"https:\/\/api.w.org\/{rel}","templated":true}]}}