{"id":38506,"date":"2026-02-27T00:44:21","date_gmt":"2026-02-27T00:44:21","guid":{"rendered":"https:\/\/nordicmart.andreevmaster.com\/product\/songmics-polkupyoran-korjausjalusta-2-jalkaa\/"},"modified":"2026-02-27T09:59:49","modified_gmt":"2026-02-27T09:59:49","slug":"songmics-polkupyoran-korjausjalusta-2-jalkaa","status":"publish","type":"product","link":"https:\/\/nordicmart.andreevmaster.com\/fi\/tuote\/songmics-polkupyoran-korjausjalusta-2-jalkaa\/","title":{"rendered":"SONGMICS polkupy\u00f6r\u00e4n korjausjalusta, 2 jalkaa"},"content":{"rendered":"<p>J\u00e4t\u00e4 raskaat teht\u00e4v\u00e4t t\u00e4m\u00e4n korjausjalustan hoidettavaksi: tulevaisuudessa sinun ei en\u00e4\u00e4 tarvitse korjata polkupy\u00f6r\u00e4\u00e4si maassa ry\u00f6mien tai kylpyhuoneen suihkuverhotangon avulla (ihmiset keksiv\u00e4t joskus todella upeita ideoita). T\u00e4m\u00e4n SONGMICS:n ammattimaisen korjausjalustan avulla voit nostaa py\u00f6r\u00e4si mukavalle korkeudelle, jotta p\u00e4\u00e4set helposti k\u00e4siksi kaikkiin kohtiin.Jos tarvitset telinett\u00e4 my\u00f6s matkoilla, voit painaa pikavapautusmekanismia, taittaa telineen kokoon ja pakata sen autoon \u2013 niin helppoa se on! Laajat toiminnot: T\u00e4lle asennustelineelle voi asettaa hollantilaisia polkupy\u00f6ri\u00e4 tai maastopy\u00f6ri\u00e4, joiden paino on enint\u00e4\u00e4n 25 kg. Pehme\u00e4 muovikiinnike tarttuu py\u00f6r\u00e4n runkoon tai satulatolppaan, jonka halkaisija on 25\u201350 mm, ja sit\u00e4 voi k\u00e4\u00e4nt\u00e4\u00e4 360\u00b0. Vakaan alumiinitelineen korkeutta voi s\u00e4\u00e4t\u00e4\u00e4 112\u2013171 cm. Tuotetiedot: V\u00e4ri: musta Materiaali: alumiiniseos, TPR-kiinnike (termoplastinen kumi) Koko: 101 x 81 x (112\u2013171) cm (P x L x K) Paino: 4,9 kg Maks. staattinen kantavuus: 25 kg Toimitus sis\u00e4lt\u00e4\u00e4: 1 x py\u00f6r\u00e4nkorjausjalusta 1 x magneettinen ty\u00f6kalualusta 1 x ohjeet (DE, EN, FR, ES, IT) SONGMICS-huomautukset:T\u00e4m\u00e4 tuote on suunniteltu yksinomaan polkupy\u00f6rien kokoamiseen ja korjaamiseen yksityisk\u00e4yt\u00f6ss\u00e4. Asenna ja k\u00e4yt\u00e4 t\u00e4t\u00e4 tuotetta tiukasti ohjeiden mukaisesti. Aseta tuote tasaiselle, tukevalle alustalle. L\u00e4heisyydess\u00e4 ei saa olla muita esineit\u00e4, jotta v\u00e4ltyt\u00e4\u00e4n t\u00f6rm\u00e4yksilt\u00e4. Ole varovainen, kun avaat tai suljet tuotteen tai s\u00e4\u00e4d\u00e4t sen korkeutta. T\u00e4m\u00e4n tuotteen suurin kantavuus on 25 kg. Siksi t\u00e4m\u00e4 teline ei sovellu raskaampien polkupy\u00f6rien korjaamiseen. Puristin voi kiinnitt\u00e4\u00e4 25\u201350 mm:n halkaisijaltaan olevia tankoja. \u00c4l\u00e4 k\u00e4yt\u00e4 tuotetta polkupy\u00f6rille, joiden tangot ovat suurempia. Kun korjaat polkupy\u00f6r\u00e4\u00e4 t\u00e4m\u00e4n tuotteen avulla, varmista, ett\u00e4 se on aina tasapainossa ja ett\u00e4 painopiste on keskell\u00e4. \u00c4l\u00e4 anna lasten kiivet\u00e4 tuotteelle tai leikki\u00e4 sen l\u00e4hell\u00e4, jotta v\u00e4lt\u00e4t mahdolliset loukkaantumiset.<\/p>\n","protected":false},"excerpt":{"rendered":"<p>SONGMICS polkupy\u00f6r\u00e4n asennusteline, alumiininen asennusteline polkupy\u00f6rille, korjausjalusta magneettisella ty\u00f6kalualustalla, korjaussarja, korkeuss\u00e4\u00e4dett\u00e4v\u00e4, kevyt, musta SBR04B<\/p>\n","protected":false},"featured_media":46294,"comment_status":"open","ping_status":"closed","template":"","meta":[],"product_brand":[],"product_cat":[32],"product_tag":[],"class_list":{"0":"post-38506","1":"product","2":"type-product","3":"status-publish","4":"has-post-thumbnail","6":"product_cat-uncategorized-fi","8":"first","9":"instock","10":"shipping-taxable","11":"purchasable","12":"product-type-simple"},"_links":{"self":[{"href":"https:\/\/nordicmart.andreevmaster.com\/fi\/wp-json\/wp\/v2\/product\/38506","targetHints":{"allow":["GET"]}}],"collection":[{"href":"https:\/\/nordicmart.andreevmaster.com\/fi\/wp-json\/wp\/v2\/product"}],"about":[{"href":"https:\/\/nordicmart.andreevmaster.com\/fi\/wp-json\/wp\/v2\/types\/product"}],"replies":[{"embeddable":true,"href":"https:\/\/nordicmart.andreevmaster.com\/fi\/wp-json\/wp\/v2\/comments?post=38506"}],"wp:featuredmedia":[{"embeddable":true,"href":"https:\/\/nordicmart.andreevmaster.com\/fi\/wp-json\/wp\/v2\/media\/46294"}],"wp:attachment":[{"href":"https:\/\/nordicmart.andreevmaster.com\/fi\/wp-json\/wp\/v2\/media?parent=38506"}],"wp:term":[{"taxonomy":"product_brand","embeddable":true,"href":"https:\/\/nordicmart.andreevmaster.com\/fi\/wp-json\/wp\/v2\/product_brand?post=38506"},{"taxonomy":"product_cat","embeddable":true,"href":"https:\/\/nordicmart.andreevmaster.com\/fi\/wp-json\/wp\/v2\/product_cat?post=38506"},{"taxonomy":"product_tag","embeddable":true,"href":"https:\/\/nordicmart.andreevmaster.com\/fi\/wp-json\/wp\/v2\/product_tag?post=38506"}],"curies":[{"name":"wp","href":"https:\/\/api.w.org\/{rel}","templated":true}]}}