{"id":38505,"date":"2026-02-27T00:44:21","date_gmt":"2026-02-27T00:44:21","guid":{"rendered":"https:\/\/nordicmart.andreevmaster.com\/product\/songmics-raskaiden-polkupyorien-asennusteline-korjausjalusta\/"},"modified":"2026-02-27T09:59:49","modified_gmt":"2026-02-27T09:59:49","slug":"songmics-raskaiden-polkupyorien-asennusteline-korjausjalusta","status":"publish","type":"product","link":"https:\/\/nordicmart.andreevmaster.com\/fi\/tuote\/songmics-raskaiden-polkupyorien-asennusteline-korjausjalusta\/","title":{"rendered":"SONGMICS raskaiden polkupy\u00f6rien asennusteline korjausjalusta"},"content":{"rendered":"<p>Ihanteellinen lahja kaikille, jotka haluavat korjata tai s\u00e4\u00e4t\u00e4\u00e4 omaa polkupy\u00f6r\u00e4\u00e4ns\u00e4 itse. Teline on v\u00e4ltt\u00e4m\u00e4t\u00f6n kaikille, jotka harrastavat urheilua, kilpailevat tai harjoittelevat s\u00e4\u00e4nn\u00f6llisesti ja kulkevat polkupy\u00f6r\u00e4ll\u00e4. Tilaa nyt, kun korjausjalusta on viel\u00e4 varastossa. Nauti edistyksellisest\u00e4 suunnittelusta, edistyksellisist\u00e4 ominaisuuksista ja korkealaatuisista materiaaleista, kuten ammattimaiset korjausteknikot ja kilpapy\u00f6r\u00e4ilij\u00e4t. Tuotetiedot: V\u00e4ri: musta Materiaali: alumiiniseos, rauta Tuotteen mitat: 141 x 118 -177 x 141 cm (L x K x S) Bruttopaino: 11 kg Nettopaino: 9,7 kgToimitus sis\u00e4lt\u00e4\u00e4:1 x polkupy\u00f6r\u00e4n korjausjalusta1 x ohjeet (DE, EN, ES, FR, IT)SONGMICS-ohjeet:1. Ennen kuin siirr\u00e4t polkupy\u00f6r\u00e4n telinett\u00e4, laske polkupy\u00f6r\u00e4si alas.2. \u00c4l\u00e4 liiku 3 alinta jalkaa korjauksen tai asennuksen aikana.<\/p>\n","protected":false},"excerpt":{"rendered":"<p>SONGMICS raskaiden polkupy\u00f6rien asennusteline, korjausjalusta, jossa on suuri ty\u00f6kaluteline, alumiiniseosvarsi, kaikki polkupy\u00f6r\u00e4n korjaukseen tarvittavat toiminnot SBR03B<\/p>\n","protected":false},"featured_media":46293,"comment_status":"open","ping_status":"closed","template":"","meta":[],"product_brand":[],"product_cat":[32],"product_tag":[],"class_list":{"0":"post-38505","1":"product","2":"type-product","3":"status-publish","4":"has-post-thumbnail","6":"product_cat-uncategorized-fi","8":"first","9":"instock","10":"shipping-taxable","11":"purchasable","12":"product-type-simple"},"_links":{"self":[{"href":"https:\/\/nordicmart.andreevmaster.com\/fi\/wp-json\/wp\/v2\/product\/38505","targetHints":{"allow":["GET"]}}],"collection":[{"href":"https:\/\/nordicmart.andreevmaster.com\/fi\/wp-json\/wp\/v2\/product"}],"about":[{"href":"https:\/\/nordicmart.andreevmaster.com\/fi\/wp-json\/wp\/v2\/types\/product"}],"replies":[{"embeddable":true,"href":"https:\/\/nordicmart.andreevmaster.com\/fi\/wp-json\/wp\/v2\/comments?post=38505"}],"wp:featuredmedia":[{"embeddable":true,"href":"https:\/\/nordicmart.andreevmaster.com\/fi\/wp-json\/wp\/v2\/media\/46293"}],"wp:attachment":[{"href":"https:\/\/nordicmart.andreevmaster.com\/fi\/wp-json\/wp\/v2\/media?parent=38505"}],"wp:term":[{"taxonomy":"product_brand","embeddable":true,"href":"https:\/\/nordicmart.andreevmaster.com\/fi\/wp-json\/wp\/v2\/product_brand?post=38505"},{"taxonomy":"product_cat","embeddable":true,"href":"https:\/\/nordicmart.andreevmaster.com\/fi\/wp-json\/wp\/v2\/product_cat?post=38505"},{"taxonomy":"product_tag","embeddable":true,"href":"https:\/\/nordicmart.andreevmaster.com\/fi\/wp-json\/wp\/v2\/product_tag?post=38505"}],"curies":[{"name":"wp","href":"https:\/\/api.w.org\/{rel}","templated":true}]}}