{"id":38504,"date":"2026-02-27T00:44:21","date_gmt":"2026-02-27T00:44:21","guid":{"rendered":"https:\/\/nordicmart.andreevmaster.com\/product\/songmics-polkupyoran-asennusteline-musta-punainen\/"},"modified":"2026-02-27T09:59:48","modified_gmt":"2026-02-27T09:59:48","slug":"songmics-polkupyoran-asennusteline-musta-punainen","status":"publish","type":"product","link":"https:\/\/nordicmart.andreevmaster.com\/fi\/tuote\/songmics-polkupyoran-asennusteline-musta-punainen\/","title":{"rendered":"SONGMICS polkupy\u00f6r\u00e4n asennusteline, musta-punainen"},"content":{"rendered":"<p>Helpottaa ja mukavoittaa polkupy\u00f6r\u00e4n korjausta! Miksi valita juuri meid\u00e4n korjausjalusta? Eritt\u00e4in kest\u00e4v\u00e4 rakenne ja kulutusta kest\u00e4v\u00e4 materiaali Helppo taittaa kokoon kuljetusta ja s\u00e4ilytyst\u00e4 varten 360Kiertyv\u00e4 k\u00e4sivarsikiinnike helpottaa p\u00e4\u00e4sy\u00e4 py\u00f6r\u00e4n kaikkiin osiin Muovipinnoitettu kiinnike suojaa py\u00f6r\u00e4\u00e4 naarmuilta Nelj\u00e4 jalkaa, joissa on valmiiksi poratut rei\u00e4t, voidaan kiinnitt\u00e4\u00e4 lattiaan S\u00e4\u00e4dett\u00e4v\u00e4 ohjaustangon kiinnike etupy\u00f6r\u00e4n kiinnitt\u00e4miseen Magneetti ty\u00f6kalutelineen keskell\u00e4 pienten osien ja ruuvien s\u00e4ilytt\u00e4mist\u00e4 varten Tuotetiedot:V\u00e4ri: musta runko, siniset muoviosat Materiaali: rautaputket, muoviosat Tuotteen mitat: 141,5 x 113 -193 x 141,5 cm (L x K x S)Bruttopaino: 7,5 kgNettopaino: 6,5 kgToimitus sis\u00e4lt\u00e4\u00e4:1 x polkupy\u00f6r\u00e4n korjausjalusta1 x ohjeet (DE, EN, ES, FR, IT)SONGMICS-ohjeet:1. Ennen kuin siirr\u00e4t py\u00f6r\u00e4telineen, laske py\u00f6r\u00e4si alas. 2. \u00c4l\u00e4 liiku 4 alinta jalkaa korjauksen tai asennuksen aikana.<\/p>\n","protected":false},"excerpt":{"rendered":"<p>SONGMICS raskaiden polkupy\u00f6rien asennusteline ammattilaisille, teleskooppiteline polkupy\u00f6rille, asennusteline magneettisella ty\u00f6kalualustalla, korjaamo, autotalli, kannettava, musta-punainen SBR02B<\/p>\n","protected":false},"featured_media":46292,"comment_status":"open","ping_status":"closed","template":"","meta":[],"product_brand":[],"product_cat":[32],"product_tag":[],"class_list":{"0":"post-38504","1":"product","2":"type-product","3":"status-publish","4":"has-post-thumbnail","6":"product_cat-uncategorized-fi","8":"first","9":"instock","10":"shipping-taxable","11":"purchasable","12":"product-type-simple"},"_links":{"self":[{"href":"https:\/\/nordicmart.andreevmaster.com\/fi\/wp-json\/wp\/v2\/product\/38504","targetHints":{"allow":["GET"]}}],"collection":[{"href":"https:\/\/nordicmart.andreevmaster.com\/fi\/wp-json\/wp\/v2\/product"}],"about":[{"href":"https:\/\/nordicmart.andreevmaster.com\/fi\/wp-json\/wp\/v2\/types\/product"}],"replies":[{"embeddable":true,"href":"https:\/\/nordicmart.andreevmaster.com\/fi\/wp-json\/wp\/v2\/comments?post=38504"}],"wp:featuredmedia":[{"embeddable":true,"href":"https:\/\/nordicmart.andreevmaster.com\/fi\/wp-json\/wp\/v2\/media\/46292"}],"wp:attachment":[{"href":"https:\/\/nordicmart.andreevmaster.com\/fi\/wp-json\/wp\/v2\/media?parent=38504"}],"wp:term":[{"taxonomy":"product_brand","embeddable":true,"href":"https:\/\/nordicmart.andreevmaster.com\/fi\/wp-json\/wp\/v2\/product_brand?post=38504"},{"taxonomy":"product_cat","embeddable":true,"href":"https:\/\/nordicmart.andreevmaster.com\/fi\/wp-json\/wp\/v2\/product_cat?post=38504"},{"taxonomy":"product_tag","embeddable":true,"href":"https:\/\/nordicmart.andreevmaster.com\/fi\/wp-json\/wp\/v2\/product_tag?post=38504"}],"curies":[{"name":"wp","href":"https:\/\/api.w.org\/{rel}","templated":true}]}}