{"id":38500,"date":"2026-02-27T00:44:20","date_gmt":"2026-02-27T00:44:20","guid":{"rendered":"https:\/\/nordicmart.andreevmaster.com\/product\/songmics-sailytyslaatikko-kannella-3-kpln-sarja-hiekanbeige\/"},"modified":"2026-02-27T09:59:48","modified_gmt":"2026-02-27T09:59:48","slug":"songmics-sailytyslaatikko-kannella-3-kpln-sarja-hiekanbeige","status":"publish","type":"product","link":"https:\/\/nordicmart.andreevmaster.com\/fi\/tuote\/songmics-sailytyslaatikko-kannella-3-kpln-sarja-hiekanbeige\/","title":{"rendered":"SONGMICS s\u00e4ilytyslaatikko kannella, 3 kpl:n sarja, hiekanbeige"},"content":{"rendered":"<p>SONGMICS s\u00e4ilytyslaatikko kannella, 3 kpl, taitettava kangaslaatikko kahvoilla, vaatteiden ja peilituotteiden s\u00e4ilytys<br \/>\nV\u00e4ri: hiekanbeige<br \/>\nMateriaali: 2 mm paksu pahvi, 80 g\/m\u00b2 kuitukangas<br \/>\nKoko: 40 x 30 x 25 cm (P x L x K)<br \/>\nKokonaispaino: 1,9 kg<br \/>\nSuurin staattinen kantavuus per laatikko: 3 kg<\/p>\n","protected":false},"excerpt":{"rendered":"<p>SONGMICS s\u00e4ilytyslaatikko kannella, 3 kpl, taitettava kangaslaatikko kahvoilla, vaatteiden ja peilituotteiden s\u00e4ilytys<\/p>\n","protected":false},"featured_media":46288,"comment_status":"open","ping_status":"closed","template":"","meta":[],"product_brand":[],"product_cat":[32],"product_tag":[],"class_list":{"0":"post-38500","1":"product","2":"type-product","3":"status-publish","4":"has-post-thumbnail","6":"product_cat-uncategorized-fi","8":"first","9":"instock","10":"shipping-taxable","11":"purchasable","12":"product-type-simple"},"_links":{"self":[{"href":"https:\/\/nordicmart.andreevmaster.com\/fi\/wp-json\/wp\/v2\/product\/38500","targetHints":{"allow":["GET"]}}],"collection":[{"href":"https:\/\/nordicmart.andreevmaster.com\/fi\/wp-json\/wp\/v2\/product"}],"about":[{"href":"https:\/\/nordicmart.andreevmaster.com\/fi\/wp-json\/wp\/v2\/types\/product"}],"replies":[{"embeddable":true,"href":"https:\/\/nordicmart.andreevmaster.com\/fi\/wp-json\/wp\/v2\/comments?post=38500"}],"wp:featuredmedia":[{"embeddable":true,"href":"https:\/\/nordicmart.andreevmaster.com\/fi\/wp-json\/wp\/v2\/media\/46288"}],"wp:attachment":[{"href":"https:\/\/nordicmart.andreevmaster.com\/fi\/wp-json\/wp\/v2\/media?parent=38500"}],"wp:term":[{"taxonomy":"product_brand","embeddable":true,"href":"https:\/\/nordicmart.andreevmaster.com\/fi\/wp-json\/wp\/v2\/product_brand?post=38500"},{"taxonomy":"product_cat","embeddable":true,"href":"https:\/\/nordicmart.andreevmaster.com\/fi\/wp-json\/wp\/v2\/product_cat?post=38500"},{"taxonomy":"product_tag","embeddable":true,"href":"https:\/\/nordicmart.andreevmaster.com\/fi\/wp-json\/wp\/v2\/product_tag?post=38500"}],"curies":[{"name":"wp","href":"https:\/\/api.w.org\/{rel}","templated":true}]}}