{"id":38497,"date":"2026-02-27T00:44:19","date_gmt":"2026-02-27T00:44:19","guid":{"rendered":"https:\/\/nordicmart.andreevmaster.com\/product\/songmics-taitettavat-sailytyslaatikot\/"},"modified":"2026-02-27T09:59:47","modified_gmt":"2026-02-27T09:59:47","slug":"songmics-taitettavat-sailytyslaatikot","status":"publish","type":"product","link":"https:\/\/nordicmart.andreevmaster.com\/fi\/tuote\/songmics-taitettavat-sailytyslaatikot\/","title":{"rendered":"SONGMICS Taitettavat s\u00e4ilytyslaatikot"},"content":{"rendered":"<p>Onko kaikki tavarasi hajallaan ymp\u00e4ri taloa? Sohvalla, s\u00e4ngyll\u00e4, p\u00f6yd\u00e4ll\u00e4, jopa lattialla&#8230; Sitten on aika siivota kotisi kaaoksesta n\u00e4iden 3 laatikon avulla. Matkamuistot, vaatteet, pehmolelut jne. \u2013 kaikelle on oma paikkansa. Kangaslaatikoiden parhaat ominaisuudet yhdell\u00e4 silm\u00e4yksell\u00e4: Kolmella sivulla oleva vetoketju avautuu sujuvasti ja mahdollistaa helpon p\u00e4\u00e4syn laatikkoon s\u00e4ilytettyihin esineisiin. Harmaa s\u00e4vy ja pellavankaltainen tekstuuri tuovat kotiisi l\u00e4mpim\u00e4n tunnelman.80 g\/\u33a1:n kuitukangas ja 2 mm:n paksuinen pahvi antavat jokaiselle laatikolle muodonpit\u00e4v\u00e4n rakenteen. Kolmen kahvan (yksi edess\u00e4, kaksi sivuilla) ansiosta laatikot on helppo vet\u00e4\u00e4 hyllylt\u00e4 tai kuljettaa toiseen paikkaan. Laatikoita ei k\u00e4ytett\u00e4ess\u00e4 voi taittaa litteiksi ja s\u00e4ilytt\u00e4\u00e4 helposti.N\u00e4m\u00e4 40 x 30 x 25 cm:n kokoiset laatikot mahtuvat vaatekaappiin, kirjahyllyyn, kahvip\u00f6yd\u00e4n alle, lastenhuoneeseen, vaatekaapin p\u00e4\u00e4lle tai s\u00e4ngyn alle. SONGMICS:lt\u00e4 l\u00f6yd\u00e4t monia muita s\u00e4ilytyslaatikoita. L\u00f6yd\u00e4 siivoamisen taika, joka muuttaa arjesi.Tuotetiedot: V\u00e4ri: Harmaa, pellavankaltainen tekstuuri Materiaali: 2 mm paksu pahvi, 80 g\/\u33a1 kuitukangas Koko: 40 x 30 x 25 cm (P x L x K) Paino: 1,9 kg Maks. staattinen kantavuus per laatikko: 3 kg Toimitus sis\u00e4lt\u00e4\u00e4: 3 x taitettava laatikko SONGMICS-ohjeet:Pyyhi pinta p\u00e4ivitt\u00e4isess\u00e4 puhdistuksessa hieman kostealla liinalla ja anna tuotteen kuivua ilmassa; \u00c4L\u00c4 pese vedell\u00e4. Tuote saattaa tuoksua hieman avattaessa. Siin\u00e4 tapauksessa aseta se muutamaksi tunniksi hyvin tuuletettuun paikkaan.<\/p>\n","protected":false},"excerpt":{"rendered":"<p>SONGMICS s\u00e4ilytyslaatikot kannella, 3 kpl, taitettavat kangaskotelot kahvoilla, vaatteiden ja peilituotteiden s\u00e4ilytykseen, harmaa RYZB03G<\/p>\n","protected":false},"featured_media":46285,"comment_status":"open","ping_status":"closed","template":"","meta":[],"product_brand":[],"product_cat":[32],"product_tag":[],"class_list":{"0":"post-38497","1":"product","2":"type-product","3":"status-publish","4":"has-post-thumbnail","6":"product_cat-uncategorized-fi","8":"first","9":"instock","10":"shipping-taxable","11":"purchasable","12":"product-type-simple"},"_links":{"self":[{"href":"https:\/\/nordicmart.andreevmaster.com\/fi\/wp-json\/wp\/v2\/product\/38497","targetHints":{"allow":["GET"]}}],"collection":[{"href":"https:\/\/nordicmart.andreevmaster.com\/fi\/wp-json\/wp\/v2\/product"}],"about":[{"href":"https:\/\/nordicmart.andreevmaster.com\/fi\/wp-json\/wp\/v2\/types\/product"}],"replies":[{"embeddable":true,"href":"https:\/\/nordicmart.andreevmaster.com\/fi\/wp-json\/wp\/v2\/comments?post=38497"}],"wp:featuredmedia":[{"embeddable":true,"href":"https:\/\/nordicmart.andreevmaster.com\/fi\/wp-json\/wp\/v2\/media\/46285"}],"wp:attachment":[{"href":"https:\/\/nordicmart.andreevmaster.com\/fi\/wp-json\/wp\/v2\/media?parent=38497"}],"wp:term":[{"taxonomy":"product_brand","embeddable":true,"href":"https:\/\/nordicmart.andreevmaster.com\/fi\/wp-json\/wp\/v2\/product_brand?post=38497"},{"taxonomy":"product_cat","embeddable":true,"href":"https:\/\/nordicmart.andreevmaster.com\/fi\/wp-json\/wp\/v2\/product_cat?post=38497"},{"taxonomy":"product_tag","embeddable":true,"href":"https:\/\/nordicmart.andreevmaster.com\/fi\/wp-json\/wp\/v2\/product_tag?post=38497"}],"curies":[{"name":"wp","href":"https:\/\/api.w.org\/{rel}","templated":true}]}}