{"id":38495,"date":"2026-02-27T00:44:18","date_gmt":"2026-02-27T00:44:18","guid":{"rendered":"https:\/\/nordicmart.andreevmaster.com\/product\/songmics-taitettavat-laatikot-4-kpl\/"},"modified":"2026-02-27T09:59:46","modified_gmt":"2026-02-27T09:59:46","slug":"songmics-taitettavat-laatikot-4-kpl","status":"publish","type":"product","link":"https:\/\/nordicmart.andreevmaster.com\/fi\/tuote\/songmics-taitettavat-laatikot-4-kpl\/","title":{"rendered":"SONGMICS taitettavat laatikot, 4 kpl"},"content":{"rendered":"<p>L\u00f6yd\u00e4 hyv\u00e4 paikka alusvaatteillesi. T\u00e4m\u00e4n setin avulla voit muuttaa sekavan laatikon tai kaapin siistiksi tilaksi, jossa rintaliivit, alushousut, sukat jne. ovat k\u00e4tev\u00e4sti saatavilla; n\u00e4in tavarasi pysyv\u00e4t aina siistin\u00e4. Erinomainen s\u00e4ilytyskyky: T\u00e4m\u00e4 setti koostuu 4 kangaskotelosta. Jokainen laatikko on jaettu useisiin lokeroihin, jotta voit s\u00e4ilytt\u00e4\u00e4 erilaisia tavaroita, kuten alusvaatteita, huiveja, solmioita jne. erikseen. Voit k\u00e4ytt\u00e4\u00e4 sarjaa juuri niin kuin haluat! Se sopii hyvin my\u00f6s vauvan tavaroiden s\u00e4ilytykseen. Kierr\u00e4 vauvojen vaatteet rullalle ja lajittele ne luokittain eri laatikoihin. Jos matkustat paljon, sarja auttaa sinua pysym\u00e4\u00e4n j\u00e4rjestyksess\u00e4 hotellissa tai matkan aikana. Lis\u00e4ksi taitetut laatikot viev\u00e4t vain v\u00e4h\u00e4n tilaa matkalaukussasi. T\u00e4m\u00e4n setin avulla voit my\u00f6s lajitella kaikki meikkisi. Tuotetiedot: V\u00e4ri: vaaleanharmaa Materiaali: 80 g\/m\u00b2 kuitukangas, PE-levyt, pahvi Koko: Laatikko 5 lokerolla rintaliiveille: 32 x 32 x 10 cm (P x L x K) Laatikko, jossa 6 lokeroa huiveille\/alusvaatteille: 32 x 16 x 10 cm (P x L x K) Laatikko, jossa 8 lokeroa solmioille: 32 x 16 x 10 cm (P x L x K)Laatikko, jossa 24 lokeroa sukkia tai muita asusteita varten: 32 x 32 x 10 cm (P x L x K)Paino: 660 gToimitus sis\u00e4lt\u00e4\u00e4:1 x 4-osainen j\u00e4rjestelysetti (kussakin 5, 6, 8, 24 lokeroa)2 x ulosvedett\u00e4v\u00e4t PE-levyt<\/p>\n","protected":false},"excerpt":{"rendered":"<p>SONGMICS alusvaatteiden s\u00e4ilytyslaatikko, laatikoiden j\u00e4rjestelij\u00e4, taitettava, vaatekaapin j\u00e4rjestelij\u00e4j\u00e4rjestelm\u00e4, rintaliiveille, alusvaatteille, sukkille, solmioille, taitettava laatikko, kangaslaatikko, 4 kpl:n sarja, tummanharmaa RYUS04G<\/p>\n","protected":false},"featured_media":46283,"comment_status":"open","ping_status":"closed","template":"","meta":[],"product_brand":[],"product_cat":[32],"product_tag":[],"class_list":{"0":"post-38495","1":"product","2":"type-product","3":"status-publish","4":"has-post-thumbnail","6":"product_cat-uncategorized-fi","8":"first","9":"instock","10":"shipping-taxable","11":"purchasable","12":"product-type-simple"},"_links":{"self":[{"href":"https:\/\/nordicmart.andreevmaster.com\/fi\/wp-json\/wp\/v2\/product\/38495","targetHints":{"allow":["GET"]}}],"collection":[{"href":"https:\/\/nordicmart.andreevmaster.com\/fi\/wp-json\/wp\/v2\/product"}],"about":[{"href":"https:\/\/nordicmart.andreevmaster.com\/fi\/wp-json\/wp\/v2\/types\/product"}],"replies":[{"embeddable":true,"href":"https:\/\/nordicmart.andreevmaster.com\/fi\/wp-json\/wp\/v2\/comments?post=38495"}],"wp:featuredmedia":[{"embeddable":true,"href":"https:\/\/nordicmart.andreevmaster.com\/fi\/wp-json\/wp\/v2\/media\/46283"}],"wp:attachment":[{"href":"https:\/\/nordicmart.andreevmaster.com\/fi\/wp-json\/wp\/v2\/media?parent=38495"}],"wp:term":[{"taxonomy":"product_brand","embeddable":true,"href":"https:\/\/nordicmart.andreevmaster.com\/fi\/wp-json\/wp\/v2\/product_brand?post=38495"},{"taxonomy":"product_cat","embeddable":true,"href":"https:\/\/nordicmart.andreevmaster.com\/fi\/wp-json\/wp\/v2\/product_cat?post=38495"},{"taxonomy":"product_tag","embeddable":true,"href":"https:\/\/nordicmart.andreevmaster.com\/fi\/wp-json\/wp\/v2\/product_tag?post=38495"}],"curies":[{"name":"wp","href":"https:\/\/api.w.org\/{rel}","templated":true}]}}