{"id":38493,"date":"2026-02-27T00:44:17","date_gmt":"2026-02-27T00:44:17","guid":{"rendered":"https:\/\/nordicmart.andreevmaster.com\/product\/songmics-2-kpl-kangaskoteloita-kannella\/"},"modified":"2026-02-27T09:59:46","modified_gmt":"2026-02-27T09:59:46","slug":"songmics-2-kpl-kangaskoteloita-kannella","status":"publish","type":"product","link":"https:\/\/nordicmart.andreevmaster.com\/fi\/tuote\/songmics-2-kpl-kangaskoteloita-kannella\/","title":{"rendered":"SONGMICS 2 kpl kangaskoteloita kannella"},"content":{"rendered":"<p>SONGMICS-s\u00e4ilytyslaatikot tarjoavat \u00e4lykk\u00e4it\u00e4 s\u00e4ilytysratkaisuja, joilla saat lis\u00e4\u00e4 s\u00e4ilytystilaa vaatekaappiisi, hyllyllesi jne. Metallirenkaan ja takana olevien tarranauhojen avulla useita s\u00e4ilytyslaatikoita voidaan pinota p\u00e4\u00e4llekk\u00e4in, eiv\u00e4tk\u00e4 ne muutu muodoltaan edes suuressa kuormituksessa. Magnetisella sulkimella varustettu avattava kansi helpottaa esineiden ottamista ulos ja laittamista laatikkoon. N\u00e4ihin laatikoihin voit helposti s\u00e4ilytt\u00e4\u00e4 p\u00e4ivitt\u00e4isess\u00e4 k\u00e4yt\u00f6ss\u00e4 olevia esineit\u00e4 ja tuoda j\u00e4rjestyst\u00e4 kaappiisi. Mit\u00e4 viel\u00e4 odotat? Et tule katumaan ostostasi. Tuotetiedot: &#8211; V\u00e4ri: harmaa-beige &#8211; Materiaali: keinokangas, 80 g\/m\u00b2 kuitukangas, rautakehys, 3 mm pahvi &#8211; Koko: 38 x 35 x 25 cm (P x L x K) &#8211; Paino per laatikko: 3 kg &#8211; Maks. staattinen kantavuus per laatikko: 10 kg Toimitus sis\u00e4lt\u00e4\u00e4:- 2 x s\u00e4ilytyslaatikko &#8211; 1 x ohjeet (DE, EN, FR, ES, IT) SONGMICS-huomautukset: &#8211; Tuotetta ei voi pest\u00e4, mutta lian voi pyyhki\u00e4 kostealla liinalla ja antaa laatikon kuivua ilmastoidussa paikassa.- Tuote saattaa tuoksua hieman avattaessa. Siin\u00e4 tapauksessa aseta se muutamaksi tunniksi hyvin tuuletettuun paikkaan.<\/p>\n","protected":false},"excerpt":{"rendered":"<p>SONGMICS s\u00e4ilytyslaatikko, 2 kpl, pinottava taitettava laatikko kangasp\u00e4\u00e4llysteell\u00e4, magneettisella kansi, metallirunko ja sivukahvat, tarvikkeille, leluille, vaatteille, tummanharmaa RYLB02G<\/p>\n","protected":false},"featured_media":46281,"comment_status":"open","ping_status":"closed","template":"","meta":[],"product_brand":[],"product_cat":[32],"product_tag":[],"class_list":{"0":"post-38493","1":"product","2":"type-product","3":"status-publish","4":"has-post-thumbnail","6":"product_cat-uncategorized-fi","8":"first","9":"instock","10":"shipping-taxable","11":"purchasable","12":"product-type-simple"},"_links":{"self":[{"href":"https:\/\/nordicmart.andreevmaster.com\/fi\/wp-json\/wp\/v2\/product\/38493","targetHints":{"allow":["GET"]}}],"collection":[{"href":"https:\/\/nordicmart.andreevmaster.com\/fi\/wp-json\/wp\/v2\/product"}],"about":[{"href":"https:\/\/nordicmart.andreevmaster.com\/fi\/wp-json\/wp\/v2\/types\/product"}],"replies":[{"embeddable":true,"href":"https:\/\/nordicmart.andreevmaster.com\/fi\/wp-json\/wp\/v2\/comments?post=38493"}],"wp:featuredmedia":[{"embeddable":true,"href":"https:\/\/nordicmart.andreevmaster.com\/fi\/wp-json\/wp\/v2\/media\/46281"}],"wp:attachment":[{"href":"https:\/\/nordicmart.andreevmaster.com\/fi\/wp-json\/wp\/v2\/media?parent=38493"}],"wp:term":[{"taxonomy":"product_brand","embeddable":true,"href":"https:\/\/nordicmart.andreevmaster.com\/fi\/wp-json\/wp\/v2\/product_brand?post=38493"},{"taxonomy":"product_cat","embeddable":true,"href":"https:\/\/nordicmart.andreevmaster.com\/fi\/wp-json\/wp\/v2\/product_cat?post=38493"},{"taxonomy":"product_tag","embeddable":true,"href":"https:\/\/nordicmart.andreevmaster.com\/fi\/wp-json\/wp\/v2\/product_tag?post=38493"}],"curies":[{"name":"wp","href":"https:\/\/api.w.org\/{rel}","templated":true}]}}