{"id":38491,"date":"2026-02-27T00:44:17","date_gmt":"2026-02-27T00:44:17","guid":{"rendered":"https:\/\/nordicmart.andreevmaster.com\/product\/songmics-vaatekaappi-1-vaatetanko-6-tasoa\/"},"modified":"2026-02-27T09:59:45","modified_gmt":"2026-02-27T09:59:45","slug":"songmics-vaatekaappi-1-vaatetanko-6-tasoa","status":"publish","type":"product","link":"https:\/\/nordicmart.andreevmaster.com\/fi\/tuote\/songmics-vaatekaappi-1-vaatetanko-6-tasoa\/","title":{"rendered":"SONGMICS vaatekaappi, 1 vaatetanko, 6 tasoa"},"content":{"rendered":"<p>Useiden hyllyjen ansiosta vasemmalla puolella oleva vaatekaappi on eritt\u00e4in vakaa. Vaatekaappi, jossa on vaatetanko ja hyllyt, mahdollistaa k\u00e4yt\u00e4nn\u00f6llisen jaon, mik\u00e4 tekee kaapista eritt\u00e4in toimivan. Esimerkiksi housut, T-paidat ja paidat voidaan ripustaa rypistym\u00e4tt\u00e4, ja taskut, saappaat, huivit ja vastaavat voidaan lajitella tehokkaasti. Todellinen &#8221;tilan s\u00e4\u00e4st\u00e4j\u00e4&#8221;, joka sopii kaikkialle, kuten olohuoneeseen, makuuhuoneeseen, kodinhoitohuoneeseen jne. Tuotetiedot: -V\u00e4ri: harmaa -Mitat: 88 x 170 x 45 cm (L x K x S) -Materiaali: Hyllyt 75 g\/m\u00b2 laminoitua kuitukangasta, p\u00e4\u00e4llinen 75 g\/m\u00b2 kuitukangasta, rautaputki (\u00d8 15 mm) &#8211; Pakkausmitat: 58 x 28 x 9 cm &#8211; Paino: 2,6 kg Toimitus sis\u00e4lt\u00e4\u00e4: 1 x vaatekaappi<\/p>\n","protected":false},"excerpt":{"rendered":"<p>Vaatekaappi, 1 vaatetanko, 6 tasoa, 88 x 45 x 168 cm, kuitukangas, metallirunko, musta<\/p>\n","protected":false},"featured_media":46279,"comment_status":"open","ping_status":"closed","template":"","meta":[],"product_brand":[],"product_cat":[32],"product_tag":[],"class_list":{"0":"post-38491","1":"product","2":"type-product","3":"status-publish","4":"has-post-thumbnail","6":"product_cat-uncategorized-fi","8":"first","9":"instock","10":"shipping-taxable","11":"purchasable","12":"product-type-simple"},"_links":{"self":[{"href":"https:\/\/nordicmart.andreevmaster.com\/fi\/wp-json\/wp\/v2\/product\/38491","targetHints":{"allow":["GET"]}}],"collection":[{"href":"https:\/\/nordicmart.andreevmaster.com\/fi\/wp-json\/wp\/v2\/product"}],"about":[{"href":"https:\/\/nordicmart.andreevmaster.com\/fi\/wp-json\/wp\/v2\/types\/product"}],"replies":[{"embeddable":true,"href":"https:\/\/nordicmart.andreevmaster.com\/fi\/wp-json\/wp\/v2\/comments?post=38491"}],"wp:featuredmedia":[{"embeddable":true,"href":"https:\/\/nordicmart.andreevmaster.com\/fi\/wp-json\/wp\/v2\/media\/46279"}],"wp:attachment":[{"href":"https:\/\/nordicmart.andreevmaster.com\/fi\/wp-json\/wp\/v2\/media?parent=38491"}],"wp:term":[{"taxonomy":"product_brand","embeddable":true,"href":"https:\/\/nordicmart.andreevmaster.com\/fi\/wp-json\/wp\/v2\/product_brand?post=38491"},{"taxonomy":"product_cat","embeddable":true,"href":"https:\/\/nordicmart.andreevmaster.com\/fi\/wp-json\/wp\/v2\/product_cat?post=38491"},{"taxonomy":"product_tag","embeddable":true,"href":"https:\/\/nordicmart.andreevmaster.com\/fi\/wp-json\/wp\/v2\/product_tag?post=38491"}],"curies":[{"name":"wp","href":"https:\/\/api.w.org\/{rel}","templated":true}]}}